{"id":32728,"date":"2022-10-02T12:10:52","date_gmt":"2022-10-02T10:10:52","guid":{"rendered":"http:\/\/dev.claret.cat\/producte\/las-matematicas-del-amor\/"},"modified":"2025-07-17T12:55:30","modified_gmt":"2025-07-17T10:55:30","slug":"las-matematicas-del-amor-9788492921355","status":"publish","type":"product","link":"https:\/\/www.claret.cat\/es\/libro\/las-matematicas-del-amor-9788492921355\/","title":{"rendered":"LAS MATEM\u00c1TICAS DEL AMOR"},"content":{"rendered":"<p>? Uno de los primeros dos libros de la serie de TED Books<\/p>\n<p> Sin duda el tema m\u00e1s tratado en los libros y el que m\u00e1s energ\u00eda, tiempo y atenci\u00f3n demanda es el AMOR. Pero pocas veces se ha analizado el amor desde el punto de vista de los patrones de comportamiento que produce.<br \/> Ah\u00ed entran las matem\u00e1ticas y la autora de este libro. Hannah Fry es una matem\u00e1tica especializada en la b\u00fasqueda de patrones de la conducta humana y en este fascinante libro nos lleva a buscar detectar los patrones de comportamiento que  utilizamos al seducir a los dem\u00e1s, al relacionarnos y al convivir.<br \/> As\u00ed podremos saber cu\u00e1les son las posibilidades de encontrar el amor de nuestra vida, c\u00f3mo funcionan los sitios de citas online, c\u00f3mo nos puede ayudar la teor\u00eda de juegos a decidir si llamar a determinada persona o no.<br \/> Es tambi\u00e9n un ameno ejemplo acerca de c\u00f3mo las matem\u00e1ticas pueden ser divertidas y \u00fatiles para analizar todo tipo de temas.<\/p>\n","protected":false},"excerpt":{"rendered":"<p>FRY, HANNAH<\/p>\n","protected":false},"featured_media":76516,"template":"","meta":{"_acf_changed":false,"om_disable_all_campaigns":false,"rs_blank_template":"","rs_page_bg_color":"","slide_template_v7":"","inline_featured_image":false,"_monsterinsights_skip_tracking":false,"_monsterinsights_sitenote_active":false,"_monsterinsights_sitenote_note":"","_monsterinsights_sitenote_category":0},"product_brand":[],"product_cat":[90,540],"product_tag":[],"class_list":{"0":"post-32728","1":"product","2":"type-product","3":"status-publish","4":"has-post-thumbnail","6":"product_cat-altres","7":"product_cat-otros","9":"first","10":"instock","11":"taxable","12":"shipping-taxable","13":"purchasable","14":"product-type-simple"},"acf":{"autor":"FRY, HANNAH","codart":"849292135","libros-coleccion":"","ediciones":"1","encuadernacion":"Carpeta","fecha_de_publicacion":"01\/11\/2015","novedad":"0","paginas":"0","subtitulo":"PATRONES, PRUEBAS Y LA B\u00daSQUEDA DE LA ECUACI\u00d3N DEFINITIVA","orden":"999","portada":"0","idioma":"spa","editorial":[{"ID":148088,"post_author":"3","post_date":"2022-10-14 11:55:32","post_date_gmt":"2022-10-14 09:55:32","post_content":"","post_title":"EMPRESA ACTIVA","post_excerpt":"","post_status":"publish","comment_status":"closed","ping_status":"closed","post_password":"","post_name":"empresa-activa","to_ping":"","pinged":"","post_modified":"2022-10-14 11:55:32","post_modified_gmt":"2022-10-14 09:55:32","post_content_filtered":"","post_parent":0,"guid":"http:\/\/dev.claret.cat\/editorial\/empresa-activa\/","menu_order":0,"post_type":"editorial","post_mime_type":"","comment_count":"0","filter":"raw"}],"autores-libros":[{"ID":157340,"post_author":"3","post_date":"2022-10-14 15:28:03","post_date_gmt":"2022-10-14 13:28:03","post_content":"","post_title":"HANNAH FRY","post_excerpt":"","post_status":"publish","comment_status":"closed","ping_status":"closed","post_password":"","post_name":"hannah-fry","to_ping":"","pinged":"","post_modified":"2022-10-14 15:28:03","post_modified_gmt":"2022-10-14 13:28:03","post_content_filtered":"","post_parent":0,"guid":"http:\/\/dev.claret.cat\/autor\/hannah-fry\/","menu_order":0,"post_type":"autor","post_mime_type":"","comment_count":"0","filter":"raw"}],"booktrailer":"","resenas":""},"aioseo_notices":[],"_links":{"self":[{"href":"https:\/\/www.claret.cat\/es\/wp-json\/wp\/v2\/product\/32728","targetHints":{"allow":["GET"]}}],"collection":[{"href":"https:\/\/www.claret.cat\/es\/wp-json\/wp\/v2\/product"}],"about":[{"href":"https:\/\/www.claret.cat\/es\/wp-json\/wp\/v2\/types\/product"}],"wp:featuredmedia":[{"embeddable":true,"href":"https:\/\/www.claret.cat\/es\/wp-json\/wp\/v2\/media\/76516"}],"wp:attachment":[{"href":"https:\/\/www.claret.cat\/es\/wp-json\/wp\/v2\/media?parent=32728"}],"wp:term":[{"taxonomy":"product_brand","embeddable":true,"href":"https:\/\/www.claret.cat\/es\/wp-json\/wp\/v2\/product_brand?post=32728"},{"taxonomy":"product_cat","embeddable":true,"href":"https:\/\/www.claret.cat\/es\/wp-json\/wp\/v2\/product_cat?post=32728"},{"taxonomy":"product_tag","embeddable":true,"href":"https:\/\/www.claret.cat\/es\/wp-json\/wp\/v2\/product_tag?post=32728"}],"curies":[{"name":"wp","href":"https:\/\/api.w.org\/{rel}","templated":true}]}}