{"id":327501,"date":"2023-01-05T19:30:51","date_gmt":"2023-01-05T18:30:51","guid":{"rendered":"https:\/\/www.claret.cat\/llibre\/el-pa-de-la-paraula-3-a-9788482977713\/"},"modified":"2026-01-29T11:45:51","modified_gmt":"2026-01-29T10:45:51","slug":"el-pa-de-la-paraula-3-a-9788482977713","status":"publish","type":"product","link":"https:\/\/www.claret.cat\/es\/libro\/el-pa-de-la-paraula-3-a-9788482977713\/","title":{"rendered":"EL PA DE LA PARAULA. 3 &#8211; A"},"content":{"rendered":"<p>Un nou volum d&#8217;homilies de moss\u00e8n Llu\u00eds Armengol, el primer que dedica als diumenges i festius.<br \/>Voldria l&#8217;autor que aquest libre fos un ajut per viure m\u00e9s plenament el Diumenge, el &#8216;Dia del Senyor&#8217;, la gran festa joiosa que ens recorda el gran triomf de Crist sobre el mal i la mort.<br \/>Despr\u00e9s de la bona acollida que han tingut els dos volums de El Pa de la Paraula (dies feiners), ara surt el tercer volum que complementa els anteriors. B\u00e0sicament s\u00f3n les homilies dels diumenges i festius del cicle A, predicades \u2013revisades i posades al dia\u2013 a la parr\u00f2quia de sant Mart\u00ed del Clot.  <br \/>M\u2019agradaria que aquest llibre fos un ajut per a viure m\u00e9s plenament el Diumenge, el \u201cDia del Senyor\u201d, la gran festa joiosa que ens recorda el gran triomf de Crist sobre el mal i la mort.<br \/>El diumenge ha de ser el dia de renovaci\u00f3 de la nostra esperan\u00e7a, el dia de la nostra resurrecci\u00f3. Durant la setmana tal vegada hem patit \u201cmorts\u201d en forma de fracassos, decepcions, egoismes, infidelitats que han generat en nosaltres tristeses, ressentiments, des\u00e0nims&#8230; El diumenge \u00e9s el dia de \u201cfer neteja\u201d, de \u201ccremar-ho\u201d tot en l\u2019amor de Crist Ressuscitat. Avui hem de deixar enrere tot aix\u00f2 que ens esclavitza, que ens treu la pau i la joia de viure i tornar a respirar a ple pulm\u00f3.  El diumenge ens permet de posar el cron\u00f2metre de la nostra vida a zero i comen\u00e7ar de nou, \u201ctornar a n\u00e9ixer\u201d.<\/p>\n","protected":false},"excerpt":{"rendered":"<p>ARMENGOL I BERNILS<\/p>\n","protected":false},"featured_media":383499,"template":"","meta":{"_acf_changed":false,"om_disable_all_campaigns":false,"rs_blank_template":"","rs_page_bg_color":"","slide_template_v7":"","inline_featured_image":false,"_monsterinsights_skip_tracking":false,"_monsterinsights_sitenote_active":false,"_monsterinsights_sitenote_note":"","_monsterinsights_sitenote_category":0},"product_brand":[],"product_cat":[399,253,581,256,501,394,236],"product_tag":[],"class_list":{"0":"post-327501","1":"product","2":"type-product","3":"status-publish","4":"has-post-thumbnail","6":"product_cat-any-liturgic-liturgia-1_espiritualidad","7":"product_cat-any-liturgic","8":"product_cat-editorial-claret","9":"product_cat-homiletica","10":"product_cat-homiletica-liturgia-1_espiritualidad","11":"product_cat-vida-cotidiana","12":"product_cat-vida-quotidiana","14":"first","15":"instock","16":"taxable","17":"shipping-taxable","18":"purchasable","19":"product-type-simple"},"acf":{"editorial":[{"ID":6158,"post_author":"3","post_date":"2022-07-28 17:46:08","post_date_gmt":"2022-07-28 15:46:08","post_content":"","post_title":"CLARET","post_excerpt":"","post_status":"publish","comment_status":"closed","ping_status":"closed","post_password":"","post_name":"claret","to_ping":"","pinged":"","post_modified":"2022-07-28 17:46:08","post_modified_gmt":"2022-07-28 15:46:08","post_content_filtered":"","post_parent":0,"guid":"http:\/\/dev.claret.cat\/editorial\/claret\/","menu_order":0,"post_type":"editorial","post_mime_type":"","comment_count":"0","filter":"raw"}],"autores-libros":[{"ID":162328,"post_author":"3","post_date":"2022-10-14 17:30:09","post_date_gmt":"2022-10-14 15:30:09","post_content":"","post_title":"LLU\u00cdS ARMENGOL I BERNILS","post_excerpt":"","post_status":"publish","comment_status":"closed","ping_status":"closed","post_password":"","post_name":"lluis-armengol-i-bernils","to_ping":"","pinged":"","post_modified":"2022-10-14 17:30:09","post_modified_gmt":"2022-10-14 15:30:09","post_content_filtered":"","post_parent":0,"guid":"http:\/\/dev.claret.cat\/autor\/lluis-armengol-i-bernils\/","menu_order":0,"post_type":"autor","post_mime_type":"","comment_count":"0","filter":"raw"}],"autor":"ARMENGOL I BERNILS","codart":"848297771","libros-coleccion":"EINES","ediciones":"1","encuadernacion":"R\u00fastica","fecha_de_publicacion":"31\/12\/2004","novedad":"0","paginas":"141","subtitulo":"DIUMENGES I FESTIUS CICLE A","orden":"999","portada":"0","idioma":"cat","booktrailer":"","resenas":""},"aioseo_notices":[],"_links":{"self":[{"href":"https:\/\/www.claret.cat\/es\/wp-json\/wp\/v2\/product\/327501","targetHints":{"allow":["GET"]}}],"collection":[{"href":"https:\/\/www.claret.cat\/es\/wp-json\/wp\/v2\/product"}],"about":[{"href":"https:\/\/www.claret.cat\/es\/wp-json\/wp\/v2\/types\/product"}],"wp:featuredmedia":[{"embeddable":true,"href":"https:\/\/www.claret.cat\/es\/wp-json\/wp\/v2\/media\/383499"}],"wp:attachment":[{"href":"https:\/\/www.claret.cat\/es\/wp-json\/wp\/v2\/media?parent=327501"}],"wp:term":[{"taxonomy":"product_brand","embeddable":true,"href":"https:\/\/www.claret.cat\/es\/wp-json\/wp\/v2\/product_brand?post=327501"},{"taxonomy":"product_cat","embeddable":true,"href":"https:\/\/www.claret.cat\/es\/wp-json\/wp\/v2\/product_cat?post=327501"},{"taxonomy":"product_tag","embeddable":true,"href":"https:\/\/www.claret.cat\/es\/wp-json\/wp\/v2\/product_tag?post=327501"}],"curies":[{"name":"wp","href":"https:\/\/api.w.org\/{rel}","templated":true}]}}