{"id":32758,"date":"2022-10-02T12:11:13","date_gmt":"2022-10-02T10:11:13","guid":{"rendered":"http:\/\/dev.claret.cat\/producte\/equipos-ideales\/"},"modified":"2025-07-17T12:55:18","modified_gmt":"2025-07-17T10:55:18","slug":"equipos-ideales-9788492921607","status":"publish","type":"product","link":"https:\/\/www.claret.cat\/es\/libro\/equipos-ideales-9788492921607\/","title":{"rendered":"EQUIPOS IDEALES"},"content":{"rendered":"<p> Best seller del New York Times y Wall Street Journal.<br \/>  Autor de Las cinco disfunciones de un equipo, un libro con millones de ejemplares vendidos en distintos idiomas.<\/p>\n<p> En esta nueva historia, Patrick Lencioni nos explica la importancia de conocer cuales son las tres virtudes esenciales que tiene que tener toda persona para poder trabajar en equipo. Lo hace a trav\u00e9s de la historia de Jeff Shanley, un ejecutivo que tiene que salvar una empresa llena de problemas internos, aunque con gente capacitada. En su b\u00fasqueda por rescatar el esp\u00edritu de equipo y renovar la cultura de la empresa tiene que evaluar a la gente con la que cuenta y a la gente que necesita contratar.<br \/> En su camino, Jeff contar\u00e1 con un par de aliados, y entre todos conseguir\u00e1n descifrar cu\u00e1les son las tres virtudes esenciales que tiene que tener toda persona para funcionar bien en un equipo. Si falta cualquier de las tres virtudes es mejor deshacerse de esa persona, porque a la larga traer\u00e1 m\u00e1s problemas que soluciones.<br \/> Imprescindible para cualquiera que tenga que contratar personas o reorganizar equipos de trabajo.<\/p>\n","protected":false},"excerpt":{"rendered":"<p>LENCIONI, PATRICK<\/p>\n","protected":false},"featured_media":73534,"template":"","meta":{"_acf_changed":false,"om_disable_all_campaigns":false,"rs_blank_template":"","rs_page_bg_color":"","slide_template_v7":"","inline_featured_image":false,"_monsterinsights_skip_tracking":false,"_monsterinsights_sitenote_active":false,"_monsterinsights_sitenote_note":"","_monsterinsights_sitenote_category":0},"product_brand":[],"product_cat":[84,350],"product_tag":[],"class_list":{"0":"post-32758","1":"product","2":"type-product","3":"status-publish","4":"has-post-thumbnail","6":"product_cat-sociologia","7":"product_cat-sociologia-2_humanidades","9":"first","10":"instock","11":"taxable","12":"shipping-taxable","13":"purchasable","14":"product-type-simple"},"acf":{"autor":"LENCIONI, PATRICK","codart":"849292160","libros-coleccion":"SUSHI BOOKS","ediciones":"1","encuadernacion":"Carpeta","fecha_de_publicacion":"01\/01\/2017","novedad":"1","paginas":"249","subtitulo":"C\u00d3MO RECONOCER Y CULTIVAR LAS TRES VIRTUDES ESENCIALES","orden":"0","portada":"0","idioma":"spa","editorial":[{"ID":148088,"post_author":"3","post_date":"2022-10-14 11:55:32","post_date_gmt":"2022-10-14 09:55:32","post_content":"","post_title":"EMPRESA ACTIVA","post_excerpt":"","post_status":"publish","comment_status":"closed","ping_status":"closed","post_password":"","post_name":"empresa-activa","to_ping":"","pinged":"","post_modified":"2022-10-14 11:55:32","post_modified_gmt":"2022-10-14 09:55:32","post_content_filtered":"","post_parent":0,"guid":"http:\/\/dev.claret.cat\/editorial\/empresa-activa\/","menu_order":0,"post_type":"editorial","post_mime_type":"","comment_count":"0","filter":"raw"}],"autores-libros":[{"ID":166657,"post_author":"3","post_date":"2022-10-14 18:05:00","post_date_gmt":"2022-10-14 16:05:00","post_content":"","post_title":"PATRICK LENCIONI","post_excerpt":"","post_status":"publish","comment_status":"closed","ping_status":"closed","post_password":"","post_name":"patrick-lencioni","to_ping":"","pinged":"","post_modified":"2022-10-14 18:05:00","post_modified_gmt":"2022-10-14 16:05:00","post_content_filtered":"","post_parent":0,"guid":"http:\/\/dev.claret.cat\/autor\/patrick-lencioni\/","menu_order":0,"post_type":"autor","post_mime_type":"","comment_count":"0","filter":"raw"}],"booktrailer":"","resenas":""},"aioseo_notices":[],"_links":{"self":[{"href":"https:\/\/www.claret.cat\/es\/wp-json\/wp\/v2\/product\/32758","targetHints":{"allow":["GET"]}}],"collection":[{"href":"https:\/\/www.claret.cat\/es\/wp-json\/wp\/v2\/product"}],"about":[{"href":"https:\/\/www.claret.cat\/es\/wp-json\/wp\/v2\/types\/product"}],"wp:featuredmedia":[{"embeddable":true,"href":"https:\/\/www.claret.cat\/es\/wp-json\/wp\/v2\/media\/73534"}],"wp:attachment":[{"href":"https:\/\/www.claret.cat\/es\/wp-json\/wp\/v2\/media?parent=32758"}],"wp:term":[{"taxonomy":"product_brand","embeddable":true,"href":"https:\/\/www.claret.cat\/es\/wp-json\/wp\/v2\/product_brand?post=32758"},{"taxonomy":"product_cat","embeddable":true,"href":"https:\/\/www.claret.cat\/es\/wp-json\/wp\/v2\/product_cat?post=32758"},{"taxonomy":"product_tag","embeddable":true,"href":"https:\/\/www.claret.cat\/es\/wp-json\/wp\/v2\/product_tag?post=32758"}],"curies":[{"name":"wp","href":"https:\/\/api.w.org\/{rel}","templated":true}]}}