{"id":32761,"date":"2022-10-02T12:11:15","date_gmt":"2022-10-02T10:11:15","guid":{"rendered":"http:\/\/dev.claret.cat\/producte\/tropa-sapiens\/"},"modified":"2025-07-17T12:52:40","modified_gmt":"2025-07-17T10:52:40","slug":"tropa-sapiens-9788492921621","status":"publish","type":"product","link":"https:\/\/www.claret.cat\/es\/libro\/tropa-sapiens-9788492921621\/","title":{"rendered":"TROPA SAPIENS"},"content":{"rendered":"<p> \u00daltimo libro de la trilog\u00eda de &#8216;Mamut o Sapiens&#8217;, y &#8216;La par\u00e1lisis que activa&#8217;<br \/>  Ideal para mantener equipos motivados y cambiando permanentemente.<\/p>\n<p> En &#8216;Mamut o Sapiens&#8217; Albert Riba nos mostr\u00f3 la necesidad de evolucionar y adaptarnos al cambio, y la importancia de tener las necesarias inquietudes para crecer y mejorar. En &#8216;La par\u00e1lisis que activa&#8217;, nos mostr\u00f3 la importancia de tomarse paradas programadas que nos permitan recuperar fuerzas, pensar hacia donde queremos ir, y actuar en consecuencia. En este tercer libro de la trilog\u00eda, Albert nos muestra c\u00f3mo poder seguir evolucionando personalmente dentro de un equipo, y c\u00f3mo una tropa de sapiens es capaz de sacar adelante cualquier organizaci\u00f3n.<br \/> Un texto \u00fatil para quienes tienen que gestionar personas y liderar equipos en los cuales sus integrantes puedan desarrollar todo su potencial.<\/p>\n","protected":false},"excerpt":{"rendered":"<p>RIBA, ALBERT<\/p>\n","protected":false},"featured_media":73566,"template":"","meta":{"_acf_changed":false,"om_disable_all_campaigns":false,"rs_blank_template":"","rs_page_bg_color":"","slide_template_v7":"","inline_featured_image":false,"_monsterinsights_skip_tracking":false,"_monsterinsights_sitenote_active":false,"_monsterinsights_sitenote_note":"","_monsterinsights_sitenote_category":0},"product_brand":[],"product_cat":[84,350],"product_tag":[],"class_list":{"0":"post-32761","1":"product","2":"type-product","3":"status-publish","4":"has-post-thumbnail","6":"product_cat-sociologia","7":"product_cat-sociologia-2_humanidades","9":"first","10":"instock","11":"taxable","12":"shipping-taxable","13":"purchasable","14":"product-type-simple"},"acf":{"autor":"RIBA, ALBERT","codart":"849292162","libros-coleccion":"SUSHI BOOKS","ediciones":"1","encuadernacion":"R\u00fastica","fecha_de_publicacion":"01\/01\/2017","novedad":"1","paginas":"185","subtitulo":"C\u00d3MO MANTENER EQUIPOS MOTIVADOS Y EN EVOLUCI\u00d3N","orden":"0","portada":"0","idioma":"spa","editorial":[{"ID":148088,"post_author":"3","post_date":"2022-10-14 11:55:32","post_date_gmt":"2022-10-14 09:55:32","post_content":"","post_title":"EMPRESA ACTIVA","post_excerpt":"","post_status":"publish","comment_status":"closed","ping_status":"closed","post_password":"","post_name":"empresa-activa","to_ping":"","pinged":"","post_modified":"2022-10-14 11:55:32","post_modified_gmt":"2022-10-14 09:55:32","post_content_filtered":"","post_parent":0,"guid":"http:\/\/dev.claret.cat\/editorial\/empresa-activa\/","menu_order":0,"post_type":"editorial","post_mime_type":"","comment_count":"0","filter":"raw"}],"autores-libros":[{"ID":149445,"post_author":"3","post_date":"2022-10-14 14:24:55","post_date_gmt":"2022-10-14 12:24:55","post_content":"","post_title":"ALBERT RIBA","post_excerpt":"","post_status":"publish","comment_status":"closed","ping_status":"closed","post_password":"","post_name":"albert-riba","to_ping":"","pinged":"","post_modified":"2022-10-14 14:24:55","post_modified_gmt":"2022-10-14 12:24:55","post_content_filtered":"","post_parent":0,"guid":"http:\/\/dev.claret.cat\/autor\/albert-riba\/","menu_order":0,"post_type":"autor","post_mime_type":"","comment_count":"0","filter":"raw"}],"booktrailer":"","resenas":""},"aioseo_notices":[],"_links":{"self":[{"href":"https:\/\/www.claret.cat\/es\/wp-json\/wp\/v2\/product\/32761","targetHints":{"allow":["GET"]}}],"collection":[{"href":"https:\/\/www.claret.cat\/es\/wp-json\/wp\/v2\/product"}],"about":[{"href":"https:\/\/www.claret.cat\/es\/wp-json\/wp\/v2\/types\/product"}],"wp:featuredmedia":[{"embeddable":true,"href":"https:\/\/www.claret.cat\/es\/wp-json\/wp\/v2\/media\/73566"}],"wp:attachment":[{"href":"https:\/\/www.claret.cat\/es\/wp-json\/wp\/v2\/media?parent=32761"}],"wp:term":[{"taxonomy":"product_brand","embeddable":true,"href":"https:\/\/www.claret.cat\/es\/wp-json\/wp\/v2\/product_brand?post=32761"},{"taxonomy":"product_cat","embeddable":true,"href":"https:\/\/www.claret.cat\/es\/wp-json\/wp\/v2\/product_cat?post=32761"},{"taxonomy":"product_tag","embeddable":true,"href":"https:\/\/www.claret.cat\/es\/wp-json\/wp\/v2\/product_tag?post=32761"}],"curies":[{"name":"wp","href":"https:\/\/api.w.org\/{rel}","templated":true}]}}