{"id":32788,"date":"2022-10-02T12:11:34","date_gmt":"2022-10-02T10:11:34","guid":{"rendered":"http:\/\/dev.claret.cat\/producte\/las-leyes-de-la-medicina\/"},"modified":"2025-07-17T12:51:34","modified_gmt":"2025-07-17T10:51:34","slug":"las-leyes-de-la-medicina-9788492921775","status":"publish","type":"product","link":"https:\/\/www.claret.cat\/es\/libro\/las-leyes-de-la-medicina-9788492921775\/","title":{"rendered":"LAS LEYES DE LA MEDICINA"},"content":{"rendered":"<p>Un libro esencial para m\u00e9dicos y enfermeras, y de gran utilidad para sus pacientes. Un libro de la serie TED Books que busca reflexionar sobre la naturaleza de la medicina como ciencia  y sobre los principios que deben regir las relaciones entre profesionales y pacientes.<br \/> El autor destaca tres principios que gobiernan la pr\u00e1ctica de la medicina y que deben ser conocidos por todos para mejorar la atenci\u00f3n de los pacientes y para conseguir que todos vivamos m\u00e1s sanos.<\/p>\n","protected":false},"excerpt":{"rendered":"<p>MUKHERJEE, SIDDHARTHA<\/p>\n","protected":false},"featured_media":71946,"template":"","meta":{"_acf_changed":false,"om_disable_all_campaigns":false,"rs_blank_template":"","rs_page_bg_color":"","slide_template_v7":"","inline_featured_image":false,"_monsterinsights_skip_tracking":false,"_monsterinsights_sitenote_active":false,"_monsterinsights_sitenote_note":"","_monsterinsights_sitenote_category":0},"product_brand":[],"product_cat":[547,97],"product_tag":[],"class_list":{"0":"post-32788","1":"product","2":"type-product","3":"status-publish","4":"has-post-thumbnail","6":"product_cat-salud","7":"product_cat-salut","9":"first","10":"instock","11":"taxable","12":"shipping-taxable","13":"purchasable","14":"product-type-simple"},"acf":{"autor":"MUKHERJEE, SIDDHARTHA","codart":"849292177","libros-coleccion":"TED Books","ediciones":"1","encuadernacion":"Carton\u00e9","fecha_de_publicacion":"01\/10\/2017","novedad":"1","paginas":"78","subtitulo":"APUNTES SOBRE UNA CIENCIA INCIERTA","orden":"0","portada":"0","idioma":"spa","editorial":[{"ID":148088,"post_author":"3","post_date":"2022-10-14 11:55:32","post_date_gmt":"2022-10-14 09:55:32","post_content":"","post_title":"EMPRESA ACTIVA","post_excerpt":"","post_status":"publish","comment_status":"closed","ping_status":"closed","post_password":"","post_name":"empresa-activa","to_ping":"","pinged":"","post_modified":"2022-10-14 11:55:32","post_modified_gmt":"2022-10-14 09:55:32","post_content_filtered":"","post_parent":0,"guid":"http:\/\/dev.claret.cat\/editorial\/empresa-activa\/","menu_order":0,"post_type":"editorial","post_mime_type":"","comment_count":"0","filter":"raw"}],"autores-libros":[{"ID":169450,"post_author":"3","post_date":"2022-10-14 22:27:20","post_date_gmt":"2022-10-14 20:27:20","post_content":"","post_title":"SIDDHARTHA MUKHERJEE","post_excerpt":"","post_status":"publish","comment_status":"closed","ping_status":"closed","post_password":"","post_name":"siddhartha-mukherjee","to_ping":"","pinged":"","post_modified":"2022-10-14 22:27:20","post_modified_gmt":"2022-10-14 20:27:20","post_content_filtered":"","post_parent":0,"guid":"http:\/\/dev.claret.cat\/autor\/siddhartha-mukherjee\/","menu_order":0,"post_type":"autor","post_mime_type":"","comment_count":"0","filter":"raw"}],"booktrailer":"","resenas":""},"aioseo_notices":[],"_links":{"self":[{"href":"https:\/\/www.claret.cat\/es\/wp-json\/wp\/v2\/product\/32788","targetHints":{"allow":["GET"]}}],"collection":[{"href":"https:\/\/www.claret.cat\/es\/wp-json\/wp\/v2\/product"}],"about":[{"href":"https:\/\/www.claret.cat\/es\/wp-json\/wp\/v2\/types\/product"}],"wp:featuredmedia":[{"embeddable":true,"href":"https:\/\/www.claret.cat\/es\/wp-json\/wp\/v2\/media\/71946"}],"wp:attachment":[{"href":"https:\/\/www.claret.cat\/es\/wp-json\/wp\/v2\/media?parent=32788"}],"wp:term":[{"taxonomy":"product_brand","embeddable":true,"href":"https:\/\/www.claret.cat\/es\/wp-json\/wp\/v2\/product_brand?post=32788"},{"taxonomy":"product_cat","embeddable":true,"href":"https:\/\/www.claret.cat\/es\/wp-json\/wp\/v2\/product_cat?post=32788"},{"taxonomy":"product_tag","embeddable":true,"href":"https:\/\/www.claret.cat\/es\/wp-json\/wp\/v2\/product_tag?post=32788"}],"curies":[{"name":"wp","href":"https:\/\/api.w.org\/{rel}","templated":true}]}}