{"id":327987,"date":"2023-01-09T17:10:21","date_gmt":"2023-01-09T16:10:21","guid":{"rendered":"https:\/\/www.claret.cat\/llibre\/vida-contemplativa-9788430625628\/"},"modified":"2026-04-07T12:37:00","modified_gmt":"2026-04-07T10:37:00","slug":"vida-contemplativa-9788430625628","status":"publish","type":"product","link":"https:\/\/www.claret.cat\/es\/libro\/vida-contemplativa-9788430625628\/","title":{"rendered":"VIDA CONTEMPLATIVA"},"content":{"rendered":"<p>Un poderoso llamamiento a abandonar la vida hiperactiva  para recuperar el  sentido de nuestras vidas, el equilibrio y la riqueza interior. Estamos perdiendo nuestra capacidad de no hacer nada. Nuestra existencia  est\u00e1 completamente absorbida por la actividad y, por lo tanto,  completamente explotada. Dado que solo percibimos la vida en t\u00e9rminos de  rendimiento, tendemos a entender la inactividad como un d\u00e9ficit, una  negaci\u00f3n o una mera ausencia de actividad cuando se trata, muy al contrario, de una interesante capacidad independiente. Byung-Chul Han indaga en los beneficios, el esplendor y la magia de la  ociosidad y dise\u00f1a una nueva forma de vida, que incluya momentos  contemplativos, con la que afrontar la crisis actual de nuestra sociedad  y frenar nuestra propia explotaci\u00f3n y la destrucci\u00f3n de la naturaleza.<\/p>\n","protected":false},"excerpt":{"rendered":"<p>HAN, BYUNG-CHUL<\/p>\n","protected":false},"featured_media":379892,"template":"","meta":{"_acf_changed":false,"om_disable_all_campaigns":false,"rs_blank_template":"","rs_page_bg_color":"","slide_template_v7":"","inline_featured_image":false,"_monsterinsights_skip_tracking":false,"_monsterinsights_sitenote_active":false,"_monsterinsights_sitenote_note":"","_monsterinsights_sitenote_category":0},"product_brand":[],"product_cat":[373,166,89,308],"product_tag":[],"class_list":{"0":"post-327987","1":"product","2":"type-product","3":"status-publish","4":"has-post-thumbnail","6":"product_cat-autores","7":"product_cat-autors-filosofia","8":"product_cat-els-mes-venuts","9":"product_cat-castella","11":"first","12":"instock","13":"taxable","14":"shipping-taxable","15":"purchasable","16":"product-type-simple"},"acf":{"editorial":[{"ID":6372,"post_author":"3","post_date":"2022-07-28 17:50:47","post_date_gmt":"2022-07-28 15:50:47","post_content":"","post_title":"TAURUS","post_excerpt":"","post_status":"publish","comment_status":"closed","ping_status":"closed","post_password":"","post_name":"taurus","to_ping":"","pinged":"","post_modified":"2022-07-28 17:50:47","post_modified_gmt":"2022-07-28 15:50:47","post_content_filtered":"","post_parent":0,"guid":"http:\/\/dev.claret.cat\/editorial\/taurus\/","menu_order":0,"post_type":"editorial","post_mime_type":"","comment_count":"0","filter":"raw"}],"autores-libros":[{"ID":151974,"post_author":"3","post_date":"2022-10-14 14:45:07","post_date_gmt":"2022-10-14 12:45:07","post_content":"","post_title":"BYUNG-CHUL HAN","post_excerpt":"","post_status":"publish","comment_status":"closed","ping_status":"closed","post_password":"","post_name":"byung-chul-han-3","to_ping":"","pinged":"","post_modified":"2022-10-14 14:45:07","post_modified_gmt":"2022-10-14 12:45:07","post_content_filtered":"","post_parent":0,"guid":"http:\/\/dev.claret.cat\/autor\/byung-chul-han-3\/","menu_order":0,"post_type":"autor","post_mime_type":"","comment_count":"0","filter":"raw"}],"autor":"HAN, BYUNG-CHUL","codart":"843062562","libros-coleccion":"Ciencias Sociales","ediciones":"1","encuadernacion":"R\u00fastica","fecha_de_publicacion":"01\/01\/2023","novedad":"1","paginas":"142","subtitulo":"ELOGIO DE LA INACTIVIDAD","orden":"19","portada":"1","idioma":"spa","traductores-libros":"","ilustradores-libros":"","formato":"","linkebook":"","precioebook":"0","ebookportada":false,"ficha":"","muestra":"","presentacion":"","booktrailer":"","resenas":"","recomendamos":"","mas_vendido":""},"aioseo_notices":[],"_links":{"self":[{"href":"https:\/\/www.claret.cat\/es\/wp-json\/wp\/v2\/product\/327987","targetHints":{"allow":["GET"]}}],"collection":[{"href":"https:\/\/www.claret.cat\/es\/wp-json\/wp\/v2\/product"}],"about":[{"href":"https:\/\/www.claret.cat\/es\/wp-json\/wp\/v2\/types\/product"}],"wp:featuredmedia":[{"embeddable":true,"href":"https:\/\/www.claret.cat\/es\/wp-json\/wp\/v2\/media\/379892"}],"wp:attachment":[{"href":"https:\/\/www.claret.cat\/es\/wp-json\/wp\/v2\/media?parent=327987"}],"wp:term":[{"taxonomy":"product_brand","embeddable":true,"href":"https:\/\/www.claret.cat\/es\/wp-json\/wp\/v2\/product_brand?post=327987"},{"taxonomy":"product_cat","embeddable":true,"href":"https:\/\/www.claret.cat\/es\/wp-json\/wp\/v2\/product_cat?post=327987"},{"taxonomy":"product_tag","embeddable":true,"href":"https:\/\/www.claret.cat\/es\/wp-json\/wp\/v2\/product_tag?post=327987"}],"curies":[{"name":"wp","href":"https:\/\/api.w.org\/{rel}","templated":true}]}}