{"id":328012,"date":"2023-01-09T17:25:31","date_gmt":"2023-01-09T16:25:31","guid":{"rendered":"https:\/\/www.claret.cat\/llibre\/arena-negra-9788419521262\/"},"modified":"2023-10-06T06:37:33","modified_gmt":"2023-10-06T04:37:33","slug":"arena-negra-9788419521262","status":"publish","type":"product","link":"https:\/\/www.claret.cat\/es\/libro\/arena-negra-9788419521262\/","title":{"rendered":"ARENA NEGRA"},"content":{"rendered":"<p>Edici\u00f3n limitada a un precio especial de la mejor novela negra europea.<\/p>\n<p> La ceniza volc\u00e1nica del Etna cubre la ciudad de Catania y la subcomisaria de la Polic\u00eda Judicial, Giovanna Garrasi, conocida como Vanina, se enfrenta a un nuevo caso: descubrir qu\u00e9 esconde el cad\u00e1ver de una mujer aparecido en una villa de Sciara. Las circunstancias no pueden ser m\u00e1s extraordinarias: la casa, de aire se\u00f1orial y pr\u00e1cticamente abandonada desde 1959, se encuentra en ruinas y el cuerpo est\u00e1 momificado. Identificar el cad\u00e1ver y determinar la causa de la muerte ser\u00e1 como atravesar el t\u00fanel del tiempo. D\u00e9cadas atr\u00e1s, la villa ya fue el escenario de un famoso crimen. \u00bfEstar\u00e1n relacionadas ambas muertes?<\/p>\n<p> En su empe\u00f1o por aclarar el misterio, la subcomisaria encontrar\u00e1 un aliado inesperado: el comisario Biagio Patan\u00e8, quien, aburrido por la jubilaci\u00f3n, estar\u00e1 encantado de rebuscar en sus recuerdos para ayudarla. La tenaz subcomisaria sacar\u00e1 a la luz una sorprendente historia de avaricia y rencor que todos cre\u00edan enterrada, pero que se arrastrar\u00e1 hasta el presente dejando tras de s\u00ed un rastro de sangre.<\/p>\n","protected":false},"excerpt":{"rendered":"<p>CASSAR SCALIA, CRISTINNA<\/p>\n","protected":false},"featured_media":329010,"template":"","meta":{"_acf_changed":false,"om_disable_all_campaigns":false,"rs_blank_template":"","rs_page_bg_color":"","slide_template_v7":"","inline_featured_image":false,"_monsterinsights_skip_tracking":false,"_monsterinsights_sitenote_active":false,"_monsterinsights_sitenote_note":"","_monsterinsights_sitenote_category":0},"product_brand":[],"product_cat":[357],"product_tag":[],"class_list":{"0":"post-328012","1":"product","2":"type-product","3":"status-publish","4":"has-post-thumbnail","6":"product_cat-novela-contemporanea","8":"first","9":"instock","10":"taxable","11":"shipping-taxable","12":"purchasable","13":"product-type-simple"},"acf":{"editorial":[{"ID":6188,"post_author":"3","post_date":"2022-07-28 17:46:47","post_date_gmt":"2022-07-28 15:46:47","post_content":"","post_title":"Duomo ediciones","post_excerpt":"","post_status":"publish","comment_status":"closed","ping_status":"closed","post_password":"","post_name":"duomo-ediciones","to_ping":"","pinged":"","post_modified":"2022-07-28 17:46:47","post_modified_gmt":"2022-07-28 15:46:47","post_content_filtered":"","post_parent":0,"guid":"http:\/\/dev.claret.cat\/editorial\/duomo-ediciones\/","menu_order":0,"post_type":"editorial","post_mime_type":"","comment_count":"0","filter":"raw"}],"autor":"CASSAR SCALIA, CRISTINNA","codart":"841952126","libros-coleccion":"FORA DE COL.LECCI\u00d3","ediciones":"1","encuadernacion":"R\u00fastica","fecha_de_publicacion":"01\/01\/2023","novedad":"1","paginas":"430","subtitulo":"","orden":"0","portada":"0","idioma":"spa","autores-libros":[{"ID":414566,"post_author":"3","post_date":"2023-03-29 14:10:24","post_date_gmt":"2023-03-29 12:10:24","post_content":"","post_title":"CRISTINNA CASSAR SCALIA","post_excerpt":"","post_status":"publish","comment_status":"closed","ping_status":"closed","post_password":"","post_name":"cristinna-cassar-scalia","to_ping":"","pinged":"","post_modified":"2023-03-29 14:10:24","post_modified_gmt":"2023-03-29 12:10:24","post_content_filtered":"","post_parent":0,"guid":"https:\/\/www.claret.cat\/autor\/cristinna-cassar-scalia\/","menu_order":0,"post_type":"autor","post_mime_type":"","comment_count":"0","filter":"raw"}]},"aioseo_notices":[],"_links":{"self":[{"href":"https:\/\/www.claret.cat\/es\/wp-json\/wp\/v2\/product\/328012","targetHints":{"allow":["GET"]}}],"collection":[{"href":"https:\/\/www.claret.cat\/es\/wp-json\/wp\/v2\/product"}],"about":[{"href":"https:\/\/www.claret.cat\/es\/wp-json\/wp\/v2\/types\/product"}],"wp:featuredmedia":[{"embeddable":true,"href":"https:\/\/www.claret.cat\/es\/wp-json\/wp\/v2\/media\/329010"}],"wp:attachment":[{"href":"https:\/\/www.claret.cat\/es\/wp-json\/wp\/v2\/media?parent=328012"}],"wp:term":[{"taxonomy":"product_brand","embeddable":true,"href":"https:\/\/www.claret.cat\/es\/wp-json\/wp\/v2\/product_brand?post=328012"},{"taxonomy":"product_cat","embeddable":true,"href":"https:\/\/www.claret.cat\/es\/wp-json\/wp\/v2\/product_cat?post=328012"},{"taxonomy":"product_tag","embeddable":true,"href":"https:\/\/www.claret.cat\/es\/wp-json\/wp\/v2\/product_tag?post=328012"}],"curies":[{"name":"wp","href":"https:\/\/api.w.org\/{rel}","templated":true}]}}