{"id":328080,"date":"2023-01-09T18:00:28","date_gmt":"2023-01-09T17:00:28","guid":{"rendered":"https:\/\/www.claret.cat\/llibre\/sonar-con-unicornios-9788419048622\/"},"modified":"2023-10-06T06:31:28","modified_gmt":"2023-10-06T04:31:28","slug":"sonar-con-unicornios-9788419048622","status":"publish","type":"product","link":"https:\/\/www.claret.cat\/es\/libro\/sonar-con-unicornios-9788419048622\/","title":{"rendered":"SO\u00d1AR CON UNICORNIOS"},"content":{"rendered":"<p>Un relato conmovedor sobre el c\u00e1ncer infantil, con ilustraciones de Lisa Aisato, autora de La vida ilustrada. \u00abHe recibido dibujos de todos mis amigos y amigas de la escuela  infantil. Pero hace mucho tiempo que no los veo, as\u00ed que en realidad ya  no s\u00e9 si seguimos siendo amigos. Cuando me puse enferma, tuve que dejar  de ir a la escuela infantil. Y ya no me da tiempo a volver, pues en oto\u00f1o empezar\u00e9 el colegio. Si me dan permiso, claro\u00bb. Vilja tiene c\u00e1ncer. Y, aunque cuando est\u00e1s muy enfermo tu vida se desmorona, en el hospital pueden pasar cosas maravillosas. Las ilustraciones de la internacionalmente reconocida Lisa Aisato, autora de La vida ilustrada e ilustradora de La hermana de  nieve y La ni\u00f1a que salv\u00f3 a los libros son el compa\u00f1amiento  perfecto para el texto punzante y conmovedor de Mariangela Di Fiore. Un  retrato tan delicado como necesario sobre una realidad punzante, que ojal\u00e1 no existiera: el c\u00e1ncer infantil.<\/p>\n","protected":false},"excerpt":{"rendered":"<p>AISATO, LISA \/ DI FIORE, MARIANGELA<\/p>\n","protected":false},"featured_media":370285,"template":"","meta":{"_acf_changed":false,"om_disable_all_campaigns":false,"rs_blank_template":"","rs_page_bg_color":"","slide_template_v7":"","inline_featured_image":false,"_monsterinsights_skip_tracking":false,"_monsterinsights_sitenote_active":false,"_monsterinsights_sitenote_note":"","_monsterinsights_sitenote_category":0},"product_brand":[],"product_cat":[361,362],"product_tag":[],"class_list":{"0":"post-328080","1":"product","2":"type-product","3":"status-publish","4":"has-post-thumbnail","6":"product_cat-cuentos-para-ninos-0-6-anos","7":"product_cat-libros-preadolescentes-6-12-anos","9":"first","10":"instock","11":"taxable","12":"shipping-taxable","13":"purchasable","14":"product-type-simple"},"acf":{"editorial":[{"ID":294535,"post_author":"3","post_date":"2022-12-12 12:50:10","post_date_gmt":"2022-12-12 11:50:10","post_content":"","post_title":"B de Blok","post_excerpt":"","post_status":"publish","comment_status":"closed","ping_status":"closed","post_password":"","post_name":"b-de-blok","to_ping":"","pinged":"","post_modified":"2022-12-12 12:50:10","post_modified_gmt":"2022-12-12 11:50:10","post_content_filtered":"","post_parent":0,"guid":"http:\/\/dev.claret.cat\/editorial\/b-de-blok\/","menu_order":0,"post_type":"editorial","post_mime_type":"","comment_count":"0","filter":"raw"}],"autor":"AISATO, LISA \/ DI FIORE, MARIANGELA","codart":"841904862","libros-coleccion":"B Plus","ediciones":"1","encuadernacion":"Carton\u00e9","fecha_de_publicacion":"01\/01\/2023","novedad":"1","paginas":"64","subtitulo":"","orden":"0","portada":"0","idioma":"spa","autores-libros":[{"ID":162253,"post_author":"3","post_date":"2022-10-14 17:29:33","post_date_gmt":"2022-10-14 15:29:33","post_content":"","post_title":"LISA AISATO","post_excerpt":"","post_status":"publish","comment_status":"closed","ping_status":"closed","post_password":"","post_name":"lisa-aisato","to_ping":"","pinged":"","post_modified":"2022-10-14 17:29:33","post_modified_gmt":"2022-10-14 15:29:33","post_content_filtered":"","post_parent":0,"guid":"http:\/\/dev.claret.cat\/autor\/lisa-aisato\/","menu_order":0,"post_type":"autor","post_mime_type":"","comment_count":"0","filter":"raw"},{"ID":412930,"post_author":"3","post_date":"2023-03-17 01:05:05","post_date_gmt":"2023-03-17 00:05:05","post_content":"","post_title":"MARIANGELA DI FIORE","post_excerpt":"","post_status":"publish","comment_status":"closed","ping_status":"closed","post_password":"","post_name":"mariangela-di-fiore","to_ping":"","pinged":"","post_modified":"2023-03-17 01:05:05","post_modified_gmt":"2023-03-17 00:05:05","post_content_filtered":"","post_parent":0,"guid":"https:\/\/www.claret.cat\/autor\/mariangela-di-fiore\/","menu_order":0,"post_type":"autor","post_mime_type":"","comment_count":"0","filter":"raw"}]},"aioseo_notices":[],"_links":{"self":[{"href":"https:\/\/www.claret.cat\/es\/wp-json\/wp\/v2\/product\/328080","targetHints":{"allow":["GET"]}}],"collection":[{"href":"https:\/\/www.claret.cat\/es\/wp-json\/wp\/v2\/product"}],"about":[{"href":"https:\/\/www.claret.cat\/es\/wp-json\/wp\/v2\/types\/product"}],"wp:featuredmedia":[{"embeddable":true,"href":"https:\/\/www.claret.cat\/es\/wp-json\/wp\/v2\/media\/370285"}],"wp:attachment":[{"href":"https:\/\/www.claret.cat\/es\/wp-json\/wp\/v2\/media?parent=328080"}],"wp:term":[{"taxonomy":"product_brand","embeddable":true,"href":"https:\/\/www.claret.cat\/es\/wp-json\/wp\/v2\/product_brand?post=328080"},{"taxonomy":"product_cat","embeddable":true,"href":"https:\/\/www.claret.cat\/es\/wp-json\/wp\/v2\/product_cat?post=328080"},{"taxonomy":"product_tag","embeddable":true,"href":"https:\/\/www.claret.cat\/es\/wp-json\/wp\/v2\/product_tag?post=328080"}],"curies":[{"name":"wp","href":"https:\/\/api.w.org\/{rel}","templated":true}]}}