{"id":328083,"date":"2023-01-09T18:00:33","date_gmt":"2023-01-09T17:00:33","guid":{"rendered":"https:\/\/www.claret.cat\/llibre\/somiar-unicorns-9788419048639\/"},"modified":"2023-10-06T06:31:30","modified_gmt":"2023-10-06T04:31:30","slug":"somiar-unicorns-9788419048639","status":"publish","type":"product","link":"https:\/\/www.claret.cat\/es\/libro\/somiar-unicorns-9788419048639\/","title":{"rendered":"SOMIAR UNICORNS"},"content":{"rendered":"<p>Un relat commovedor sobre el c\u00e0ncer infantil, de l&#8221;autora de La vida il\u00b7lustrada,<br \/>Lisa Aisato. \u00abM&#8221;han portat dibuixos de tota la colla de l&#8221;escoleta. Per\u00f2 fa molt de  temps que no ens veiem, aix\u00ed que en realitat no s\u00e9 si encara som una  colla. Quan em vaig posar malalta, vaig haver de deixar d&#8221;anar-hi. I no  crec que hi torni. Perqu\u00e8 aquesta tardor comen\u00e7ar\u00e9 a l&#8221;escola. Si em deixen.\u00bb La Vilja t\u00e9 c\u00e0ncer. I, tot i que quan est\u00e0s molt malalt et cau el m\u00f3n a sobre, a l&#8221;hospital poden passar coses meravelloses. Les precioses il\u00b7lustracions de la internacionalment reconeguda Lisa Aisato, autora de La vida il\u00b7lustrada, i il\u00b7lustradora de  La hermana de nieve y La nena que va salvar els llibres, s\u00f3n  l&#8221;acompanyament perfecte per al text punyent i commovedor de Mariangela  Di Fiore. Un retrat tan delicat com necessari sobre una realitat punxant, que tant de bo no exist\u00eds: el c\u00e0ncer infantil.<\/p>\n","protected":false},"excerpt":{"rendered":"<p>AISATO, LISA<\/p>\n","protected":false},"featured_media":370287,"template":"","meta":{"_acf_changed":false,"om_disable_all_campaigns":false,"rs_blank_template":"","rs_page_bg_color":"","slide_template_v7":"","inline_featured_image":false,"_monsterinsights_skip_tracking":false,"_monsterinsights_sitenote_active":false,"_monsterinsights_sitenote_note":"","_monsterinsights_sitenote_category":0},"product_brand":[],"product_cat":[133],"product_tag":[],"class_list":{"0":"post-328083","1":"product","2":"type-product","3":"status-publish","4":"has-post-thumbnail","6":"product_cat-lectures-per-adolescents-12-18-anys","8":"first","9":"instock","10":"taxable","11":"shipping-taxable","12":"purchasable","13":"product-type-simple"},"acf":{"editorial":[{"ID":294535,"post_author":"3","post_date":"2022-12-12 12:50:10","post_date_gmt":"2022-12-12 11:50:10","post_content":"","post_title":"B de Blok","post_excerpt":"","post_status":"publish","comment_status":"closed","ping_status":"closed","post_password":"","post_name":"b-de-blok","to_ping":"","pinged":"","post_modified":"2022-12-12 12:50:10","post_modified_gmt":"2022-12-12 11:50:10","post_content_filtered":"","post_parent":0,"guid":"http:\/\/dev.claret.cat\/editorial\/b-de-blok\/","menu_order":0,"post_type":"editorial","post_mime_type":"","comment_count":"0","filter":"raw"}],"autor":"AISATO, LISA","codart":"841904863","libros-coleccion":"","ediciones":"1","encuadernacion":"Carton\u00e9","fecha_de_publicacion":"01\/01\/2023","novedad":"1","paginas":"64","subtitulo":"","orden":"0","portada":"1","idioma":"cat","autores-libros":[{"ID":162253,"post_author":"3","post_date":"2022-10-14 17:29:33","post_date_gmt":"2022-10-14 15:29:33","post_content":"","post_title":"LISA AISATO","post_excerpt":"","post_status":"publish","comment_status":"closed","ping_status":"closed","post_password":"","post_name":"lisa-aisato","to_ping":"","pinged":"","post_modified":"2022-10-14 17:29:33","post_modified_gmt":"2022-10-14 15:29:33","post_content_filtered":"","post_parent":0,"guid":"http:\/\/dev.claret.cat\/autor\/lisa-aisato\/","menu_order":0,"post_type":"autor","post_mime_type":"","comment_count":"0","filter":"raw"}]},"aioseo_notices":[],"_links":{"self":[{"href":"https:\/\/www.claret.cat\/es\/wp-json\/wp\/v2\/product\/328083","targetHints":{"allow":["GET"]}}],"collection":[{"href":"https:\/\/www.claret.cat\/es\/wp-json\/wp\/v2\/product"}],"about":[{"href":"https:\/\/www.claret.cat\/es\/wp-json\/wp\/v2\/types\/product"}],"wp:featuredmedia":[{"embeddable":true,"href":"https:\/\/www.claret.cat\/es\/wp-json\/wp\/v2\/media\/370287"}],"wp:attachment":[{"href":"https:\/\/www.claret.cat\/es\/wp-json\/wp\/v2\/media?parent=328083"}],"wp:term":[{"taxonomy":"product_brand","embeddable":true,"href":"https:\/\/www.claret.cat\/es\/wp-json\/wp\/v2\/product_brand?post=328083"},{"taxonomy":"product_cat","embeddable":true,"href":"https:\/\/www.claret.cat\/es\/wp-json\/wp\/v2\/product_cat?post=328083"},{"taxonomy":"product_tag","embeddable":true,"href":"https:\/\/www.claret.cat\/es\/wp-json\/wp\/v2\/product_tag?post=328083"}],"curies":[{"name":"wp","href":"https:\/\/api.w.org\/{rel}","templated":true}]}}