{"id":328094,"date":"2023-01-09T18:00:59","date_gmt":"2023-01-09T17:00:59","guid":{"rendered":"https:\/\/www.claret.cat\/llibre\/aprendre-a-llegir-a-lescola-de-monstres-9-sapastre-i-bonastre-9788419357137\/"},"modified":"2026-02-16T18:40:07","modified_gmt":"2026-02-16T17:40:07","slug":"aprendre-a-llegir-a-lescola-de-monstres-9-sapastre-i-bonastre-9788419357137","status":"publish","type":"product","link":"https:\/\/www.claret.cat\/es\/libro\/aprendre-a-llegir-a-lescola-de-monstres-9-sapastre-i-bonastre-9788419357137\/","title":{"rendered":"APRENDRE A LLEGIR A L&#8221;ESCOLA DE MONSTRES 9 &#8211; SAPASTRE I BONASTRE"},"content":{"rendered":"<p>APR\u00c8N A LLEGIR A L&#8221;ESCOLA DE MONSTRES  Amb lletra maj\u00fascula i text rimat aprendr\u00e0s a llegir ben aviat! M\u00e9s de 150.000 lectors No et perdis la s\u00e8rie amb qu\u00e8 els m\u00e9s petits aprendran a gaudir dels llibres! El Ferran \u00e9s molt alt, el m\u00e9s alt de la clase! I per aix\u00f2 sempre sent  que est\u00e0 enmig de tot, \u00e9s un desastre! Per\u00f2 a vegades ser alt pot ser de molta ajuda&#8230; Com ho far\u00e0 el Frank per descobrir-ho? L&#8221;Escola de Monstres \u00e9s la s\u00e8rie m\u00e9s divertida per aprendre a llegir: &#8211; Lletra maj\u00fascula &#8211; Frases rimades &#8211; Vocabulari senzill &#8211; Il\u00b7lustracions a tot color &#8211; Protagonistes genials: una classe de monstres! Els nens i les nenes guanyaran confian\u00e7a per gaudir de la lectura i practicaran nou vocabulari a les activitats de cada llibre.<\/p>\n","protected":false},"excerpt":{"rendered":"<p>RIPPIN, SALLY<\/p>\n","protected":false},"featured_media":370293,"template":"","meta":{"_acf_changed":false,"om_disable_all_campaigns":false,"rs_blank_template":"","rs_page_bg_color":"","slide_template_v7":"","inline_featured_image":false,"_monsterinsights_skip_tracking":false,"_monsterinsights_sitenote_active":false,"_monsterinsights_sitenote_note":"","_monsterinsights_sitenote_category":0},"product_brand":[],"product_cat":[131,361],"product_tag":[],"class_list":{"0":"post-328094","1":"product","2":"type-product","3":"status-publish","4":"has-post-thumbnail","6":"product_cat-contes-per-infants-0-6-anys","7":"product_cat-cuentos-para-ninos-0-6-anos","9":"first","10":"instock","11":"taxable","12":"shipping-taxable","13":"purchasable","14":"product-type-simple"},"acf":{"editorial":[{"ID":6310,"post_author":"3","post_date":"2022-07-28 17:49:26","post_date_gmt":"2022-07-28 15:49:26","post_content":"","post_title":"MONTENA","post_excerpt":"","post_status":"publish","comment_status":"closed","ping_status":"closed","post_password":"","post_name":"montena","to_ping":"","pinged":"","post_modified":"2022-07-28 17:49:26","post_modified_gmt":"2022-07-28 15:49:26","post_content_filtered":"","post_parent":0,"guid":"http:\/\/dev.claret.cat\/editorial\/montena\/","menu_order":0,"post_type":"editorial","post_mime_type":"","comment_count":"0","filter":"raw"}],"autor":"RIPPIN, SALLY","codart":"841935713","libros-coleccion":"FORA DE COL.LECCI\u00d3","ediciones":"1","encuadernacion":"R\u00fastica","fecha_de_publicacion":"01\/01\/2023","novedad":"1","paginas":"48","subtitulo":"AMB LLETRA MAJ\u00daSCULA PER APRENDRE A LLEGIR (LLIBRES PER A NENS A PARTIR DE 5 ANY","orden":"0","portada":"1","idioma":"cat","autores-libros":[{"ID":168816,"post_author":"3","post_date":"2022-10-14 22:22:11","post_date_gmt":"2022-10-14 20:22:11","post_content":"","post_title":"SALLY RIPPIN","post_excerpt":"","post_status":"publish","comment_status":"closed","ping_status":"closed","post_password":"","post_name":"sally-rippin","to_ping":"","pinged":"","post_modified":"2022-10-14 22:22:11","post_modified_gmt":"2022-10-14 20:22:11","post_content_filtered":"","post_parent":0,"guid":"http:\/\/dev.claret.cat\/autor\/sally-rippin\/","menu_order":0,"post_type":"autor","post_mime_type":"","comment_count":"0","filter":"raw"}],"booktrailer":"","resenas":""},"aioseo_notices":[],"_links":{"self":[{"href":"https:\/\/www.claret.cat\/es\/wp-json\/wp\/v2\/product\/328094","targetHints":{"allow":["GET"]}}],"collection":[{"href":"https:\/\/www.claret.cat\/es\/wp-json\/wp\/v2\/product"}],"about":[{"href":"https:\/\/www.claret.cat\/es\/wp-json\/wp\/v2\/types\/product"}],"wp:featuredmedia":[{"embeddable":true,"href":"https:\/\/www.claret.cat\/es\/wp-json\/wp\/v2\/media\/370293"}],"wp:attachment":[{"href":"https:\/\/www.claret.cat\/es\/wp-json\/wp\/v2\/media?parent=328094"}],"wp:term":[{"taxonomy":"product_brand","embeddable":true,"href":"https:\/\/www.claret.cat\/es\/wp-json\/wp\/v2\/product_brand?post=328094"},{"taxonomy":"product_cat","embeddable":true,"href":"https:\/\/www.claret.cat\/es\/wp-json\/wp\/v2\/product_cat?post=328094"},{"taxonomy":"product_tag","embeddable":true,"href":"https:\/\/www.claret.cat\/es\/wp-json\/wp\/v2\/product_tag?post=328094"}],"curies":[{"name":"wp","href":"https:\/\/api.w.org\/{rel}","templated":true}]}}