{"id":32821,"date":"2022-10-02T12:11:57","date_gmt":"2022-10-02T10:11:57","guid":{"rendered":"http:\/\/dev.claret.cat\/producte\/ultimas-tardes-con-teresa-ed-escolar\/"},"modified":"2023-01-28T16:58:30","modified_gmt":"2023-01-28T15:58:30","slug":"ultimas-tardes-con-teresa-ed-escolar-9788490628102","status":"publish","type":"product","link":"https:\/\/www.claret.cat\/es\/libro\/ultimas-tardes-con-teresa-ed-escolar-9788490628102\/","title":{"rendered":"\u00daLTIMAS TARDES CON TERESA (ED. ESCOLAR)"},"content":{"rendered":"<p>Edici\u00f3n escolar, con material did\u00e1ctico, de esta obra de referencia de Juan Mars\u00e9<br \/> Ambientada en una Barcelona de claroscuros y contrastes, \u00daltimas tardes con Teresa narra los amores de Pijoaparte, t\u00edpico exponente de las clases m\u00e1s bajas marginadas cuya mayor aspiraci\u00f3n es alcanzar prestigio social, y Teresa, una bella muchacha rubia, estudiante e hija de la alta burgues\u00eda catalana. Los personajes de esta novela a la vez rom\u00e1ntica y sarc\u00e1stica pertenecen ya, por derecho propio, a la galer\u00eda de retratos que configuran toda una \u00e9poca. Hito de la literatura espa\u00f1ola contempor\u00e1nea, esta obra consolid\u00f3 internacionalmente el nombre de su autor.<br \/>  \u00abLa novela ha pasado a ocupar el rinc\u00f3n menos sobresaltado de mi conciencia, y all\u00ed fulgura suavemente, igual que un paisaje entra\u00f1able de la infancia.\u00bb Juan Mars\u00e9<\/p>\n","protected":false},"excerpt":{"rendered":"<p>MARSE,JUAN<\/p>\n","protected":false},"featured_media":77056,"template":"","meta":{"_acf_changed":false,"om_disable_all_campaigns":false,"rs_blank_template":"","rs_page_bg_color":"","slide_template_v7":"","inline_featured_image":false,"_monsterinsights_skip_tracking":false,"_monsterinsights_sitenote_active":false,"_monsterinsights_sitenote_note":"","_monsterinsights_sitenote_category":0},"product_brand":[],"product_cat":[90,540],"product_tag":[],"class_list":{"0":"post-32821","1":"product","2":"type-product","3":"status-publish","4":"has-post-thumbnail","6":"product_cat-altres","7":"product_cat-otros","9":"first","10":"outofstock","11":"taxable","12":"shipping-taxable","13":"purchasable","14":"product-type-simple"},"acf":{"autor":"MARSE,JUAN","codart":"849062810","libros-coleccion":"","ediciones":"1","encuadernacion":"R\u00fastica","fecha_de_publicacion":"01\/06\/2015","novedad":"0","paginas":"523","subtitulo":"EDICION ESCOLAR","orden":"999","portada":"0","idioma":"spa","editorial":[{"ID":6178,"post_author":"3","post_date":"2022-07-28 17:46:34","post_date_gmt":"2022-07-28 15:46:34","post_content":"","post_title":"DEBOLSILLO","post_excerpt":"","post_status":"publish","comment_status":"closed","ping_status":"closed","post_password":"","post_name":"debolsillo","to_ping":"","pinged":"","post_modified":"2022-07-28 17:46:34","post_modified_gmt":"2022-07-28 15:46:34","post_content_filtered":"","post_parent":0,"guid":"http:\/\/dev.claret.cat\/editorial\/debolsillo\/","menu_order":0,"post_type":"editorial","post_mime_type":"","comment_count":"0","filter":"raw"}],"autores-libros":[{"ID":161120,"post_author":"3","post_date":"2022-10-14 17:15:40","post_date_gmt":"2022-10-14 15:15:40","post_content":"","post_title":"JUAN MARSE","post_excerpt":"","post_status":"publish","comment_status":"closed","ping_status":"closed","post_password":"","post_name":"juan-marse","to_ping":"","pinged":"","post_modified":"2022-10-14 17:15:40","post_modified_gmt":"2022-10-14 15:15:40","post_content_filtered":"","post_parent":0,"guid":"http:\/\/dev.claret.cat\/autor\/juan-marse\/","menu_order":0,"post_type":"autor","post_mime_type":"","comment_count":"0","filter":"raw"}]},"aioseo_notices":[],"_links":{"self":[{"href":"https:\/\/www.claret.cat\/es\/wp-json\/wp\/v2\/product\/32821","targetHints":{"allow":["GET"]}}],"collection":[{"href":"https:\/\/www.claret.cat\/es\/wp-json\/wp\/v2\/product"}],"about":[{"href":"https:\/\/www.claret.cat\/es\/wp-json\/wp\/v2\/types\/product"}],"wp:featuredmedia":[{"embeddable":true,"href":"https:\/\/www.claret.cat\/es\/wp-json\/wp\/v2\/media\/77056"}],"wp:attachment":[{"href":"https:\/\/www.claret.cat\/es\/wp-json\/wp\/v2\/media?parent=32821"}],"wp:term":[{"taxonomy":"product_brand","embeddable":true,"href":"https:\/\/www.claret.cat\/es\/wp-json\/wp\/v2\/product_brand?post=32821"},{"taxonomy":"product_cat","embeddable":true,"href":"https:\/\/www.claret.cat\/es\/wp-json\/wp\/v2\/product_cat?post=32821"},{"taxonomy":"product_tag","embeddable":true,"href":"https:\/\/www.claret.cat\/es\/wp-json\/wp\/v2\/product_tag?post=32821"}],"curies":[{"name":"wp","href":"https:\/\/api.w.org\/{rel}","templated":true}]}}