{"id":32839,"date":"2022-10-02T12:12:12","date_gmt":"2022-10-02T10:12:12","guid":{"rendered":"http:\/\/dev.claret.cat\/producte\/ensayo-sobre-la-ceguera\/"},"modified":"2025-04-22T18:31:08","modified_gmt":"2025-04-22T16:31:08","slug":"ensayo-sobre-la-ceguera-9788490628720","status":"publish","type":"product","link":"https:\/\/www.claret.cat\/es\/libro\/ensayo-sobre-la-ceguera-9788490628720\/","title":{"rendered":"ENSAYO SOBRE LA CEGUERA"},"content":{"rendered":"<p>2022: A\u00d1O SARAMAGO Una novela y un autor que nos alertan sobre \u00abla  responsabilidad de tener ojos cuando otros los perdieron\u00bb. \u00abDentro de nosotros hay algo que no tiene nombre, esa cosa es lo que somos\u00bb. Un hombre parado ante un sem\u00e1foro en rojo se queda ciego s\u00fabitamente. Es  el primer caso de una \u00abceguera blanca\u00bb que se expande de manera  fulminante. Internados en cuarentena o perdidos en la ciudad, los ciegos  tendr\u00e1n que enfrentarse con lo m\u00e1s primitivo en la naturaleza humana: la voluntad de sobrevivir a cualquier precio. Ensayo sobre la ceguera es la ficci\u00f3n de un autor que nos alerta  sobre \u00abla responsabilidad de tener ojos cuando otros los perdieron\u00bb.  Jos\u00e9 Saramago traza en este libro una imagen aterradora y conmovedora de  los tiempos que estamos viviendo. En un mundo as\u00ed,  \u00bfcabr\u00e1 alguna esperanza? El lector conocer\u00e1 una experiencia imaginativa \u00fanica. En un punto donde  se cruzan literatura y sabidur\u00eda, Jos\u00e9 Saramago nos obliga a parar,  cerrar los ojos y ver. Recuperar la lucidez y rescatar el afecto son dos  propuestas fundamentales de una novela que es, tambi\u00e9n, una reflexi\u00f3n sobre la \u00e9tica del amor y la solidaridad. La cr\u00edtica ha dicho:<br \/>\u00abUna met\u00e1fora que, cuando se public\u00f3, lo mismo pod\u00eda valer para el sida  que para el abandono de los mayores. En esta novela, la ceguera llega  sin avisar y produce un deslumbramiento blanco permanente. De nuevo,  desfilan lo mejor y lo peor de la especie. Como en las guerras\u00bb.<br \/>Tereixa Constenla, El Pa\u00eds \u00abSaramago siempre ha demostrado una imaginaci\u00f3n audaz como novelista. \u00c9sta es su obra m\u00e1s sorprendente e inquietante\u00bb.<br \/>Harold Bloom \u00abNo hay cinismo ni moraleja, s\u00f3lo un reconocimiento l\u00facido y compasivo  de las cosas tal como son, una cualidad que s\u00f3lo puede calificarse honestamente como sabidur\u00eda\u00bb.<br \/>The New York Times \u00abHay novelas, como \u00e9sta, que despu\u00e9s de le\u00eddas continuar\u00e1n iluminando  t\u00faneles en la conciencia, abriendo puertas de habitaciones a las que no nos hab\u00edamos asomado pese a estar dentro de nosotros\u00bb.<br \/>Juan Jos\u00e9 Mill\u00e1s \u00abSaramago vuelve comprensible una realidad huidiza, con par\u00e1bolas sostenidas por la imaginaci\u00f3n, la compasi\u00f3n y la iron\u00eda\u00bb.<br \/>Comit\u00e9 Nobel \u00abUn hombre con una sensibilidad y una capacidad de ver y de entender que  est\u00e1n muy por encima de lo que en general vemos y entendemos los comunes mortales\u00bb.<br \/>H\u00e9ctor Abad Faciolince \u00abSaramago es un ejemplo, un estilo dign\u00edsimo de vida y literatura, que  demuestra la posibilidad de navegar a contracorriente [&#8230;].  Su palabra  tiene el valor de un anticongelante, de un remedio personal contra los vendavales de cinismo que nos envuelven\u00bb.<br \/>Luis Garc\u00eda Montero \u00abYo no s\u00e9, ni quiero saberlo, de d\u00f3nde ha sacado Saramago ese diab\u00f3lico  tono narrativo, duro y piadoso a un tiempo, [&#8230;] que le permite contar  tan cerca del coraz\u00f3n y a la vez tan cerca de la historia\u00bb.<br \/>Luis Landero \u00abSaramago escribe novelas sobre los mitos para desmitificarlos, [&#8230;]  siempre para abordar la realidad que le rodea, para tratar de  los  problemas actuales que son de todos, y para que todo quede claro desde el principio\u00bb.<br \/>Rafael Conte, Babelia \u00abComo G\u00fcnter Grass o Cees Nooteboom, Saramago aspira a enlazar con un p\u00fablico que desborde l\u00edmites nacionales\u00bb.<br \/>El Pa\u00eds<\/p>\n","protected":false},"excerpt":{"rendered":"<p>SARAMAGO, JOS\u00c9<\/p>\n","protected":false},"featured_media":55625,"template":"","meta":{"_acf_changed":false,"om_disable_all_campaigns":false,"rs_blank_template":"","rs_page_bg_color":"","slide_template_v7":"","inline_featured_image":false,"_monsterinsights_skip_tracking":false,"_monsterinsights_sitenote_active":false,"_monsterinsights_sitenote_note":"","_monsterinsights_sitenote_category":0},"product_brand":[],"product_cat":[127,357],"product_tag":[],"class_list":{"0":"post-32839","1":"product","2":"type-product","3":"status-publish","4":"has-post-thumbnail","6":"product_cat-novella-contemporania","7":"product_cat-novela-contemporanea","9":"first","10":"instock","11":"taxable","12":"shipping-taxable","13":"purchasable","14":"product-type-simple"},"acf":{"autor":"SARAMAGO, JOS\u00c9","codart":"849062872","libros-coleccion":"","ediciones":"1","encuadernacion":"R\u00fastica","fecha_de_publicacion":"01\/09\/2015","novedad":"1","paginas":"376","subtitulo":"","orden":"0","portada":"0","idioma":"spa","editorial":[{"ID":6178,"post_author":"3","post_date":"2022-07-28 17:46:34","post_date_gmt":"2022-07-28 15:46:34","post_content":"","post_title":"DEBOLSILLO","post_excerpt":"","post_status":"publish","comment_status":"closed","ping_status":"closed","post_password":"","post_name":"debolsillo","to_ping":"","pinged":"","post_modified":"2022-07-28 17:46:34","post_modified_gmt":"2022-07-28 15:46:34","post_content_filtered":"","post_parent":0,"guid":"http:\/\/dev.claret.cat\/editorial\/debolsillo\/","menu_order":0,"post_type":"editorial","post_mime_type":"","comment_count":"0","filter":"raw"}],"autores-libros":[{"ID":5650,"post_author":"3","post_date":"2022-07-28 17:28:32","post_date_gmt":"2022-07-28 15:28:32","post_content":"","post_title":"JOSE SARAMAGO","post_excerpt":"","post_status":"publish","comment_status":"closed","ping_status":"closed","post_password":"","post_name":"jose-saramago","to_ping":"","pinged":"","post_modified":"2022-07-28 17:28:32","post_modified_gmt":"2022-07-28 15:28:32","post_content_filtered":"","post_parent":0,"guid":"http:\/\/dev.claret.cat\/autor\/jose-saramago\/","menu_order":0,"post_type":"autor","post_mime_type":"","comment_count":"0","filter":"raw"}],"booktrailer":"","resenas":""},"aioseo_notices":[],"_links":{"self":[{"href":"https:\/\/www.claret.cat\/es\/wp-json\/wp\/v2\/product\/32839","targetHints":{"allow":["GET"]}}],"collection":[{"href":"https:\/\/www.claret.cat\/es\/wp-json\/wp\/v2\/product"}],"about":[{"href":"https:\/\/www.claret.cat\/es\/wp-json\/wp\/v2\/types\/product"}],"wp:featuredmedia":[{"embeddable":true,"href":"https:\/\/www.claret.cat\/es\/wp-json\/wp\/v2\/media\/55625"}],"wp:attachment":[{"href":"https:\/\/www.claret.cat\/es\/wp-json\/wp\/v2\/media?parent=32839"}],"wp:term":[{"taxonomy":"product_brand","embeddable":true,"href":"https:\/\/www.claret.cat\/es\/wp-json\/wp\/v2\/product_brand?post=32839"},{"taxonomy":"product_cat","embeddable":true,"href":"https:\/\/www.claret.cat\/es\/wp-json\/wp\/v2\/product_cat?post=32839"},{"taxonomy":"product_tag","embeddable":true,"href":"https:\/\/www.claret.cat\/es\/wp-json\/wp\/v2\/product_tag?post=32839"}],"curies":[{"name":"wp","href":"https:\/\/api.w.org\/{rel}","templated":true}]}}