{"id":328446,"date":"2023-01-10T19:30:14","date_gmt":"2023-01-10T18:30:14","guid":{"rendered":"https:\/\/www.claret.cat\/llibre\/la-possibilitat-de-dirne-casa-9788475889870\/"},"modified":"2024-02-27T12:20:02","modified_gmt":"2024-02-27T11:20:02","slug":"la-possibilitat-de-dirne-casa-9788475889870","status":"publish","type":"product","link":"https:\/\/www.claret.cat\/es\/libro\/la-possibilitat-de-dirne-casa-9788475889870\/","title":{"rendered":"LA POSSIBILITAT DE DIR-NE CASA"},"content":{"rendered":"<p>Una periodista torna a Barcelona despr\u00e9s de gaireb\u00e9 dues d\u00e8cades a l\u2019estranger. Vol agafar dist\u00e0ncia d\u2019una part del planeta que l\u2019apassiona i la desgasta, d\u2019una professi\u00f3 que voldria exercir d\u2019una altra forma, i tamb\u00e9 d\u2019una amistat amb una dona m\u00e9s jove que la porta a q\u00fcestionar-se els fonaments de la seva intimitat. Un cop tornada al poble on va n\u00e9ixer, retroba els amics, la fam\u00edlia, i l\u2019home del qui s\u2019havia enamorat. L\u2019espai familiar es converteix en una font de petites revelacions que l\u2019ajudaran a tra\u00e7ar el seu cam\u00ed de vida i a recon\u00e8ixer la necessitat de pert\u00e0nyer a un lloc i a unes persones.<br \/>Marta Orriols \u00e9s una de les veus liter\u00e0ries amb m\u00e9s projecci\u00f3 internacional i m\u00e9s interessants.<\/p>\n","protected":false},"excerpt":{"rendered":"<p>ORRIOLS, MARTA<\/p>\n","protected":false},"featured_media":390789,"template":"","meta":{"_acf_changed":false,"om_disable_all_campaigns":false,"rs_blank_template":"","rs_page_bg_color":"","slide_template_v7":"","inline_featured_image":false,"_monsterinsights_skip_tracking":false,"_monsterinsights_sitenote_active":false,"_monsterinsights_sitenote_note":"","_monsterinsights_sitenote_category":0},"product_brand":[],"product_cat":[307,89,127,357],"product_tag":[],"class_list":{"0":"post-328446","1":"product","2":"type-product","3":"status-publish","4":"has-post-thumbnail","6":"product_cat-catala","7":"product_cat-els-mes-venuts","8":"product_cat-novella-contemporania","9":"product_cat-novela-contemporanea","11":"first","12":"instock","13":"taxable","14":"shipping-taxable","15":"purchasable","16":"product-type-simple"},"acf":{"editorial":[{"ID":6336,"post_author":"3","post_date":"2022-07-28 17:50:00","post_date_gmt":"2022-07-28 15:50:00","post_content":"","post_title":"Proa","post_excerpt":"","post_status":"publish","comment_status":"closed","ping_status":"closed","post_password":"","post_name":"proa","to_ping":"","pinged":"","post_modified":"2022-07-28 17:50:00","post_modified_gmt":"2022-07-28 15:50:00","post_content_filtered":"","post_parent":0,"guid":"http:\/\/dev.claret.cat\/editorial\/proa\/","menu_order":0,"post_type":"editorial","post_mime_type":"","comment_count":"0","filter":"raw"}],"autor":"ORRIOLS, MARTA","codart":"847588987","libros-coleccion":"A TOT VENT","ediciones":"1","encuadernacion":"Carton\u00e9","fecha_de_publicacion":"01\/01\/2023","novedad":"1","paginas":"320","subtitulo":"","orden":"999","portada":"0","idioma":"cat","autores-libros":[{"ID":164189,"post_author":"3","post_date":"2022-10-14 17:45:05","post_date_gmt":"2022-10-14 15:45:05","post_content":"","post_title":"MARTA ORRIOLS","post_excerpt":"","post_status":"publish","comment_status":"closed","ping_status":"closed","post_password":"","post_name":"marta-orriols","to_ping":"","pinged":"","post_modified":"2022-10-14 17:45:05","post_modified_gmt":"2022-10-14 15:45:05","post_content_filtered":"","post_parent":0,"guid":"http:\/\/dev.claret.cat\/autor\/marta-orriols\/","menu_order":0,"post_type":"autor","post_mime_type":"","comment_count":"0","filter":"raw"}],"traductores-libros":"","ilustradores-libros":"","formato":"","linkebook":"","precioebook":"","ebookportada":false,"ficha":"","muestra":"","presentacion":"","booktrailer":"","resenas":"","recomendamos":"","mas_vendido":""},"aioseo_notices":[],"_links":{"self":[{"href":"https:\/\/www.claret.cat\/es\/wp-json\/wp\/v2\/product\/328446","targetHints":{"allow":["GET"]}}],"collection":[{"href":"https:\/\/www.claret.cat\/es\/wp-json\/wp\/v2\/product"}],"about":[{"href":"https:\/\/www.claret.cat\/es\/wp-json\/wp\/v2\/types\/product"}],"wp:featuredmedia":[{"embeddable":true,"href":"https:\/\/www.claret.cat\/es\/wp-json\/wp\/v2\/media\/390789"}],"wp:attachment":[{"href":"https:\/\/www.claret.cat\/es\/wp-json\/wp\/v2\/media?parent=328446"}],"wp:term":[{"taxonomy":"product_brand","embeddable":true,"href":"https:\/\/www.claret.cat\/es\/wp-json\/wp\/v2\/product_brand?post=328446"},{"taxonomy":"product_cat","embeddable":true,"href":"https:\/\/www.claret.cat\/es\/wp-json\/wp\/v2\/product_cat?post=328446"},{"taxonomy":"product_tag","embeddable":true,"href":"https:\/\/www.claret.cat\/es\/wp-json\/wp\/v2\/product_tag?post=328446"}],"curies":[{"name":"wp","href":"https:\/\/api.w.org\/{rel}","templated":true}]}}