{"id":32872,"date":"2022-10-02T12:12:41","date_gmt":"2022-10-02T10:12:41","guid":{"rendered":"http:\/\/dev.claret.cat\/producte\/cincuenta-sombras-mas-oscuras-trilogia-cincuenta-sombras-2\/"},"modified":"2023-01-28T11:38:29","modified_gmt":"2023-01-28T10:38:29","slug":"cincuenta-sombras-mas-oscuras-trilogia-cincuenta-sombras-2-9788490629970","status":"publish","type":"product","link":"https:\/\/www.claret.cat\/es\/libro\/cincuenta-sombras-mas-oscuras-trilogia-cincuenta-sombras-2-9788490629970\/","title":{"rendered":"CINCUENTA SOMBRAS M\u00c1S OSCURAS (TRILOG\u00cdA CINCUENTA SOMBRAS 2)"},"content":{"rendered":"<p>Segunda parte de esta trilog\u00eda totalmente adictiva que te obsesionar\u00e1, te poseer\u00e1 y quedar\u00e1 para siempre en tu memoria Mira la pel\u00edcula&#8230; Lee c\u00f3mo contin\u00faa<\/p>\n<p> Intimidada por las peculiares pr\u00e1cticas er\u00f3ticas y los oscuros secretos del atractivo y atormentado empresario Christian Grey, Anastasia Steele decide romper con \u00e9l y embarcarse en una nueva carrera profesional en una editorial de Seattle.<\/p>\n<p> Pero el deseo por Christian todav\u00eda domina cada uno de sus pensamientos, y cuando finalmente \u00e9l le propone retomar su aventura, Ana no puede resistirse. Reanudan entonces su t\u00f3rrida y sensual relaci\u00f3n, pero mientras Christian lucha contra sus propios demonios del pasado, Ana debe enfrentarse a la ira y la envidia de las mujeres que la precedieron, y tomar la decisi\u00f3n m\u00e1s importante de su vida.<\/p>\n<p> Cincuenta sombras m\u00e1s oscuras es la segunda parte de la trilog\u00eda Cincuenta sombras, que se inici\u00f3 con Cincuenta sombras de Grey, y cuya tercera parte es Cincuenta sombras liberadas.<\/p>\n<p> La cr\u00edtica ha dicho:<\/p>\n<p> \u00abLa literatura er\u00f3tica ha encontrado su Harry Potter.\u00bb<br \/> El Mundo<\/p>\n<p> \u00abUna historia que habla de sexo, transgresi\u00f3n, erotismo y fantas\u00edas femeninas, sin perder de vista el amor.\u00bb<br \/> La Vanguardia<\/p>\n<p> \u00abEl fen\u00f3meno editorial del a\u00f1o gracias a la f\u00f3rmula del boca a boca y de la recomendaci\u00f3n entre las mujeres.\u00bb<br \/> El Peri\u00f3dico de Catalunya<\/p>\n<p> \u00abEl g\u00e9nero er\u00f3tico ya tiene su primer Best Seller.\u00bb<br \/> The Wall Street Journal<\/p>\n","protected":false},"excerpt":{"rendered":"<p>JAMES,E.L.<\/p>\n","protected":false},"featured_media":77222,"template":"","meta":{"_acf_changed":false,"om_disable_all_campaigns":false,"rs_blank_template":"","rs_page_bg_color":"","slide_template_v7":"","inline_featured_image":false,"_monsterinsights_skip_tracking":false,"_monsterinsights_sitenote_active":false,"_monsterinsights_sitenote_note":"","_monsterinsights_sitenote_category":0},"product_brand":[],"product_cat":[16],"product_tag":[],"class_list":{"0":"post-32872","1":"product","2":"type-product","3":"status-publish","4":"has-post-thumbnail","6":"product_cat-sense-categoria","8":"first","9":"instock","10":"taxable","11":"shipping-taxable","12":"purchasable","13":"product-type-simple"},"acf":{"autor":"JAMES,E.L.","codart":"849062997","libros-coleccion":"","ediciones":"1","encuadernacion":"R\u00fastica","fecha_de_publicacion":"01\/01\/2015","novedad":"0","paginas":"588","subtitulo":"CINCUENTA SOMBRAS, 2","orden":"999","portada":"0","idioma":"spa","editorial":[{"ID":6178,"post_author":"3","post_date":"2022-07-28 17:46:34","post_date_gmt":"2022-07-28 15:46:34","post_content":"","post_title":"DEBOLSILLO","post_excerpt":"","post_status":"publish","comment_status":"closed","ping_status":"closed","post_password":"","post_name":"debolsillo","to_ping":"","pinged":"","post_modified":"2022-07-28 17:46:34","post_modified_gmt":"2022-07-28 15:46:34","post_content_filtered":"","post_parent":0,"guid":"http:\/\/dev.claret.cat\/editorial\/debolsillo\/","menu_order":0,"post_type":"editorial","post_mime_type":"","comment_count":"0","filter":"raw"}],"autores-libros":[{"ID":154455,"post_author":"3","post_date":"2022-10-14 15:04:57","post_date_gmt":"2022-10-14 13:04:57","post_content":"","post_title":"E.L. JAMES","post_excerpt":"","post_status":"publish","comment_status":"closed","ping_status":"closed","post_password":"","post_name":"e-l-james-3","to_ping":"","pinged":"","post_modified":"2022-10-14 15:04:57","post_modified_gmt":"2022-10-14 13:04:57","post_content_filtered":"","post_parent":0,"guid":"http:\/\/dev.claret.cat\/autor\/e-l-james-3\/","menu_order":0,"post_type":"autor","post_mime_type":"","comment_count":"0","filter":"raw"}]},"aioseo_notices":[],"_links":{"self":[{"href":"https:\/\/www.claret.cat\/es\/wp-json\/wp\/v2\/product\/32872","targetHints":{"allow":["GET"]}}],"collection":[{"href":"https:\/\/www.claret.cat\/es\/wp-json\/wp\/v2\/product"}],"about":[{"href":"https:\/\/www.claret.cat\/es\/wp-json\/wp\/v2\/types\/product"}],"wp:featuredmedia":[{"embeddable":true,"href":"https:\/\/www.claret.cat\/es\/wp-json\/wp\/v2\/media\/77222"}],"wp:attachment":[{"href":"https:\/\/www.claret.cat\/es\/wp-json\/wp\/v2\/media?parent=32872"}],"wp:term":[{"taxonomy":"product_brand","embeddable":true,"href":"https:\/\/www.claret.cat\/es\/wp-json\/wp\/v2\/product_brand?post=32872"},{"taxonomy":"product_cat","embeddable":true,"href":"https:\/\/www.claret.cat\/es\/wp-json\/wp\/v2\/product_cat?post=32872"},{"taxonomy":"product_tag","embeddable":true,"href":"https:\/\/www.claret.cat\/es\/wp-json\/wp\/v2\/product_tag?post=32872"}],"curies":[{"name":"wp","href":"https:\/\/api.w.org\/{rel}","templated":true}]}}