{"id":328766,"date":"2023-01-11T17:30:22","date_gmt":"2023-01-11T16:30:22","guid":{"rendered":"https:\/\/www.claret.cat\/llibre\/acompanar-en-la-incertidumbre-iii-circulos-de-encuentro-marisa-moresco-9788427729100\/"},"modified":"2026-01-30T17:27:36","modified_gmt":"2026-01-30T16:27:36","slug":"acompanar-en-la-incertidumbre-iii-circulos-de-encuentro-marisa-moresco-9788427729100","status":"publish","type":"product","link":"https:\/\/www.claret.cat\/es\/libro\/acompanar-en-la-incertidumbre-iii-circulos-de-encuentro-marisa-moresco-9788427729100\/","title":{"rendered":"ACOMPA\u00d1AR EN LA [IN]CERTIDUMBRE (III C\u00cdRCULOS DE ENCUENTRO MARISA MORESCO)"},"content":{"rendered":"<p>Los C\u00edrculos de encuentro llevan el nombre de Marisa Moresco como reconocimiento de su aportaci\u00f3n singular como acompa\u00f1ante y testigo. Tienen vocaci\u00f3n de encuentro entre distintas personas y colectivos vinculados por el acompa\u00f1amiento espiritual. En los temas tratados apostamos por generar espacios de intersecci\u00f3n, tejer la diversidad, transitar por lugares conocidos recre\u00e1ndolos y habitar nuevos territorios. Los III C\u00edrculos abordaron el tema Acompa\u00f1ar en la [in]certidumbre, en el contexto de la crisis a la que nos aboc\u00f3 el coronavirus y que puso de manifiesto nuestra vulnerabilidad y no suficiencia. Las aportaciones de los autores ayudan a vislumbrar c\u00f3mo acompa\u00f1arnos en situaciones en las que experimentamos lo que es estar al descubierto y sin protecci\u00f3n. Sus contribuciones ponen de relieve nuevas oportunidades de aprendizaje y crecimiento en esta situaci\u00f3n de [in]certidumbre y la necesidad ineludible de ofrecernos amparo, cuidado y de adentrarnos en la sabidur\u00eda de la colaboraci\u00f3n interdependiente.<\/p>\n","protected":false},"excerpt":{"rendered":"<p>ARRIETA OLMEDO, LOLA \/ EST\u00c9VEZ L\u00d3PEZ, ELISA<\/p>\n","protected":false},"featured_media":374200,"template":"","meta":{"_acf_changed":false,"om_disable_all_campaigns":false,"rs_blank_template":"","rs_page_bg_color":"","slide_template_v7":"","inline_featured_image":false,"_monsterinsights_skip_tracking":false,"_monsterinsights_sitenote_active":false,"_monsterinsights_sitenote_note":"","_monsterinsights_sitenote_category":0},"product_brand":[],"product_cat":[271,409],"product_tag":[],"class_list":{"0":"post-328766","1":"product","2":"type-product","3":"status-publish","4":"has-post-thumbnail","6":"product_cat-en-general","7":"product_cat-en-general-pastoral-1_espiritualidad","9":"first","10":"instock","11":"taxable","12":"shipping-taxable","13":"purchasable","14":"product-type-simple"},"acf":{"editorial":[{"ID":6312,"post_author":"3","post_date":"2022-07-28 17:49:29","post_date_gmt":"2022-07-28 15:49:29","post_content":"","post_title":"NARCEA DE EDICIONES","post_excerpt":"","post_status":"publish","comment_status":"closed","ping_status":"closed","post_password":"","post_name":"narcea-de-ediciones","to_ping":"","pinged":"","post_modified":"2022-07-28 17:49:29","post_modified_gmt":"2022-07-28 15:49:29","post_content_filtered":"","post_parent":0,"guid":"http:\/\/dev.claret.cat\/editorial\/narcea-de-ediciones\/","menu_order":0,"post_type":"editorial","post_mime_type":"","comment_count":"0","filter":"raw"}],"autor":"ARRIETA OLMEDO, LOLA \/ EST\u00c9VEZ L\u00d3PEZ, ELISA","codart":"842772910","libros-coleccion":"FORA DE COL.LECCI\u00d3","ediciones":"1","encuadernacion":"R\u00fastica","fecha_de_publicacion":"01\/03\/2022","novedad":"1","paginas":"176","subtitulo":"","orden":"0","portada":"0","idioma":"spa","autores-libros":[{"ID":162413,"post_author":"3","post_date":"2022-10-14 17:30:49","post_date_gmt":"2022-10-14 15:30:49","post_content":"","post_title":"LOLA ARRIETA OLMEDO","post_excerpt":"","post_status":"publish","comment_status":"closed","ping_status":"closed","post_password":"","post_name":"lola-arrieta-olmedo","to_ping":"","pinged":"","post_modified":"2022-10-14 17:30:49","post_modified_gmt":"2022-10-14 15:30:49","post_content_filtered":"","post_parent":0,"guid":"http:\/\/dev.claret.cat\/autor\/lola-arrieta-olmedo\/","menu_order":0,"post_type":"autor","post_mime_type":"","comment_count":"0","filter":"raw"},{"ID":154793,"post_author":"3","post_date":"2022-10-14 15:07:41","post_date_gmt":"2022-10-14 13:07:41","post_content":"","post_title":"ELISA EST\u00c9VEZ L\u00d3PEZ","post_excerpt":"","post_status":"publish","comment_status":"closed","ping_status":"closed","post_password":"","post_name":"elisa-estevez-lopez","to_ping":"","pinged":"","post_modified":"2022-10-14 15:07:41","post_modified_gmt":"2022-10-14 13:07:41","post_content_filtered":"","post_parent":0,"guid":"http:\/\/dev.claret.cat\/autor\/elisa-estevez-lopez\/","menu_order":0,"post_type":"autor","post_mime_type":"","comment_count":"0","filter":"raw"}],"booktrailer":"","resenas":""},"aioseo_notices":[],"_links":{"self":[{"href":"https:\/\/www.claret.cat\/es\/wp-json\/wp\/v2\/product\/328766","targetHints":{"allow":["GET"]}}],"collection":[{"href":"https:\/\/www.claret.cat\/es\/wp-json\/wp\/v2\/product"}],"about":[{"href":"https:\/\/www.claret.cat\/es\/wp-json\/wp\/v2\/types\/product"}],"wp:featuredmedia":[{"embeddable":true,"href":"https:\/\/www.claret.cat\/es\/wp-json\/wp\/v2\/media\/374200"}],"wp:attachment":[{"href":"https:\/\/www.claret.cat\/es\/wp-json\/wp\/v2\/media?parent=328766"}],"wp:term":[{"taxonomy":"product_brand","embeddable":true,"href":"https:\/\/www.claret.cat\/es\/wp-json\/wp\/v2\/product_brand?post=328766"},{"taxonomy":"product_cat","embeddable":true,"href":"https:\/\/www.claret.cat\/es\/wp-json\/wp\/v2\/product_cat?post=328766"},{"taxonomy":"product_tag","embeddable":true,"href":"https:\/\/www.claret.cat\/es\/wp-json\/wp\/v2\/product_tag?post=328766"}],"curies":[{"name":"wp","href":"https:\/\/api.w.org\/{rel}","templated":true}]}}