{"id":328839,"date":"2023-01-11T18:45:18","date_gmt":"2023-01-11T17:45:18","guid":{"rendered":"https:\/\/www.claret.cat\/llibre\/la-llama-inmortal-de-stephen-crane-9788432241611\/"},"modified":"2023-10-06T06:33:52","modified_gmt":"2023-10-06T04:33:52","slug":"la-llama-inmortal-de-stephen-crane-9788432241611","status":"publish","type":"product","link":"https:\/\/www.claret.cat\/es\/libro\/la-llama-inmortal-de-stephen-crane-9788432241611\/","title":{"rendered":"LA LLAMA INMORTAL DE STEPHEN CRANE"},"content":{"rendered":"<p>Un recorrido fascinante por la figura de Stephen Crane y por los a\u00f1os en los que Estados Unidos pas\u00f3 de ser el pa\u00eds de Billy el Ni\u00f1o a convertirse en la Am\u00e9rica de Rockefeller.<br \/> \u00abTit\u00e1nico, caudaloso, l\u00edrico. Este libro corrobora que la biograf\u00eda no es un g\u00e9nero menor y que puede reunir las virtudes de una gran novela.\u00bb Rafael Narbona, El Cultural<br \/> \u00abUna escritura contundente y un an\u00e1lisis astuto, con una exuberante pasi\u00f3n por la \u00e9poca de Crane.\u00bb \u00c1ngeles L\u00f3pez, La Raz\u00f3n<br \/> \u00abAuster ha demostrado tener una voz inquebrantable, da igual la forma o el relato que escoja contarnos. Un coraz\u00f3n generoso, un estilo de alto vuelo.\u00bb Michael Ondaatje<br \/> Due\u00f1o de una vida tan fugaz como intensa, Stephen Crane es una figura \u00fanica en la literatura. Empujado siempre por la falta de dinero, malvivi\u00f3 durante el \u00faltimo tercio del siglo XIX escribiendo art\u00edculos, novelas, relatos y poes\u00eda, trabaj\u00f3 como corresponsal de guerra y defendi\u00f3 los derechos de los m\u00e1s desfavorecidos. Enamorado del salvaje Oeste y de los bajos fondos, sobrevivi\u00f3 a un naufragio, se enfrent\u00f3 a la polic\u00eda, cultiv\u00f3 una f\u00e9rrea amistad con Joseph Conrad y muri\u00f3 de tuberculosis en Alemania a los veintiocho a\u00f1os: su llama ardi\u00f3 hasta consumirlo y convertirlo en un cl\u00e1sico indiscutible.<br \/> Los a\u00f1os de Crane (1871-1900) son tambi\u00e9n los de una \u00e9poca en la que los Estados Unidos se preparaba para dejar atr\u00e1s la Am\u00e9rica de Billy el Ni\u00f1o y entrar en la Am\u00e9rica de Rockefeller, convirti\u00e9ndose as\u00ed en la potencia capitalista que dominar\u00eda el mundo.<br \/> En estas p\u00e1ginas, Paul Auster pone su habilidad indiscutible como escritor al servicio de una apasionante biograf\u00eda que se lee como un western literario. \u00ab\u00a1Qu\u00e9 historia! Esto es m\u00e1s que una novela, m\u00e1s que una biograf\u00eda. Es literatura. Y el homenaje m\u00e1s profundo de un escritor a otro que jam\u00e1s haya le\u00eddo.\u00bb (Russel Banks).<\/p>\n","protected":false},"excerpt":{"rendered":"<p>AUSTER, PAUL<\/p>\n","protected":false},"featured_media":328938,"template":"","meta":{"_acf_changed":false,"om_disable_all_campaigns":false,"rs_blank_template":"","rs_page_bg_color":"","slide_template_v7":"","inline_featured_image":false,"_monsterinsights_skip_tracking":false,"_monsterinsights_sitenote_active":false,"_monsterinsights_sitenote_note":"","_monsterinsights_sitenote_category":0},"product_brand":[],"product_cat":[360],"product_tag":[],"class_list":{"0":"post-328839","1":"product","2":"type-product","3":"status-publish","4":"has-post-thumbnail","6":"product_cat-novela-historica-y-ficcion","8":"first","9":"instock","10":"taxable","11":"shipping-taxable","12":"purchasable","13":"product-type-simple"},"acf":{"editorial":[{"ID":6361,"post_author":"3","post_date":"2022-07-28 17:50:32","post_date_gmt":"2022-07-28 15:50:32","post_content":"","post_title":"SEIX BARRAL, EDICIONES","post_excerpt":"","post_status":"publish","comment_status":"closed","ping_status":"closed","post_password":"","post_name":"seix-barral-ediciones","to_ping":"","pinged":"","post_modified":"2022-07-28 17:50:32","post_modified_gmt":"2022-07-28 15:50:32","post_content_filtered":"","post_parent":0,"guid":"http:\/\/dev.claret.cat\/editorial\/seix-barral-ediciones\/","menu_order":0,"post_type":"editorial","post_mime_type":"","comment_count":"0","filter":"raw"}],"autor":"AUSTER, PAUL","codart":"843224161","libros-coleccion":"Biblioteca Paul Auster","ediciones":"1","encuadernacion":"R\u00fastica","fecha_de_publicacion":"01\/01\/2023","novedad":"1","paginas":"1040","subtitulo":"","orden":"0","portada":"0","idioma":"spa","autores-libros":[{"ID":166714,"post_author":"3","post_date":"2022-10-14 18:05:27","post_date_gmt":"2022-10-14 16:05:27","post_content":"","post_title":"PAUL AUSTER","post_excerpt":"","post_status":"publish","comment_status":"closed","ping_status":"closed","post_password":"","post_name":"paul-auster","to_ping":"","pinged":"","post_modified":"2022-10-14 18:05:27","post_modified_gmt":"2022-10-14 16:05:27","post_content_filtered":"","post_parent":0,"guid":"http:\/\/dev.claret.cat\/autor\/paul-auster\/","menu_order":0,"post_type":"autor","post_mime_type":"","comment_count":"0","filter":"raw"}]},"aioseo_notices":[],"_links":{"self":[{"href":"https:\/\/www.claret.cat\/es\/wp-json\/wp\/v2\/product\/328839","targetHints":{"allow":["GET"]}}],"collection":[{"href":"https:\/\/www.claret.cat\/es\/wp-json\/wp\/v2\/product"}],"about":[{"href":"https:\/\/www.claret.cat\/es\/wp-json\/wp\/v2\/types\/product"}],"wp:featuredmedia":[{"embeddable":true,"href":"https:\/\/www.claret.cat\/es\/wp-json\/wp\/v2\/media\/328938"}],"wp:attachment":[{"href":"https:\/\/www.claret.cat\/es\/wp-json\/wp\/v2\/media?parent=328839"}],"wp:term":[{"taxonomy":"product_brand","embeddable":true,"href":"https:\/\/www.claret.cat\/es\/wp-json\/wp\/v2\/product_brand?post=328839"},{"taxonomy":"product_cat","embeddable":true,"href":"https:\/\/www.claret.cat\/es\/wp-json\/wp\/v2\/product_cat?post=328839"},{"taxonomy":"product_tag","embeddable":true,"href":"https:\/\/www.claret.cat\/es\/wp-json\/wp\/v2\/product_tag?post=328839"}],"curies":[{"name":"wp","href":"https:\/\/api.w.org\/{rel}","templated":true}]}}