{"id":32916,"date":"2022-10-02T12:13:14","date_gmt":"2022-10-02T10:13:14","guid":{"rendered":"http:\/\/dev.claret.cat\/producte\/el-camio-de-los-bernat-sha-encallat\/"},"modified":"2023-01-28T13:23:57","modified_gmt":"2023-01-28T12:23:57","slug":"el-camio-de-los-bernat-sha-encallat-9788491013181","status":"publish","type":"product","link":"https:\/\/www.claret.cat\/es\/libro\/el-camio-de-los-bernat-sha-encallat-9788491013181\/","title":{"rendered":"EL CAMI\u00d3 DE L&#8217;OS BERNAT S&#8217;HA ENCALLAT!"},"content":{"rendered":"<p>Quan el cami\u00f3 de l&#8217;os Bernat s&#8217;encalla al fang, a qui demanar\u00e0 ajuda? <br \/>Mira de saber qu\u00e8 passa quan els seus amics intenten ajudar-lo. Amb tot de dibuixos que canvien de manera molt enginyosa i una s\u00e8rie de personatges pintorescos, aquest llibre il\u00b7lustrat interactiu \u00e9s segur que es convertir\u00e0 en una lectura predilecta.<\/p>\n","protected":false},"excerpt":{"rendered":"<p>HEGARTY, PATRICIA<\/p>\n","protected":false},"featured_media":71402,"template":"","meta":{"_acf_changed":false,"om_disable_all_campaigns":false,"rs_blank_template":"","rs_page_bg_color":"","slide_template_v7":"","inline_featured_image":false,"_monsterinsights_skip_tracking":false,"_monsterinsights_sitenote_active":false,"_monsterinsights_sitenote_note":"","_monsterinsights_sitenote_category":0},"product_brand":[],"product_cat":[16],"product_tag":[],"class_list":{"0":"post-32916","1":"product","2":"type-product","3":"status-publish","4":"has-post-thumbnail","6":"product_cat-sense-categoria","8":"first","9":"instock","10":"taxable","11":"shipping-taxable","12":"purchasable","13":"product-type-simple"},"acf":{"autor":"HEGARTY, PATRICIA","codart":"849101318","libros-coleccion":"COMBEL","ediciones":"1","encuadernacion":"Carton\u00e9","fecha_de_publicacion":"01\/02\/2018","novedad":"1","paginas":"14","subtitulo":"","orden":"0","portada":"0","idioma":"cat","editorial":[{"ID":147650,"post_author":"3","post_date":"2022-10-14 11:52:12","post_date_gmt":"2022-10-14 09:52:12","post_content":"","post_title":"COMBEL EDITORIL","post_excerpt":"","post_status":"publish","comment_status":"closed","ping_status":"closed","post_password":"","post_name":"combel-editoril","to_ping":"","pinged":"","post_modified":"2022-10-14 11:52:12","post_modified_gmt":"2022-10-14 09:52:12","post_content_filtered":"","post_parent":0,"guid":"http:\/\/dev.claret.cat\/editorial\/combel-editoril\/","menu_order":0,"post_type":"editorial","post_mime_type":"","comment_count":"0","filter":"raw"}],"autores-libros":[{"ID":166631,"post_author":"3","post_date":"2022-10-14 18:04:48","post_date_gmt":"2022-10-14 16:04:48","post_content":"","post_title":"PATRICIA HEGARTY","post_excerpt":"","post_status":"publish","comment_status":"closed","ping_status":"closed","post_password":"","post_name":"patricia-hegarty","to_ping":"","pinged":"","post_modified":"2022-10-14 18:04:48","post_modified_gmt":"2022-10-14 16:04:48","post_content_filtered":"","post_parent":0,"guid":"http:\/\/dev.claret.cat\/autor\/patricia-hegarty\/","menu_order":0,"post_type":"autor","post_mime_type":"","comment_count":"0","filter":"raw"}]},"aioseo_notices":[],"_links":{"self":[{"href":"https:\/\/www.claret.cat\/es\/wp-json\/wp\/v2\/product\/32916","targetHints":{"allow":["GET"]}}],"collection":[{"href":"https:\/\/www.claret.cat\/es\/wp-json\/wp\/v2\/product"}],"about":[{"href":"https:\/\/www.claret.cat\/es\/wp-json\/wp\/v2\/types\/product"}],"wp:featuredmedia":[{"embeddable":true,"href":"https:\/\/www.claret.cat\/es\/wp-json\/wp\/v2\/media\/71402"}],"wp:attachment":[{"href":"https:\/\/www.claret.cat\/es\/wp-json\/wp\/v2\/media?parent=32916"}],"wp:term":[{"taxonomy":"product_brand","embeddable":true,"href":"https:\/\/www.claret.cat\/es\/wp-json\/wp\/v2\/product_brand?post=32916"},{"taxonomy":"product_cat","embeddable":true,"href":"https:\/\/www.claret.cat\/es\/wp-json\/wp\/v2\/product_cat?post=32916"},{"taxonomy":"product_tag","embeddable":true,"href":"https:\/\/www.claret.cat\/es\/wp-json\/wp\/v2\/product_tag?post=32916"}],"curies":[{"name":"wp","href":"https:\/\/api.w.org\/{rel}","templated":true}]}}