{"id":329676,"date":"2023-01-12T15:06:02","date_gmt":"2023-01-12T14:06:02","guid":{"rendered":"https:\/\/www.claret.cat\/llibre\/mi-pequeno-catecismo-de-la-primera-comunion-9788412139846\/"},"modified":"2026-03-26T13:10:32","modified_gmt":"2026-03-26T12:10:32","slug":"mi-pequeno-catecismo-de-la-primera-comunion-9788412139846","status":"publish","type":"product","link":"https:\/\/www.claret.cat\/es\/libro\/mi-pequeno-catecismo-de-la-primera-comunion-9788412139846\/","title":{"rendered":"MI PEQUE\u00d1O CATECISMO,  DE LA PRIMERA COMUNI\u00d3N"},"content":{"rendered":"","protected":false},"excerpt":{"rendered":"<p>FAMILIA DE JES\u00daS<\/p>\n","protected":false},"featured_media":444006,"template":"","meta":{"_acf_changed":false,"om_disable_all_campaigns":false,"rs_blank_template":"","rs_page_bg_color":"","slide_template_v7":"","inline_featured_image":false,"_monsterinsights_skip_tracking":false,"_monsterinsights_sitenote_active":false,"_monsterinsights_sitenote_note":"","_monsterinsights_sitenote_category":0},"product_brand":[],"product_cat":[90,540],"product_tag":[],"class_list":{"0":"post-329676","1":"product","2":"type-product","3":"status-publish","4":"has-post-thumbnail","6":"product_cat-altres","7":"product_cat-otros","9":"first","10":"instock","11":"taxable","12":"shipping-taxable","13":"purchasable","14":"product-type-simple"},"acf":{"editorial":[{"ID":148134,"post_author":"3","post_date":"2022-10-14 11:55:54","post_date_gmt":"2022-10-14 09:55:54","post_content":"","post_title":"FAMILIA DE JESUS, S.L.","post_excerpt":"","post_status":"publish","comment_status":"closed","ping_status":"closed","post_password":"","post_name":"familia-de-jesus-s-l","to_ping":"","pinged":"","post_modified":"2022-10-14 11:55:54","post_modified_gmt":"2022-10-14 09:55:54","post_content_filtered":"","post_parent":0,"guid":"http:\/\/dev.claret.cat\/editorial\/familia-de-jesus-s-l\/","menu_order":0,"post_type":"editorial","post_mime_type":"","comment_count":"0","filter":"raw"}],"autores-libros":[{"ID":5471,"post_author":"3","post_date":"2022-07-28 17:24:42","post_date_gmt":"2022-07-28 15:24:42","post_content":"","post_title":"FAMILIA DE JES\u00daS","post_excerpt":"","post_status":"publish","comment_status":"closed","ping_status":"closed","post_password":"","post_name":"familia-de-jesus","to_ping":"","pinged":"","post_modified":"2022-07-28 17:24:42","post_modified_gmt":"2022-07-28 15:24:42","post_content_filtered":"","post_parent":0,"guid":"http:\/\/dev.claret.cat\/autor\/familia-de-jesus\/","menu_order":0,"post_type":"autor","post_mime_type":"","comment_count":"0","filter":"raw"}],"autor":"FAMILIA DE JES\u00daS","codart":"841213984","libros-coleccion":"","ediciones":"1","encuadernacion":"R\u00fastica","fecha_de_publicacion":"10\/09\/2021","novedad":"0","paginas":"32","subtitulo":"","orden":"999","portada":"0","idioma":"spa","booktrailer":"","resenas":""},"aioseo_notices":[],"_links":{"self":[{"href":"https:\/\/www.claret.cat\/es\/wp-json\/wp\/v2\/product\/329676","targetHints":{"allow":["GET"]}}],"collection":[{"href":"https:\/\/www.claret.cat\/es\/wp-json\/wp\/v2\/product"}],"about":[{"href":"https:\/\/www.claret.cat\/es\/wp-json\/wp\/v2\/types\/product"}],"wp:featuredmedia":[{"embeddable":true,"href":"https:\/\/www.claret.cat\/es\/wp-json\/wp\/v2\/media\/444006"}],"wp:attachment":[{"href":"https:\/\/www.claret.cat\/es\/wp-json\/wp\/v2\/media?parent=329676"}],"wp:term":[{"taxonomy":"product_brand","embeddable":true,"href":"https:\/\/www.claret.cat\/es\/wp-json\/wp\/v2\/product_brand?post=329676"},{"taxonomy":"product_cat","embeddable":true,"href":"https:\/\/www.claret.cat\/es\/wp-json\/wp\/v2\/product_cat?post=329676"},{"taxonomy":"product_tag","embeddable":true,"href":"https:\/\/www.claret.cat\/es\/wp-json\/wp\/v2\/product_tag?post=329676"}],"curies":[{"name":"wp","href":"https:\/\/api.w.org\/{rel}","templated":true}]}}