{"id":330804,"date":"2023-01-12T16:34:27","date_gmt":"2023-01-12T15:34:27","guid":{"rendered":"https:\/\/www.claret.cat\/llibre\/historia-del-pensamiento-filosofico-y-cientifico-i-9788425415876\/"},"modified":"2026-02-20T13:35:57","modified_gmt":"2026-02-20T12:35:57","slug":"historia-del-pensamiento-filosofico-y-cientifico-i-9788425415876","status":"publish","type":"product","link":"https:\/\/www.claret.cat\/es\/libro\/historia-del-pensamiento-filosofico-y-cientifico-i-9788425415876\/","title":{"rendered":"HISTORIA DEL PENSAMIENTO FILOS\u00d3FICO Y CIENT\u00cdFICO &#8211; I"},"content":{"rendered":"<p>Uno de los manuales m\u00e1s completos de la historia de la filosof\u00eda y de la ciencia. Se ofrece una visi\u00f3n exhaustiva del itinerario seguido por el pensamiento occidental, mostrando el peso decisivo que han tenido los pensadores y los sabios de Occidente en la progresiva formaci\u00f3n del talante del hombre actual y su mundo.Este primer volumen, Antig\u00fcedad y Edad Media, abarca el largo per\u00edodo que va desde la antig\u00fcedad cl\u00e1sica hasta la Edad Media. Las unidades did\u00e1cticas son: los or\u00edgenes griegos del pensamiento filos\u00f3fico; el descubrimiento del hombre; Plat\u00f3n y el horizonte de la metaf\u00edsica; Arist\u00f3teles y la primera sistematizaci\u00f3n occidental del saber; las escuelas helenisticas; la evoluci\u00f3n final de la filosof\u00eda antigua; la revoluci\u00f3n espiritual del lenguaje b\u00edblico; la patr\u00edstica y g\u00e9nesis; y, finalmente, desarrollo y declive de la escol\u00e1stica.De gran utilidad did\u00e1ctica son las tablas cronol\u00f3gicas, los \u00edndices de nombres y la extensa bibliograf\u00eda que aparecen al final del tomo.<\/p>\n","protected":false},"excerpt":{"rendered":"<p>REALE, GIOVANNI; ANTISERI<\/p>\n","protected":false},"featured_media":1084587,"template":"","meta":{"_acf_changed":false,"om_disable_all_campaigns":false,"rs_blank_template":"","rs_page_bg_color":"","slide_template_v7":"","inline_featured_image":false,"_monsterinsights_skip_tracking":false,"_monsterinsights_sitenote_active":false,"_monsterinsights_sitenote_note":"","_monsterinsights_sitenote_category":0},"product_brand":[],"product_cat":[165,438],"product_tag":[],"class_list":{"0":"post-330804","1":"product","2":"type-product","3":"status-publish","4":"has-post-thumbnail","6":"product_cat-historia-i-corrents-filosofia-2_humanitats","7":"product_cat-historia-y-corrientes-filosofia-2_humanidades","9":"first","10":"instock","11":"taxable","12":"shipping-taxable","13":"purchasable","14":"product-type-simple"},"acf":{"editorial":[{"ID":6266,"post_author":"3","post_date":"2022-07-28 17:48:31","post_date_gmt":"2022-07-28 15:48:31","post_content":"","post_title":"HERDER","post_excerpt":"","post_status":"publish","comment_status":"closed","ping_status":"closed","post_password":"","post_name":"herder","to_ping":"","pinged":"","post_modified":"2022-07-28 17:48:31","post_modified_gmt":"2022-07-28 15:48:31","post_content_filtered":"","post_parent":0,"guid":"http:\/\/dev.claret.cat\/editorial\/herder\/","menu_order":0,"post_type":"editorial","post_mime_type":"","comment_count":"0","filter":"raw"}],"autores-libros":[{"ID":280608,"post_author":"3","post_date":"2022-12-09 20:00:39","post_date_gmt":"2022-12-09 19:00:39","post_content":"","post_title":"GIOVANNI REALE","post_excerpt":"","post_status":"publish","comment_status":"closed","ping_status":"closed","post_password":"","post_name":"giovanni-reale","to_ping":"","pinged":"","post_modified":"2022-12-09 20:00:39","post_modified_gmt":"2022-12-09 19:00:39","post_content_filtered":"","post_parent":0,"guid":"http:\/\/dev.claret.cat\/autor\/giovanni-reale\/","menu_order":0,"post_type":"autor","post_mime_type":"","comment_count":"0","filter":"raw"},{"ID":280607,"post_author":"3","post_date":"2022-12-09 20:00:38","post_date_gmt":"2022-12-09 19:00:38","post_content":"","post_title":"DARIO ANTISERI","post_excerpt":"","post_status":"publish","comment_status":"closed","ping_status":"closed","post_password":"","post_name":"dario-antiseri","to_ping":"","pinged":"","post_modified":"2022-12-09 20:00:38","post_modified_gmt":"2022-12-09 19:00:38","post_content_filtered":"","post_parent":0,"guid":"http:\/\/dev.claret.cat\/autor\/dario-antiseri\/","menu_order":0,"post_type":"autor","post_mime_type":"","comment_count":"0","filter":"raw"}],"autor":"REALE, GIOVANNI; ANTISERI","codart":"842541587","libros-coleccion":"","ediciones":"1","encuadernacion":"R\u00fastica","fecha_de_publicacion":"04\/05\/2010","novedad":"0","paginas":"618","subtitulo":"ANTIG\u00dcEDAD Y EDAD MEDIA","orden":"999","portada":"0","idioma":"spa","booktrailer":"","resenas":""},"aioseo_notices":[],"_links":{"self":[{"href":"https:\/\/www.claret.cat\/es\/wp-json\/wp\/v2\/product\/330804","targetHints":{"allow":["GET"]}}],"collection":[{"href":"https:\/\/www.claret.cat\/es\/wp-json\/wp\/v2\/product"}],"about":[{"href":"https:\/\/www.claret.cat\/es\/wp-json\/wp\/v2\/types\/product"}],"wp:featuredmedia":[{"embeddable":true,"href":"https:\/\/www.claret.cat\/es\/wp-json\/wp\/v2\/media\/1084587"}],"wp:attachment":[{"href":"https:\/\/www.claret.cat\/es\/wp-json\/wp\/v2\/media?parent=330804"}],"wp:term":[{"taxonomy":"product_brand","embeddable":true,"href":"https:\/\/www.claret.cat\/es\/wp-json\/wp\/v2\/product_brand?post=330804"},{"taxonomy":"product_cat","embeddable":true,"href":"https:\/\/www.claret.cat\/es\/wp-json\/wp\/v2\/product_cat?post=330804"},{"taxonomy":"product_tag","embeddable":true,"href":"https:\/\/www.claret.cat\/es\/wp-json\/wp\/v2\/product_tag?post=330804"}],"curies":[{"name":"wp","href":"https:\/\/api.w.org\/{rel}","templated":true}]}}