{"id":331167,"date":"2023-01-12T17:14:25","date_gmt":"2023-01-12T16:14:25","guid":{"rendered":"https:\/\/www.claret.cat\/llibre\/la-psicoterapia-en-la-practica-clinica-9788425430572\/"},"modified":"2026-01-28T12:09:27","modified_gmt":"2026-01-28T11:09:27","slug":"la-psicoterapia-en-la-practica-clinica-9788425430572","status":"publish","type":"product","link":"https:\/\/www.claret.cat\/es\/libro\/la-psicoterapia-en-la-practica-clinica-9788425430572\/","title":{"rendered":"LA PSICOTERAPIA EN LA PR\u00c1CTICA CL\u00cdNICA"},"content":{"rendered":"","protected":false},"excerpt":{"rendered":"<p>FRANKL, VIKTOR<\/p>\n","protected":false},"featured_media":0,"template":"","meta":{"_acf_changed":false,"om_disable_all_campaigns":false,"rs_blank_template":"","rs_page_bg_color":"","slide_template_v7":"","inline_featured_image":false,"_monsterinsights_skip_tracking":false,"_monsterinsights_sitenote_active":false,"_monsterinsights_sitenote_note":"","_monsterinsights_sitenote_category":0},"product_brand":[],"product_cat":[90,540],"product_tag":[],"class_list":{"0":"post-331167","1":"product","2":"type-product","3":"status-publish","5":"product_cat-altres","6":"product_cat-otros","8":"first","9":"instock","10":"taxable","11":"shipping-taxable","12":"purchasable","13":"product-type-simple"},"acf":{"editorial":[{"ID":6266,"post_author":"3","post_date":"2022-07-28 17:48:31","post_date_gmt":"2022-07-28 15:48:31","post_content":"","post_title":"HERDER","post_excerpt":"","post_status":"publish","comment_status":"closed","ping_status":"closed","post_password":"","post_name":"herder","to_ping":"","pinged":"","post_modified":"2022-07-28 17:48:31","post_modified_gmt":"2022-07-28 15:48:31","post_content_filtered":"","post_parent":0,"guid":"http:\/\/dev.claret.cat\/editorial\/herder\/","menu_order":0,"post_type":"editorial","post_mime_type":"","comment_count":"0","filter":"raw"}],"autores-libros":[{"ID":171102,"post_author":"3","post_date":"2022-10-14 22:40:42","post_date_gmt":"2022-10-14 20:40:42","post_content":"","post_title":"VIKTOR FRANKL","post_excerpt":"","post_status":"publish","comment_status":"closed","ping_status":"closed","post_password":"","post_name":"viktor-frankl","to_ping":"","pinged":"","post_modified":"2022-10-14 22:40:42","post_modified_gmt":"2022-10-14 20:40:42","post_content_filtered":"","post_parent":0,"guid":"http:\/\/dev.claret.cat\/autor\/viktor-frankl\/","menu_order":0,"post_type":"autor","post_mime_type":"","comment_count":"0","filter":"raw"}],"autor":"FRANKL, VIKTOR","codart":"842543057","libros-coleccion":"","ediciones":"1","encuadernacion":"R\u00fastica","fecha_de_publicacion":"10\/07\/2014","novedad":"0","paginas":"368","subtitulo":"UNA INTRODUCCI\u00d3N CASU\u00cdSTICA PARA M\u00c9DICOS","orden":"999","portada":"0","idioma":"spa","booktrailer":"","resenas":""},"aioseo_notices":[],"_links":{"self":[{"href":"https:\/\/www.claret.cat\/es\/wp-json\/wp\/v2\/product\/331167","targetHints":{"allow":["GET"]}}],"collection":[{"href":"https:\/\/www.claret.cat\/es\/wp-json\/wp\/v2\/product"}],"about":[{"href":"https:\/\/www.claret.cat\/es\/wp-json\/wp\/v2\/types\/product"}],"wp:attachment":[{"href":"https:\/\/www.claret.cat\/es\/wp-json\/wp\/v2\/media?parent=331167"}],"wp:term":[{"taxonomy":"product_brand","embeddable":true,"href":"https:\/\/www.claret.cat\/es\/wp-json\/wp\/v2\/product_brand?post=331167"},{"taxonomy":"product_cat","embeddable":true,"href":"https:\/\/www.claret.cat\/es\/wp-json\/wp\/v2\/product_cat?post=331167"},{"taxonomy":"product_tag","embeddable":true,"href":"https:\/\/www.claret.cat\/es\/wp-json\/wp\/v2\/product_tag?post=331167"}],"curies":[{"name":"wp","href":"https:\/\/api.w.org\/{rel}","templated":true}]}}