{"id":33123,"date":"2022-10-02T12:16:17","date_gmt":"2022-10-02T10:16:17","guid":{"rendered":"http:\/\/dev.claret.cat\/producte\/laneguet-lleig-3\/"},"modified":"2023-01-28T11:13:00","modified_gmt":"2023-01-28T10:13:00","slug":"laneguet-lleig-9788491014447","status":"publish","type":"product","link":"https:\/\/www.claret.cat\/es\/libro\/laneguet-lleig-9788491014447\/","title":{"rendered":"L&#8217;ANEGUET LLEIG"},"content":{"rendered":"<p>Una adaptaci\u00f3 del conte cl\u00e0ssic en una proposta est\u00e8tica i sensorial de formes en relleu. Una col\u00b7lecci\u00f3 pensada perqu\u00e8 els nens i nenes descobreixin una nova manera d&#8221;interactuar amb els cl\u00e0ssics de sempre.<\/p>\n","protected":false},"excerpt":{"rendered":"<p>DENEUX, XAVIER<\/p>\n","protected":false},"featured_media":68514,"template":"","meta":{"_acf_changed":false,"om_disable_all_campaigns":false,"rs_blank_template":"","rs_page_bg_color":"","slide_template_v7":"","inline_featured_image":false,"_monsterinsights_skip_tracking":false,"_monsterinsights_sitenote_active":false,"_monsterinsights_sitenote_note":"","_monsterinsights_sitenote_category":0},"product_brand":[],"product_cat":[86],"product_tag":[],"class_list":{"0":"post-33123","1":"product","2":"type-product","3":"status-publish","4":"has-post-thumbnail","6":"product_cat-infantil","8":"first","9":"instock","10":"taxable","11":"shipping-taxable","12":"purchasable","13":"product-type-simple"},"acf":{"autor":"DENEUX, XAVIER","codart":"849101444","libros-coleccion":"El calaix de contes","ediciones":"1","encuadernacion":"Carpeta","fecha_de_publicacion":"01\/02\/2019","novedad":"1","paginas":"16","subtitulo":"","orden":"0","portada":"0","idioma":"cat","editorial":[{"ID":147650,"post_author":"3","post_date":"2022-10-14 11:52:12","post_date_gmt":"2022-10-14 09:52:12","post_content":"","post_title":"COMBEL EDITORIL","post_excerpt":"","post_status":"publish","comment_status":"closed","ping_status":"closed","post_password":"","post_name":"combel-editoril","to_ping":"","pinged":"","post_modified":"2022-10-14 11:52:12","post_modified_gmt":"2022-10-14 09:52:12","post_content_filtered":"","post_parent":0,"guid":"http:\/\/dev.claret.cat\/editorial\/combel-editoril\/","menu_order":0,"post_type":"editorial","post_mime_type":"","comment_count":"0","filter":"raw"}],"autores-libros":[{"ID":171433,"post_author":"3","post_date":"2022-10-14 22:43:22","post_date_gmt":"2022-10-14 20:43:22","post_content":"","post_title":"XAVIER DENEUX","post_excerpt":"","post_status":"publish","comment_status":"closed","ping_status":"closed","post_password":"","post_name":"xavier-deneux","to_ping":"","pinged":"","post_modified":"2022-10-14 22:43:22","post_modified_gmt":"2022-10-14 20:43:22","post_content_filtered":"","post_parent":0,"guid":"http:\/\/dev.claret.cat\/autor\/xavier-deneux\/","menu_order":0,"post_type":"autor","post_mime_type":"","comment_count":"0","filter":"raw"}]},"aioseo_notices":[],"_links":{"self":[{"href":"https:\/\/www.claret.cat\/es\/wp-json\/wp\/v2\/product\/33123","targetHints":{"allow":["GET"]}}],"collection":[{"href":"https:\/\/www.claret.cat\/es\/wp-json\/wp\/v2\/product"}],"about":[{"href":"https:\/\/www.claret.cat\/es\/wp-json\/wp\/v2\/types\/product"}],"wp:featuredmedia":[{"embeddable":true,"href":"https:\/\/www.claret.cat\/es\/wp-json\/wp\/v2\/media\/68514"}],"wp:attachment":[{"href":"https:\/\/www.claret.cat\/es\/wp-json\/wp\/v2\/media?parent=33123"}],"wp:term":[{"taxonomy":"product_brand","embeddable":true,"href":"https:\/\/www.claret.cat\/es\/wp-json\/wp\/v2\/product_brand?post=33123"},{"taxonomy":"product_cat","embeddable":true,"href":"https:\/\/www.claret.cat\/es\/wp-json\/wp\/v2\/product_cat?post=33123"},{"taxonomy":"product_tag","embeddable":true,"href":"https:\/\/www.claret.cat\/es\/wp-json\/wp\/v2\/product_tag?post=33123"}],"curies":[{"name":"wp","href":"https:\/\/api.w.org\/{rel}","templated":true}]}}