{"id":33135,"date":"2022-10-02T12:16:27","date_gmt":"2022-10-02T10:16:27","guid":{"rendered":"http:\/\/dev.claret.cat\/producte\/si-dios-existe\/"},"modified":"2023-01-28T22:20:53","modified_gmt":"2023-01-28T21:20:53","slug":"si-dios-existe-9788494568640","status":"publish","type":"product","link":"https:\/\/www.claret.cat\/es\/libro\/si-dios-existe-9788494568640\/","title":{"rendered":"SI DIOS EXISTE"},"content":{"rendered":"<p>Un comentario personal de Joann Sfar sobre la actualidad. El autor presenta sus pensamientos en un momento dif\u00edcil de su vida.<\/p>\n<p>Joann Sfar es dibujante y guionista de c\u00f3mic. Naci\u00f3 en Niza en una familia jud\u00eda, lo que influy\u00f3 posteriormente en sus obras. En su obra Sfar incluye temas muy diversos, con frecuencia preocupaciones personales del autor, como el Dios, la pol\u00edtica, la feminidad, la historia y filosof\u00eda. En la creaci\u00f3n de Sfar se refleja asimismo un fuerte lazo con su familia, especialmente con su madre, que falleci\u00f3 temprano y que dej\u00f3 un vac\u00edo en la vida del autor.<\/p>\n","protected":false},"excerpt":{"rendered":"<p>JOANN SFAR<\/p>\n","protected":false},"featured_media":74448,"template":"","meta":{"_acf_changed":false,"om_disable_all_campaigns":false,"rs_blank_template":"","rs_page_bg_color":"","slide_template_v7":"","inline_featured_image":false,"_monsterinsights_skip_tracking":false,"_monsterinsights_sitenote_active":false,"_monsterinsights_sitenote_note":"","_monsterinsights_sitenote_category":0},"product_brand":[],"product_cat":[87],"product_tag":[],"class_list":{"0":"post-33135","1":"product","2":"type-product","3":"status-publish","4":"has-post-thumbnail","6":"product_cat-literatura","8":"first","9":"instock","10":"taxable","11":"shipping-taxable","12":"purchasable","13":"product-type-simple"},"acf":{"autor":"JOANN SFAR","codart":"849456864","libros-coleccion":"","ediciones":"1","encuadernacion":"R\u00fastica","fecha_de_publicacion":"01\/07\/2016","novedad":"0","paginas":"200","subtitulo":"","orden":"999","portada":"0","idioma":"spa","editorial":[{"ID":147658,"post_author":"3","post_date":"2022-10-14 11:52:16","post_date_gmt":"2022-10-14 09:52:16","post_content":"","post_title":"CONFLUENCIAS EDITORIAL","post_excerpt":"","post_status":"publish","comment_status":"closed","ping_status":"closed","post_password":"","post_name":"confluencias-editorial","to_ping":"","pinged":"","post_modified":"2022-10-14 11:52:16","post_modified_gmt":"2022-10-14 09:52:16","post_content_filtered":"","post_parent":0,"guid":"http:\/\/dev.claret.cat\/editorial\/confluencias-editorial\/","menu_order":0,"post_type":"editorial","post_mime_type":"","comment_count":"0","filter":"raw"}],"autores-libros":[{"ID":159471,"post_author":"3","post_date":"2022-10-14 15:45:07","post_date_gmt":"2022-10-14 13:45:07","post_content":"","post_title":"JOANN SFAR","post_excerpt":"","post_status":"publish","comment_status":"closed","ping_status":"closed","post_password":"","post_name":"joann-sfar-2","to_ping":"","pinged":"","post_modified":"2022-10-14 15:45:07","post_modified_gmt":"2022-10-14 13:45:07","post_content_filtered":"","post_parent":0,"guid":"http:\/\/dev.claret.cat\/autor\/joann-sfar-2\/","menu_order":0,"post_type":"autor","post_mime_type":"","comment_count":"0","filter":"raw"}]},"aioseo_notices":[],"_links":{"self":[{"href":"https:\/\/www.claret.cat\/es\/wp-json\/wp\/v2\/product\/33135","targetHints":{"allow":["GET"]}}],"collection":[{"href":"https:\/\/www.claret.cat\/es\/wp-json\/wp\/v2\/product"}],"about":[{"href":"https:\/\/www.claret.cat\/es\/wp-json\/wp\/v2\/types\/product"}],"wp:featuredmedia":[{"embeddable":true,"href":"https:\/\/www.claret.cat\/es\/wp-json\/wp\/v2\/media\/74448"}],"wp:attachment":[{"href":"https:\/\/www.claret.cat\/es\/wp-json\/wp\/v2\/media?parent=33135"}],"wp:term":[{"taxonomy":"product_brand","embeddable":true,"href":"https:\/\/www.claret.cat\/es\/wp-json\/wp\/v2\/product_brand?post=33135"},{"taxonomy":"product_cat","embeddable":true,"href":"https:\/\/www.claret.cat\/es\/wp-json\/wp\/v2\/product_cat?post=33135"},{"taxonomy":"product_tag","embeddable":true,"href":"https:\/\/www.claret.cat\/es\/wp-json\/wp\/v2\/product_tag?post=33135"}],"curies":[{"name":"wp","href":"https:\/\/api.w.org\/{rel}","templated":true}]}}