{"id":33183,"date":"2022-10-02T12:17:01","date_gmt":"2022-10-02T10:17:01","guid":{"rendered":"http:\/\/dev.claret.cat\/producte\/la-excelencia-en-los-centros-educativos\/"},"modified":"2024-05-22T19:43:20","modified_gmt":"2024-05-22T17:43:20","slug":"la-excelencia-en-los-centros-educativos-9788498426168","status":"publish","type":"product","link":"https:\/\/www.claret.cat\/es\/libro\/la-excelencia-en-los-centros-educativos-9788498426168\/","title":{"rendered":"LA EXCELENCIA EN LOS CENTROS EDUCATIVOS"},"content":{"rendered":"<p>Mejorar la calidad de los sistemas educativos es uno de los grandes desaf\u00edos de la Uni\u00f3n Europea. Este libro recoge el marco te\u00f3rico b\u00e1sico, los principios fundamentales y la experiencia pr\u00e1ctica necesaria para todos aquellos centros y profesores que tienen como prop\u00f3sito la excelencia educativa.<\/p>\n","protected":false},"excerpt":{"rendered":"<p>NAVARIDAS; GONZ\u00c1LEZ; FERN\u00c1NDEZ<\/p>\n","protected":false},"featured_media":366763,"template":"","meta":{"_acf_changed":false,"om_disable_all_campaigns":false,"rs_blank_template":"","rs_page_bg_color":"","slide_template_v7":"","inline_featured_image":false,"_monsterinsights_skip_tracking":false,"_monsterinsights_sitenote_active":false,"_monsterinsights_sitenote_note":"","_monsterinsights_sitenote_category":0},"product_brand":[],"product_cat":[90,540],"product_tag":[],"class_list":{"0":"post-33183","1":"product","2":"type-product","3":"status-publish","4":"has-post-thumbnail","6":"product_cat-altres","7":"product_cat-otros","9":"first","10":"instock","11":"taxable","12":"shipping-taxable","13":"purchasable","14":"product-type-simple"},"acf":{"autor":"NAVARIDAS; GONZ\u00c1LEZ; FERN\u00c1NDEZ","codart":"849842616","libros-coleccion":"","ediciones":"1","encuadernacion":"R\u00fastica","fecha_de_publicacion":"21\/10\/2010","novedad":"0","paginas":"204","subtitulo":"","orden":"999","portada":"0","idioma":"spa","editorial":[{"ID":6155,"post_author":"3","post_date":"2022-07-28 17:46:04","post_date_gmt":"2022-07-28 15:46:04","post_content":"","post_title":"Central Catequ\u00edstica Salesiana","post_excerpt":"","post_status":"publish","comment_status":"closed","ping_status":"closed","post_password":"","post_name":"central-catequistica-salesiana","to_ping":"","pinged":"","post_modified":"2022-07-28 17:46:04","post_modified_gmt":"2022-07-28 15:46:04","post_content_filtered":"","post_parent":0,"guid":"http:\/\/dev.claret.cat\/editorial\/central-catequistica-salesiana\/","menu_order":0,"post_type":"editorial","post_mime_type":"","comment_count":"0","filter":"raw"}],"autores-libros":[{"ID":165710,"post_author":"3","post_date":"2022-10-14 17:57:20","post_date_gmt":"2022-10-14 15:57:20","post_content":"","post_title":"NAVARIDAS","post_excerpt":"","post_status":"publish","comment_status":"closed","ping_status":"closed","post_password":"","post_name":"navaridas","to_ping":"","pinged":"","post_modified":"2022-10-14 17:57:20","post_modified_gmt":"2022-10-14 15:57:20","post_content_filtered":"","post_parent":0,"guid":"http:\/\/dev.claret.cat\/autor\/navaridas\/","menu_order":0,"post_type":"autor","post_mime_type":"","comment_count":"0","filter":"raw"},{"ID":157029,"post_author":"3","post_date":"2022-10-14 15:25:33","post_date_gmt":"2022-10-14 13:25:33","post_content":"","post_title":"GONZ\u00c1LEZ","post_excerpt":"","post_status":"publish","comment_status":"closed","ping_status":"closed","post_password":"","post_name":"gonzalez","to_ping":"","pinged":"","post_modified":"2022-10-14 15:25:33","post_modified_gmt":"2022-10-14 13:25:33","post_content_filtered":"","post_parent":0,"guid":"http:\/\/dev.claret.cat\/autor\/gonzalez\/","menu_order":0,"post_type":"autor","post_mime_type":"","comment_count":"0","filter":"raw"},{"ID":155765,"post_author":"3","post_date":"2022-10-14 15:15:27","post_date_gmt":"2022-10-14 13:15:27","post_content":"","post_title":"FERNANDEZ","post_excerpt":"","post_status":"publish","comment_status":"closed","ping_status":"closed","post_password":"","post_name":"fernandez","to_ping":"","pinged":"","post_modified":"2022-10-14 15:15:27","post_modified_gmt":"2022-10-14 13:15:27","post_content_filtered":"","post_parent":0,"guid":"http:\/\/dev.claret.cat\/autor\/fernandez\/","menu_order":0,"post_type":"autor","post_mime_type":"","comment_count":"0","filter":"raw"}]},"aioseo_notices":[],"_links":{"self":[{"href":"https:\/\/www.claret.cat\/es\/wp-json\/wp\/v2\/product\/33183","targetHints":{"allow":["GET"]}}],"collection":[{"href":"https:\/\/www.claret.cat\/es\/wp-json\/wp\/v2\/product"}],"about":[{"href":"https:\/\/www.claret.cat\/es\/wp-json\/wp\/v2\/types\/product"}],"wp:featuredmedia":[{"embeddable":true,"href":"https:\/\/www.claret.cat\/es\/wp-json\/wp\/v2\/media\/366763"}],"wp:attachment":[{"href":"https:\/\/www.claret.cat\/es\/wp-json\/wp\/v2\/media?parent=33183"}],"wp:term":[{"taxonomy":"product_brand","embeddable":true,"href":"https:\/\/www.claret.cat\/es\/wp-json\/wp\/v2\/product_brand?post=33183"},{"taxonomy":"product_cat","embeddable":true,"href":"https:\/\/www.claret.cat\/es\/wp-json\/wp\/v2\/product_cat?post=33183"},{"taxonomy":"product_tag","embeddable":true,"href":"https:\/\/www.claret.cat\/es\/wp-json\/wp\/v2\/product_tag?post=33183"}],"curies":[{"name":"wp","href":"https:\/\/api.w.org\/{rel}","templated":true}]}}