{"id":33216,"date":"2022-10-02T12:17:25","date_gmt":"2022-10-02T10:17:25","guid":{"rendered":"http:\/\/dev.claret.cat\/producte\/textos-gnosticos-i-nag-hammadi-tratados-filosoficos-y-cosmologicos\/"},"modified":"2025-09-16T12:15:26","modified_gmt":"2025-09-16T10:15:26","slug":"textos-gnosticos-i-nag-hammadi-tratados-filosoficos-y-cosmologicos-9788498797350","status":"publish","type":"product","link":"https:\/\/www.claret.cat\/es\/libro\/textos-gnosticos-i-nag-hammadi-tratados-filosoficos-y-cosmologicos-9788498797350\/","title":{"rendered":"TEXTOS GN\u00d3STICOS I. NAG HAMMADI. TRATADOS FILOSOFICOS Y COSMOLOGICOS"},"content":{"rendered":"<p>Gran parte de los escritos que se encuentran en los trece libros que comprenden esta biblioteca son gn\u00f3sticos. Hoy se conoce que la gnosis y el gnosticismo forman el n\u00facleo de uno de los acontecimientos ideol\u00f3gicos que dominaron el pensamiento religioso y filos\u00f3fico de la cuenca del Mediterr\u00e1neo a lo largo los siglos I al IV. Con este libro se presenta la primera versi\u00f3n \u00edntegra de estos manuscritos, prosiguiendo las mejores ediciones cr\u00edticas del texto copto.<\/p>\n","protected":false},"excerpt":{"rendered":"<p>GARC\u00cd\u00adA BAZ\u00c1N, FRANCISCO\/MONTSERRAT TORRENTS, JOS\u00c9\/PI\u00d1ERO, A<\/p>\n","protected":false},"featured_media":70834,"template":"","meta":{"_acf_changed":false,"om_disable_all_campaigns":false,"rs_blank_template":"","rs_page_bg_color":"","slide_template_v7":"","inline_featured_image":false,"_monsterinsights_skip_tracking":false,"_monsterinsights_sitenote_active":false,"_monsterinsights_sitenote_note":"","_monsterinsights_sitenote_category":0},"product_brand":[],"product_cat":[341,75,85,351,544,94],"product_tag":[],"class_list":{"0":"post-33216","1":"product","2":"type-product","3":"status-publish","4":"has-post-thumbnail","6":"product_cat-biblia-es","7":"product_cat-biblia","8":"product_cat-historia","9":"product_cat-historia-2_humanidades","10":"product_cat-religiones","11":"product_cat-religions","13":"first","14":"instock","15":"taxable","16":"shipping-taxable","17":"purchasable","18":"product-type-simple"},"acf":{"autor":"GARC\u00cd\u00adA BAZ\u00c1N, FRANCISCO\/MONTSERRAT TORRENTS, JOS\u00c9\/PI\u00d1ERO, A","codart":"849879735","libros-coleccion":"Paradigmas","ediciones":"1","encuadernacion":"R\u00fastica","fecha_de_publicacion":"01\/04\/2018","novedad":"1","paginas":"0","subtitulo":"","orden":"0","portada":"0","idioma":"spa","editorial":[{"ID":6237,"post_author":"3","post_date":"2022-07-28 17:47:53","post_date_gmt":"2022-07-28 15:47:53","post_content":"","post_title":"Editorial Trotta","post_excerpt":"","post_status":"publish","comment_status":"closed","ping_status":"closed","post_password":"","post_name":"editorial-trotta","to_ping":"","pinged":"","post_modified":"2022-07-28 17:47:53","post_modified_gmt":"2022-07-28 15:47:53","post_content_filtered":"","post_parent":0,"guid":"http:\/\/dev.claret.cat\/editorial\/editorial-trotta\/","menu_order":0,"post_type":"editorial","post_mime_type":"","comment_count":"0","filter":"raw"}],"autores-libros":[{"ID":156245,"post_author":"3","post_date":"2022-10-14 15:19:16","post_date_gmt":"2022-10-14 13:19:16","post_content":"","post_title":"FRANCISCO GARC\u00cd\u00adA BAZ\u00c1N","post_excerpt":"","post_status":"publish","comment_status":"closed","ping_status":"closed","post_password":"","post_name":"francisco-garcia-bazan","to_ping":"","pinged":"","post_modified":"2022-10-14 15:19:16","post_modified_gmt":"2022-10-14 13:19:16","post_content_filtered":"","post_parent":0,"guid":"http:\/\/dev.claret.cat\/autor\/francisco-garcia-bazan\/","menu_order":0,"post_type":"autor","post_mime_type":"","comment_count":"0","filter":"raw"},{"ID":149019,"post_author":"3","post_date":"2022-10-14 14:21:29","post_date_gmt":"2022-10-14 12:21:29","post_content":"","post_title":"A PI\u00d1ERO","post_excerpt":"","post_status":"publish","comment_status":"closed","ping_status":"closed","post_password":"","post_name":"a-pinero","to_ping":"","pinged":"","post_modified":"2022-10-14 14:21:29","post_modified_gmt":"2022-10-14 12:21:29","post_content_filtered":"","post_parent":0,"guid":"http:\/\/dev.claret.cat\/autor\/a-pinero\/","menu_order":0,"post_type":"autor","post_mime_type":"","comment_count":"0","filter":"raw"},{"ID":160520,"post_author":"3","post_date":"2022-10-14 15:53:44","post_date_gmt":"2022-10-14 13:53:44","post_content":"","post_title":"JOSE MONTSERRAT TORRENTS","post_excerpt":"","post_status":"publish","comment_status":"closed","ping_status":"closed","post_password":"","post_name":"jose-montserrat-torrents","to_ping":"","pinged":"","post_modified":"2022-10-14 15:53:44","post_modified_gmt":"2022-10-14 13:53:44","post_content_filtered":"","post_parent":0,"guid":"http:\/\/dev.claret.cat\/autor\/jose-montserrat-torrents\/","menu_order":0,"post_type":"autor","post_mime_type":"","comment_count":"0","filter":"raw"}],"booktrailer":"","resenas":""},"aioseo_notices":[],"_links":{"self":[{"href":"https:\/\/www.claret.cat\/es\/wp-json\/wp\/v2\/product\/33216","targetHints":{"allow":["GET"]}}],"collection":[{"href":"https:\/\/www.claret.cat\/es\/wp-json\/wp\/v2\/product"}],"about":[{"href":"https:\/\/www.claret.cat\/es\/wp-json\/wp\/v2\/types\/product"}],"wp:featuredmedia":[{"embeddable":true,"href":"https:\/\/www.claret.cat\/es\/wp-json\/wp\/v2\/media\/70834"}],"wp:attachment":[{"href":"https:\/\/www.claret.cat\/es\/wp-json\/wp\/v2\/media?parent=33216"}],"wp:term":[{"taxonomy":"product_brand","embeddable":true,"href":"https:\/\/www.claret.cat\/es\/wp-json\/wp\/v2\/product_brand?post=33216"},{"taxonomy":"product_cat","embeddable":true,"href":"https:\/\/www.claret.cat\/es\/wp-json\/wp\/v2\/product_cat?post=33216"},{"taxonomy":"product_tag","embeddable":true,"href":"https:\/\/www.claret.cat\/es\/wp-json\/wp\/v2\/product_tag?post=33216"}],"curies":[{"name":"wp","href":"https:\/\/api.w.org\/{rel}","templated":true}]}}