{"id":33231,"date":"2022-10-02T12:17:42","date_gmt":"2022-10-02T10:17:42","guid":{"rendered":"http:\/\/dev.claret.cat\/producte\/aproximacion-al-jesus-historico\/"},"modified":"2026-02-25T13:21:11","modified_gmt":"2026-02-25T12:21:11","slug":"aproximacion-al-jesus-historico-9788498797619","status":"publish","type":"product","link":"https:\/\/www.claret.cat\/es\/libro\/aproximacion-al-jesus-historico-9788498797619\/","title":{"rendered":"APROXIMACI\u00d3N AL JES\u00daS HIST\u00d3RICO"},"content":{"rendered":"<p>\u00bfEs verdad que Jes\u00fas nunca existi\u00f3 como muchos afirman? Y si se acepta su historicidad, \u00bfc\u00f3mo sabemos qu\u00e9 fue lo que dijo o hizo verdaderamente? \u00bfHay sistemas o m\u00e9todos para averiguar qu\u00e9 es hist\u00f3rico y qu\u00e9 no en lo que se cuenta de Jes\u00fas? \u00bfQu\u00e9 valor tienen en general textos, los evangelios, que se nos han transmitido sobre \u00e9l desde tiempos remotos? O tambi\u00e9n, \u00bfc\u00f3mo se puede obtener algo que se acerque a la verdad de tanto como se ha escrito sobre Jes\u00fas, en especial desde la \u00e9poca de la Ilustraci\u00f3n? Y por fin, \u00bfpor qu\u00e9 los estudiosos en general parecen rechazar arbitrariamente unos pasajes de los evangelios como \u00abfalsos\u00bb y aceptan otros como \u00abverdaderos\u00bb?<br \/> Todas estas son preguntas reales, formuladas al autor directa y personalmente, que surgen de forma espont\u00e1nea en cualquiera que se interesa por Jes\u00fas. A lo largo del libro el lector percibir\u00e1 c\u00f3mo utilizando cient\u00edficamente los m\u00e9todos que se describen en \u00e9l, y observando los ejemplos ilustrativos, es posible aproximarse hist\u00f3ricamente a la figura de Jes\u00fas de Nazaret.<br \/> Este libro sirve adem\u00e1s de ayuda e introducci\u00f3n al estudio concreto de los evangelios, de modo que se consiga tener una noci\u00f3n suficientemente clara de su valor literario e hist\u00f3rico y de las razones de ello. Est\u00e1 compuesto desde el punto de vista estrictamente hist\u00f3rico y de la cr\u00edtica literaria, sin estar supeditado a ninguna confesi\u00f3n religiosa, pero igualmente sin practicar militancia ideol\u00f3gica alguna. Es una presentaci\u00f3n sencilla, en lo posible, ordenada y (casi) completa de los m\u00e9todos utilizados por la ciencia hist\u00f3rica para aproximarse a las primeras fuentes sobre Jes\u00fas.<\/p>\n","protected":false},"excerpt":{"rendered":"<p>PI\u00d1ERO, ANTONIO<\/p>\n","protected":false},"featured_media":1046177,"template":"","meta":{"_acf_changed":false,"om_disable_all_campaigns":false,"rs_blank_template":"","rs_page_bg_color":"","slide_template_v7":"","inline_featured_image":false,"_monsterinsights_skip_tracking":false,"_monsterinsights_sitenote_active":false,"_monsterinsights_sitenote_note":"","_monsterinsights_sitenote_category":0},"product_brand":[],"product_cat":[75,341,91,541],"product_tag":[],"class_list":{"0":"post-33231","1":"product","2":"type-product","3":"status-publish","4":"has-post-thumbnail","6":"product_cat-biblia","7":"product_cat-biblia-es","8":"product_cat-cristologia","9":"product_cat-cristologia-1_espiritualidad-spa","11":"first","12":"instock","13":"taxable","14":"shipping-taxable","15":"purchasable","16":"product-type-simple"},"acf":{"autor":"PI\u00d1ERO, ANTONIO","codart":"849879761","libros-coleccion":"Estructuras y procesos. Religi\u00f3n","ediciones":"1","encuadernacion":"R\u00fastica","fecha_de_publicacion":"01\/09\/2018","novedad":"1","paginas":"344","subtitulo":"","orden":"0","portada":"0","idioma":"spa","editorial":[{"ID":6237,"post_author":"3","post_date":"2022-07-28 17:47:53","post_date_gmt":"2022-07-28 15:47:53","post_content":"","post_title":"Editorial Trotta","post_excerpt":"","post_status":"publish","comment_status":"closed","ping_status":"closed","post_password":"","post_name":"editorial-trotta","to_ping":"","pinged":"","post_modified":"2022-07-28 17:47:53","post_modified_gmt":"2022-07-28 15:47:53","post_content_filtered":"","post_parent":0,"guid":"http:\/\/dev.claret.cat\/editorial\/editorial-trotta\/","menu_order":0,"post_type":"editorial","post_mime_type":"","comment_count":"0","filter":"raw"}],"autores-libros":[{"ID":150991,"post_author":"3","post_date":"2022-10-14 14:37:21","post_date_gmt":"2022-10-14 12:37:21","post_content":"","post_title":"ANTONIO PI\u00d1ERO","post_excerpt":"","post_status":"publish","comment_status":"closed","ping_status":"closed","post_password":"","post_name":"antonio-pinero","to_ping":"","pinged":"","post_modified":"2022-10-14 14:37:21","post_modified_gmt":"2022-10-14 12:37:21","post_content_filtered":"","post_parent":0,"guid":"http:\/\/dev.claret.cat\/autor\/antonio-pinero\/","menu_order":0,"post_type":"autor","post_mime_type":"","comment_count":"0","filter":"raw"}],"booktrailer":"","resenas":""},"aioseo_notices":[],"_links":{"self":[{"href":"https:\/\/www.claret.cat\/es\/wp-json\/wp\/v2\/product\/33231","targetHints":{"allow":["GET"]}}],"collection":[{"href":"https:\/\/www.claret.cat\/es\/wp-json\/wp\/v2\/product"}],"about":[{"href":"https:\/\/www.claret.cat\/es\/wp-json\/wp\/v2\/types\/product"}],"wp:featuredmedia":[{"embeddable":true,"href":"https:\/\/www.claret.cat\/es\/wp-json\/wp\/v2\/media\/1046177"}],"wp:attachment":[{"href":"https:\/\/www.claret.cat\/es\/wp-json\/wp\/v2\/media?parent=33231"}],"wp:term":[{"taxonomy":"product_brand","embeddable":true,"href":"https:\/\/www.claret.cat\/es\/wp-json\/wp\/v2\/product_brand?post=33231"},{"taxonomy":"product_cat","embeddable":true,"href":"https:\/\/www.claret.cat\/es\/wp-json\/wp\/v2\/product_cat?post=33231"},{"taxonomy":"product_tag","embeddable":true,"href":"https:\/\/www.claret.cat\/es\/wp-json\/wp\/v2\/product_tag?post=33231"}],"curies":[{"name":"wp","href":"https:\/\/api.w.org\/{rel}","templated":true}]}}