{"id":333363,"date":"2023-01-12T20:15:37","date_gmt":"2023-01-12T19:15:37","guid":{"rendered":"https:\/\/www.claret.cat\/llibre\/quinqui-connection-9788419415066\/"},"modified":"2023-10-06T06:38:08","modified_gmt":"2023-10-06T04:38:08","slug":"quinqui-connection-9788419415066","status":"publish","type":"product","link":"https:\/\/www.claret.cat\/es\/libro\/quinqui-connection-9788419415066\/","title":{"rendered":"QUINQUI CONNECTION"},"content":{"rendered":"<p>Diuen els rumors que a Son Banya, el poblat on es ven la droga a l\u2019illa de Mallorca, la gitana que dirigeix el clan t\u00e9 un quadre que val una morterada. Una colla d\u2019arreplegats es pensen que si el roben solucionaran els seus problemes de pasta.<\/p>\n<p>El que no saben els pobres desgraciats \u00e9s que ficar-se en un supermercat de la droga \u00e9s perill\u00f3s, quan jugues a quinquis. Tindran ells la sort dels inconscients?<\/p>\n<p>Anys despr\u00e9s, la vida aparentment tranquil\u00b7la en mesos d\u2019estiu de la premsa mallorquina es trasbalsa amb l\u2019aparici\u00f3 de diferents cad\u00e0vers a l\u2019illa infestada de turistes. La cr\u00f2nica del dia a dia en un dels diaris m\u00e9s importants de Mallorca mostrar\u00e0 aquesta escalada de viol\u00e8ncia i els interessos que s\u2019amaguen darrer<\/p>\n","protected":false},"excerpt":{"rendered":"<p>BENNASAR, SEBASTI\u00c0<\/p>\n","protected":false},"featured_media":370448,"template":"","meta":{"_acf_changed":false,"om_disable_all_campaigns":false,"rs_blank_template":"","rs_page_bg_color":"","slide_template_v7":"","inline_featured_image":false,"_monsterinsights_skip_tracking":false,"_monsterinsights_sitenote_active":false,"_monsterinsights_sitenote_note":"","_monsterinsights_sitenote_category":0},"product_brand":[],"product_cat":[127],"product_tag":[],"class_list":{"0":"post-333363","1":"product","2":"type-product","3":"status-publish","4":"has-post-thumbnail","6":"product_cat-novella-contemporania","8":"first","9":"instock","10":"taxable","11":"shipping-taxable","12":"purchasable","13":"product-type-simple"},"acf":{"editorial":[{"ID":148837,"post_author":"3","post_date":"2022-10-14 12:01:22","post_date_gmt":"2022-10-14 10:01:22","post_content":"","post_title":"SPECULA","post_excerpt":"","post_status":"publish","comment_status":"closed","ping_status":"closed","post_password":"","post_name":"specula","to_ping":"","pinged":"","post_modified":"2022-10-14 12:01:22","post_modified_gmt":"2022-10-14 10:01:22","post_content_filtered":"","post_parent":0,"guid":"http:\/\/dev.claret.cat\/editorial\/specula\/","menu_order":0,"post_type":"editorial","post_mime_type":"","comment_count":"0","filter":"raw"}],"autor":"BENNASAR, SEBASTI\u00c0","codart":"841941506","libros-coleccion":"Llibres del Delicte","ediciones":"1","encuadernacion":"R\u00fastica","fecha_de_publicacion":"01\/01\/2023","novedad":"1","paginas":"201","subtitulo":"","orden":"0","portada":"0","idioma":"cat","autores-libros":[{"ID":169235,"post_author":"3","post_date":"2022-10-14 22:25:35","post_date_gmt":"2022-10-14 20:25:35","post_content":"","post_title":"SEBASTI\u00c0 BENNASAR","post_excerpt":"","post_status":"publish","comment_status":"closed","ping_status":"closed","post_password":"","post_name":"sebastia-bennasar","to_ping":"","pinged":"","post_modified":"2022-10-14 22:25:35","post_modified_gmt":"2022-10-14 20:25:35","post_content_filtered":"","post_parent":0,"guid":"http:\/\/dev.claret.cat\/autor\/sebastia-bennasar\/","menu_order":0,"post_type":"autor","post_mime_type":"","comment_count":"0","filter":"raw"}]},"aioseo_notices":[],"_links":{"self":[{"href":"https:\/\/www.claret.cat\/es\/wp-json\/wp\/v2\/product\/333363","targetHints":{"allow":["GET"]}}],"collection":[{"href":"https:\/\/www.claret.cat\/es\/wp-json\/wp\/v2\/product"}],"about":[{"href":"https:\/\/www.claret.cat\/es\/wp-json\/wp\/v2\/types\/product"}],"wp:featuredmedia":[{"embeddable":true,"href":"https:\/\/www.claret.cat\/es\/wp-json\/wp\/v2\/media\/370448"}],"wp:attachment":[{"href":"https:\/\/www.claret.cat\/es\/wp-json\/wp\/v2\/media?parent=333363"}],"wp:term":[{"taxonomy":"product_brand","embeddable":true,"href":"https:\/\/www.claret.cat\/es\/wp-json\/wp\/v2\/product_brand?post=333363"},{"taxonomy":"product_cat","embeddable":true,"href":"https:\/\/www.claret.cat\/es\/wp-json\/wp\/v2\/product_cat?post=333363"},{"taxonomy":"product_tag","embeddable":true,"href":"https:\/\/www.claret.cat\/es\/wp-json\/wp\/v2\/product_tag?post=333363"}],"curies":[{"name":"wp","href":"https:\/\/api.w.org\/{rel}","templated":true}]}}