{"id":333441,"date":"2023-01-12T20:23:38","date_gmt":"2023-01-12T19:23:38","guid":{"rendered":"https:\/\/www.claret.cat\/llibre\/iglesia-y-globalizacion-9788427132078\/"},"modified":"2024-05-02T13:27:39","modified_gmt":"2024-05-02T11:27:39","slug":"iglesia-y-globalizacion-9788427132078","status":"publish","type":"product","link":"https:\/\/www.claret.cat\/es\/libro\/iglesia-y-globalizacion-9788427132078\/","title":{"rendered":"IGLESIA Y GLOBALIZACI\u00d3N"},"content":{"rendered":"","protected":false},"excerpt":{"rendered":"<p>C\u00c1CERES ROLD\u00c1N, ALDO MARCELO<\/p>\n","protected":false},"featured_media":0,"template":"","meta":{"_acf_changed":false,"om_disable_all_campaigns":false,"rs_blank_template":"","rs_page_bg_color":"","slide_template_v7":"","inline_featured_image":false,"_monsterinsights_skip_tracking":false,"_monsterinsights_sitenote_active":false,"_monsterinsights_sitenote_note":"","_monsterinsights_sitenote_category":0},"product_brand":[],"product_cat":[543,93,84,350],"product_tag":[],"class_list":{"0":"post-333441","1":"product","2":"type-product","3":"status-publish","5":"product_cat-eclesiologia-es","6":"product_cat-eclesiologia","7":"product_cat-sociologia","8":"product_cat-sociologia-2_humanidades","10":"first","11":"instock","12":"taxable","13":"shipping-taxable","14":"purchasable","15":"product-type-simple"},"acf":{"editorial":[{"ID":8258,"post_author":"3","post_date":"2022-09-30 09:21:32","post_date_gmt":"2022-09-30 07:21:32","post_content":"","post_title":"MENSAJERO","post_excerpt":"","post_status":"publish","comment_status":"closed","ping_status":"closed","post_password":"","post_name":"mensajero","to_ping":"","pinged":"","post_modified":"2022-09-30 09:21:32","post_modified_gmt":"2022-09-30 07:21:32","post_content_filtered":"","post_parent":0,"guid":"http:\/\/dev.claret.cat\/editorial\/mensajero\/","menu_order":0,"post_type":"editorial","post_mime_type":"","comment_count":"0","filter":"raw"}],"autores-libros":[{"ID":282242,"post_author":"3","post_date":"2022-12-10 00:17:53","post_date_gmt":"2022-12-09 23:17:53","post_content":"","post_title":"ALDO MARCELO C\u00c1CERES ROLD\u00c1N","post_excerpt":"","post_status":"publish","comment_status":"closed","ping_status":"closed","post_password":"","post_name":"aldo-marcelo-caceres-roldan","to_ping":"","pinged":"","post_modified":"2022-12-10 00:17:53","post_modified_gmt":"2022-12-09 23:17:53","post_content_filtered":"","post_parent":0,"guid":"http:\/\/dev.claret.cat\/autor\/aldo-marcelo-caceres-roldan\/","menu_order":0,"post_type":"autor","post_mime_type":"","comment_count":"0","filter":"raw"}],"autor":"C\u00c1CERES ROLD\u00c1N, ALDO MARCELO","codart":"842713207","libros-coleccion":"","ediciones":"1","encuadernacion":"R\u00fastica","fecha_de_publicacion":"25\/09\/2012","novedad":"0","paginas":"164","subtitulo":"LA HERENCIA DE JUAN PABLO II Y LA NOVEDAD DE BENEDICTO XVI","orden":"999","portada":"0","idioma":"spa"},"aioseo_notices":[],"_links":{"self":[{"href":"https:\/\/www.claret.cat\/es\/wp-json\/wp\/v2\/product\/333441","targetHints":{"allow":["GET"]}}],"collection":[{"href":"https:\/\/www.claret.cat\/es\/wp-json\/wp\/v2\/product"}],"about":[{"href":"https:\/\/www.claret.cat\/es\/wp-json\/wp\/v2\/types\/product"}],"wp:attachment":[{"href":"https:\/\/www.claret.cat\/es\/wp-json\/wp\/v2\/media?parent=333441"}],"wp:term":[{"taxonomy":"product_brand","embeddable":true,"href":"https:\/\/www.claret.cat\/es\/wp-json\/wp\/v2\/product_brand?post=333441"},{"taxonomy":"product_cat","embeddable":true,"href":"https:\/\/www.claret.cat\/es\/wp-json\/wp\/v2\/product_cat?post=333441"},{"taxonomy":"product_tag","embeddable":true,"href":"https:\/\/www.claret.cat\/es\/wp-json\/wp\/v2\/product_tag?post=333441"}],"curies":[{"name":"wp","href":"https:\/\/api.w.org\/{rel}","templated":true}]}}