{"id":333485,"date":"2023-01-12T20:28:15","date_gmt":"2023-01-12T19:28:15","guid":{"rendered":"https:\/\/www.claret.cat\/llibre\/misal-para-ninos-9788427134621\/"},"modified":"2026-04-01T04:56:59","modified_gmt":"2026-04-01T02:56:59","slug":"misal-para-ninos-9788427134621","status":"publish","type":"product","link":"https:\/\/www.claret.cat\/es\/libro\/misal-para-ninos-9788427134621\/","title":{"rendered":"MISAL PARA NI\u00d1OS"},"content":{"rendered":"<p>Gu\u00eda practica dirigida a los m\u00e1s peque\u00f1os de la comunidad, para que aprendan a celebrar y participar en la Misa. Ofrece varias plegarias eucar\u00edsticas y oraciones para hablar con Jes\u00fas.<\/p>\n","protected":false},"excerpt":{"rendered":"<p>MENSAJERO (FANO)<\/p>\n","protected":false},"featured_media":1085099,"template":"","meta":{"_acf_changed":false,"om_disable_all_campaigns":false,"rs_blank_template":"","rs_page_bg_color":"","slide_template_v7":"","inline_featured_image":false,"_monsterinsights_skip_tracking":false,"_monsterinsights_sitenote_active":false,"_monsterinsights_sitenote_note":"","_monsterinsights_sitenote_category":0},"product_brand":[],"product_cat":[219,478],"product_tag":[],"class_list":{"0":"post-333485","1":"product","2":"type-product","3":"status-publish","4":"has-post-thumbnail","6":"product_cat-infantil-catequesi","7":"product_cat-infantil-catequesis-1_espiritualidad","9":"first","10":"instock","11":"taxable","12":"shipping-taxable","13":"purchasable","14":"product-type-simple"},"acf":{"editorial":[{"ID":8258,"post_author":"3","post_date":"2022-09-30 09:21:32","post_date_gmt":"2022-09-30 07:21:32","post_content":"","post_title":"MENSAJERO","post_excerpt":"","post_status":"publish","comment_status":"closed","ping_status":"closed","post_password":"","post_name":"mensajero","to_ping":"","pinged":"","post_modified":"2022-09-30 09:21:32","post_modified_gmt":"2022-09-30 07:21:32","post_content_filtered":"","post_parent":0,"guid":"http:\/\/dev.claret.cat\/editorial\/mensajero\/","menu_order":0,"post_type":"editorial","post_mime_type":"","comment_count":"0","filter":"raw"}],"autores-libros":[{"ID":282366,"post_author":"3","post_date":"2022-12-10 00:22:36","post_date_gmt":"2022-12-09 23:22:36","post_content":"","post_title":"MENSAJERO (FANO)","post_excerpt":"","post_status":"publish","comment_status":"closed","ping_status":"closed","post_password":"","post_name":"mensajero-fano","to_ping":"","pinged":"","post_modified":"2022-12-10 00:22:36","post_modified_gmt":"2022-12-09 23:22:36","post_content_filtered":"","post_parent":0,"guid":"http:\/\/dev.claret.cat\/autor\/mensajero-fano\/","menu_order":0,"post_type":"autor","post_mime_type":"","comment_count":"0","filter":"raw"}],"autor":"MENSAJERO (FANO)","codart":"842713462","libros-coleccion":"","ediciones":"1","encuadernacion":"Grapado","fecha_de_publicacion":"25\/06\/2013","novedad":"0","paginas":"28","subtitulo":"","orden":"999","portada":"0","idioma":"spa","booktrailer":"","resenas":""},"aioseo_notices":[],"_links":{"self":[{"href":"https:\/\/www.claret.cat\/es\/wp-json\/wp\/v2\/product\/333485","targetHints":{"allow":["GET"]}}],"collection":[{"href":"https:\/\/www.claret.cat\/es\/wp-json\/wp\/v2\/product"}],"about":[{"href":"https:\/\/www.claret.cat\/es\/wp-json\/wp\/v2\/types\/product"}],"wp:featuredmedia":[{"embeddable":true,"href":"https:\/\/www.claret.cat\/es\/wp-json\/wp\/v2\/media\/1085099"}],"wp:attachment":[{"href":"https:\/\/www.claret.cat\/es\/wp-json\/wp\/v2\/media?parent=333485"}],"wp:term":[{"taxonomy":"product_brand","embeddable":true,"href":"https:\/\/www.claret.cat\/es\/wp-json\/wp\/v2\/product_brand?post=333485"},{"taxonomy":"product_cat","embeddable":true,"href":"https:\/\/www.claret.cat\/es\/wp-json\/wp\/v2\/product_cat?post=333485"},{"taxonomy":"product_tag","embeddable":true,"href":"https:\/\/www.claret.cat\/es\/wp-json\/wp\/v2\/product_tag?post=333485"}],"curies":[{"name":"wp","href":"https:\/\/api.w.org\/{rel}","templated":true}]}}