{"id":33387,"date":"2022-10-02T12:55:59","date_gmt":"2022-10-02T10:55:59","guid":{"rendered":"http:\/\/dev.claret.cat\/producte\/diario-espiritual-i\/"},"modified":"2026-03-02T13:16:20","modified_gmt":"2026-03-02T12:16:20","slug":"diario-espiritual-i-9788461710751","status":"publish","type":"product","link":"https:\/\/www.claret.cat\/es\/libro\/diario-espiritual-i-9788461710751\/","title":{"rendered":"DIARIO ESPIRITUAL I"},"content":{"rendered":"","protected":false},"excerpt":{"rendered":"<p>AGUST\u00cdN DEL DIVINO CORAZ\u00d3N, HERMANO<\/p>\n","protected":false},"featured_media":385889,"template":"","meta":{"_acf_changed":false,"om_disable_all_campaigns":false,"rs_blank_template":"","rs_page_bg_color":"","slide_template_v7":"","inline_featured_image":false,"_monsterinsights_skip_tracking":false,"_monsterinsights_sitenote_active":false,"_monsterinsights_sitenote_note":"","_monsterinsights_sitenote_category":0},"product_brand":[],"product_cat":[90,540],"product_tag":[],"class_list":{"0":"post-33387","1":"product","2":"type-product","3":"status-publish","4":"has-post-thumbnail","6":"product_cat-altres","7":"product_cat-otros","9":"first","10":"instock","11":"taxable","12":"shipping-taxable","13":"purchasable","14":"product-type-simple"},"acf":{"autor":"AGUST\u00cdN DEL DIVINO CORAZ\u00d3N, HERMANO","codart":"846171075","libros-coleccion":"","ediciones":"1","encuadernacion":"R\u00fastica","fecha_de_publicacion":"01\/06\/2014","novedad":"1","paginas":"912","subtitulo":"2013","orden":"0","portada":"0","idioma":"spa","editorial":[{"ID":148642,"post_author":"3","post_date":"2022-10-14 11:59:51","post_date_gmt":"2022-10-14 09:59:51","post_content":"","post_title":"PARANGONA REALITZACI\u00d3 EDITORIAL.SL","post_excerpt":"","post_status":"publish","comment_status":"closed","ping_status":"closed","post_password":"","post_name":"parangona-realitzacio-editorial-sl","to_ping":"","pinged":"","post_modified":"2022-10-14 11:59:51","post_modified_gmt":"2022-10-14 09:59:51","post_content_filtered":"","post_parent":0,"guid":"http:\/\/dev.claret.cat\/editorial\/parangona-realitzacio-editorial-sl\/","menu_order":0,"post_type":"editorial","post_mime_type":"","comment_count":"0","filter":"raw"}],"autores-libros":[{"ID":157545,"post_author":"3","post_date":"2022-10-14 15:29:41","post_date_gmt":"2022-10-14 13:29:41","post_content":"","post_title":"HERMANO AGUST\u00cdN DEL DIVINO CORAZ\u00d3N","post_excerpt":"","post_status":"publish","comment_status":"closed","ping_status":"closed","post_password":"","post_name":"hermano-agustin-del-divino-corazon","to_ping":"","pinged":"","post_modified":"2022-10-14 15:29:41","post_modified_gmt":"2022-10-14 13:29:41","post_content_filtered":"","post_parent":0,"guid":"http:\/\/dev.claret.cat\/autor\/hermano-agustin-del-divino-corazon\/","menu_order":0,"post_type":"autor","post_mime_type":"","comment_count":"0","filter":"raw"}],"booktrailer":"","resenas":""},"aioseo_notices":[],"_links":{"self":[{"href":"https:\/\/www.claret.cat\/es\/wp-json\/wp\/v2\/product\/33387","targetHints":{"allow":["GET"]}}],"collection":[{"href":"https:\/\/www.claret.cat\/es\/wp-json\/wp\/v2\/product"}],"about":[{"href":"https:\/\/www.claret.cat\/es\/wp-json\/wp\/v2\/types\/product"}],"wp:featuredmedia":[{"embeddable":true,"href":"https:\/\/www.claret.cat\/es\/wp-json\/wp\/v2\/media\/385889"}],"wp:attachment":[{"href":"https:\/\/www.claret.cat\/es\/wp-json\/wp\/v2\/media?parent=33387"}],"wp:term":[{"taxonomy":"product_brand","embeddable":true,"href":"https:\/\/www.claret.cat\/es\/wp-json\/wp\/v2\/product_brand?post=33387"},{"taxonomy":"product_cat","embeddable":true,"href":"https:\/\/www.claret.cat\/es\/wp-json\/wp\/v2\/product_cat?post=33387"},{"taxonomy":"product_tag","embeddable":true,"href":"https:\/\/www.claret.cat\/es\/wp-json\/wp\/v2\/product_tag?post=33387"}],"curies":[{"name":"wp","href":"https:\/\/api.w.org\/{rel}","templated":true}]}}