{"id":334266,"date":"2023-01-12T21:45:48","date_gmt":"2023-01-12T20:45:48","guid":{"rendered":"https:\/\/www.claret.cat\/llibre\/nins-sin-derechos-no-9788428528450\/"},"modified":"2024-05-02T11:26:29","modified_gmt":"2024-05-02T09:26:29","slug":"nins-sin-derechos-no-9788428528450","status":"publish","type":"product","link":"https:\/\/www.claret.cat\/es\/libro\/nins-sin-derechos-no-9788428528450\/","title":{"rendered":"NI\u00d1@S SIN DERECHOS \u00a1NO!"},"content":{"rendered":"<p>Ni\u00f1@s sin derechos \u00a1NO! es un material para ense\u00f1ar a los ni\u00f1os cu\u00e1les son sus derechos m\u00e1s importantes. Partiendo de la Convenci\u00f3n Internacional de los Derechos del ni\u00f1o, explica 10 de los derechos m\u00e1s importantes: a ser amado y respetado, a la igualdad, a la asistencia m\u00e9dica, a tener una identidad, a ir al colegio, a tener qu\u00e9 comer, a dar su opini\u00f3n, a ser protegido de la violencia, a no ser explotado y a so\u00f1ar, re\u00edr y jugar. Cada derecho est\u00e1 ilustrado con un caso real de incumplimiento, lo que permite concienciar a los ni\u00f1os de las situaciones de vulneraci\u00f3n y de la necesidad de que el respeto a los derechos de los menores se cumpla. Ni\u00f1@s sin derechos \u00a1NO! tambi\u00e9n pretende acercar a los ni\u00f1os la figura del Defensor del Menor: qu\u00e9 hace, c\u00f3mo puede ayudarles, c\u00f3mo ponerse en contacto con \u00e9l y c\u00f3mo actuar en caso de emergencia. Incluye una mini-gu\u00eda de Internet con direcciones de inter\u00e9s para ni\u00f1os y adultos.<\/p>\n","protected":false},"excerpt":{"rendered":"<p>BOISTEAU, MANU; MUSCAT, BRUNO<\/p>\n","protected":false},"featured_media":0,"template":"","meta":{"_acf_changed":false,"om_disable_all_campaigns":false,"rs_blank_template":"","rs_page_bg_color":"","slide_template_v7":"","inline_featured_image":false,"_monsterinsights_skip_tracking":false,"_monsterinsights_sitenote_active":false,"_monsterinsights_sitenote_note":"","_monsterinsights_sitenote_category":0},"product_brand":[],"product_cat":[183,379,191,143,576,454,437,163],"product_tag":[],"class_list":{"0":"post-334266","1":"product","2":"type-product","3":"status-publish","5":"product_cat-de-leducacio-i-la-salut","6":"product_cat-de-la-educacion-y-la-salud","7":"product_cat-educacio-en-valors-pedagogia-2_humanitats","8":"product_cat-educacio-en-valors","9":"product_cat-educacion-en-valores-escolar-4_escolar-spa","10":"product_cat-educacion-en-valores","11":"product_cat-valores-y-convivencia","12":"product_cat-valors-i-convivencia","14":"first","15":"outofstock","16":"taxable","17":"shipping-taxable","18":"purchasable","19":"product-type-simple"},"acf":{"editorial":[{"ID":6356,"post_author":"3","post_date":"2022-07-28 17:50:26","post_date_gmt":"2022-07-28 15:50:26","post_content":"","post_title":"SAN PABLO COMUNICACI\u00d3N","post_excerpt":"","post_status":"publish","comment_status":"closed","ping_status":"closed","post_password":"","post_name":"san-pablo-comunicacion","to_ping":"","pinged":"","post_modified":"2022-07-28 17:50:26","post_modified_gmt":"2022-07-28 15:50:26","post_content_filtered":"","post_parent":0,"guid":"http:\/\/dev.claret.cat\/editorial\/san-pablo-comunicacion\/","menu_order":0,"post_type":"editorial","post_mime_type":"","comment_count":"0","filter":"raw"}],"autores-libros":[{"ID":284073,"post_author":"3","post_date":"2022-12-10 02:01:05","post_date_gmt":"2022-12-10 01:01:05","post_content":"","post_title":"MANU BOISTEAU","post_excerpt":"","post_status":"publish","comment_status":"closed","ping_status":"closed","post_password":"","post_name":"manu-boisteau","to_ping":"","pinged":"","post_modified":"2022-12-10 02:01:05","post_modified_gmt":"2022-12-10 01:01:05","post_content_filtered":"","post_parent":0,"guid":"http:\/\/dev.claret.cat\/autor\/manu-boisteau\/","menu_order":0,"post_type":"autor","post_mime_type":"","comment_count":"0","filter":"raw"},{"ID":284072,"post_author":"3","post_date":"2022-12-10 02:01:04","post_date_gmt":"2022-12-10 01:01:04","post_content":"","post_title":"BRUNO MUSCAT","post_excerpt":"","post_status":"publish","comment_status":"closed","ping_status":"closed","post_password":"","post_name":"bruno-muscat","to_ping":"","pinged":"","post_modified":"2022-12-10 02:01:04","post_modified_gmt":"2022-12-10 01:01:04","post_content_filtered":"","post_parent":0,"guid":"http:\/\/dev.claret.cat\/autor\/bruno-muscat\/","menu_order":0,"post_type":"autor","post_mime_type":"","comment_count":"0","filter":"raw"}],"autor":"BOISTEAU, MANU; MUSCAT, BRUNO","codart":"842852845","libros-coleccion":"Aprende a decir \u00a1NO!","ediciones":"1","encuadernacion":"Carton\u00e9","fecha_de_publicacion":"18\/01\/2006","novedad":"0","paginas":"38","subtitulo":"","orden":"999","portada":"0","idioma":"spa"},"aioseo_notices":[],"_links":{"self":[{"href":"https:\/\/www.claret.cat\/es\/wp-json\/wp\/v2\/product\/334266","targetHints":{"allow":["GET"]}}],"collection":[{"href":"https:\/\/www.claret.cat\/es\/wp-json\/wp\/v2\/product"}],"about":[{"href":"https:\/\/www.claret.cat\/es\/wp-json\/wp\/v2\/types\/product"}],"wp:attachment":[{"href":"https:\/\/www.claret.cat\/es\/wp-json\/wp\/v2\/media?parent=334266"}],"wp:term":[{"taxonomy":"product_brand","embeddable":true,"href":"https:\/\/www.claret.cat\/es\/wp-json\/wp\/v2\/product_brand?post=334266"},{"taxonomy":"product_cat","embeddable":true,"href":"https:\/\/www.claret.cat\/es\/wp-json\/wp\/v2\/product_cat?post=334266"},{"taxonomy":"product_tag","embeddable":true,"href":"https:\/\/www.claret.cat\/es\/wp-json\/wp\/v2\/product_tag?post=334266"}],"curies":[{"name":"wp","href":"https:\/\/api.w.org\/{rel}","templated":true}]}}