{"id":334268,"date":"2023-01-12T21:50:08","date_gmt":"2023-01-12T20:50:08","guid":{"rendered":"https:\/\/www.claret.cat\/llibre\/violencia-no-9788428528467\/"},"modified":"2024-05-02T11:26:38","modified_gmt":"2024-05-02T09:26:38","slug":"violencia-no-9788428528467","status":"publish","type":"product","link":"https:\/\/www.claret.cat\/es\/libro\/violencia-no-9788428528467\/","title":{"rendered":"VIOLENCIA \u00a1NO!"},"content":{"rendered":"<p>Violencia \u00a1NO! ofrece soluciones para hacer frente a los distintos tipos de violencia, comprendiendo de d\u00f3nde vienen los comportamientos violentos y c\u00f3mo controlarlos. Partiendo de las situaciones m\u00e1s frecuentes en las que se producen estos comportamientos, Violencia \u00a1NO! explica de modo comprensible sus causas (rechazo, falta de respeto, celos, culpabilidad) y ofrece consejos (reflexionar, escuchar, negociar, buscar un mediador&#8230;) para reaccionar ante los mismos, ya sean comportamientos violentos de los dem\u00e1s o de uno mismo.<\/p>\n","protected":false},"excerpt":{"rendered":"<p>BLOCH, SERGE; DE SAINT MARS, DOMINIQUE<\/p>\n","protected":false},"featured_media":0,"template":"","meta":{"_acf_changed":false,"om_disable_all_campaigns":false,"rs_blank_template":"","rs_page_bg_color":"","slide_template_v7":"","inline_featured_image":false,"_monsterinsights_skip_tracking":false,"_monsterinsights_sitenote_active":false,"_monsterinsights_sitenote_note":"","_monsterinsights_sitenote_category":0},"product_brand":[],"product_cat":[183,379,191,143,454,576,437,163],"product_tag":[],"class_list":{"0":"post-334268","1":"product","2":"type-product","3":"status-publish","5":"product_cat-de-leducacio-i-la-salut","6":"product_cat-de-la-educacion-y-la-salud","7":"product_cat-educacio-en-valors-pedagogia-2_humanitats","8":"product_cat-educacio-en-valors","9":"product_cat-educacion-en-valores","10":"product_cat-educacion-en-valores-escolar-4_escolar-spa","11":"product_cat-valores-y-convivencia","12":"product_cat-valors-i-convivencia","14":"first","15":"outofstock","16":"taxable","17":"shipping-taxable","18":"purchasable","19":"product-type-simple"},"acf":{"editorial":[{"ID":6356,"post_author":"3","post_date":"2022-07-28 17:50:26","post_date_gmt":"2022-07-28 15:50:26","post_content":"","post_title":"SAN PABLO COMUNICACI\u00d3N","post_excerpt":"","post_status":"publish","comment_status":"closed","ping_status":"closed","post_password":"","post_name":"san-pablo-comunicacion","to_ping":"","pinged":"","post_modified":"2022-07-28 17:50:26","post_modified_gmt":"2022-07-28 15:50:26","post_content_filtered":"","post_parent":0,"guid":"http:\/\/dev.claret.cat\/editorial\/san-pablo-comunicacion\/","menu_order":0,"post_type":"editorial","post_mime_type":"","comment_count":"0","filter":"raw"}],"autores-libros":[{"ID":284076,"post_author":"3","post_date":"2022-12-10 02:01:10","post_date_gmt":"2022-12-10 01:01:10","post_content":"","post_title":"SERGE BLOCH","post_excerpt":"","post_status":"publish","comment_status":"closed","ping_status":"closed","post_password":"","post_name":"serge-bloch","to_ping":"","pinged":"","post_modified":"2022-12-10 02:01:10","post_modified_gmt":"2022-12-10 01:01:10","post_content_filtered":"","post_parent":0,"guid":"http:\/\/dev.claret.cat\/autor\/serge-bloch\/","menu_order":0,"post_type":"autor","post_mime_type":"","comment_count":"0","filter":"raw"},{"ID":284075,"post_author":"3","post_date":"2022-12-10 02:01:09","post_date_gmt":"2022-12-10 01:01:09","post_content":"","post_title":"DOMINIQUE DE SAINT MARS","post_excerpt":"","post_status":"publish","comment_status":"closed","ping_status":"closed","post_password":"","post_name":"dominique-de-saint-mars","to_ping":"","pinged":"","post_modified":"2022-12-10 02:01:09","post_modified_gmt":"2022-12-10 01:01:09","post_content_filtered":"","post_parent":0,"guid":"http:\/\/dev.claret.cat\/autor\/dominique-de-saint-mars\/","menu_order":0,"post_type":"autor","post_mime_type":"","comment_count":"0","filter":"raw"}],"autor":"BLOCH, SERGE; DE SAINT MARS, DOMINIQUE","codart":"842852846","libros-coleccion":"Aprende a decir \u00a1NO!","ediciones":"1","encuadernacion":"Carton\u00e9","fecha_de_publicacion":"18\/01\/2006","novedad":"0","paginas":"38","subtitulo":"","orden":"999","portada":"0","idioma":"spa"},"aioseo_notices":[],"_links":{"self":[{"href":"https:\/\/www.claret.cat\/es\/wp-json\/wp\/v2\/product\/334268","targetHints":{"allow":["GET"]}}],"collection":[{"href":"https:\/\/www.claret.cat\/es\/wp-json\/wp\/v2\/product"}],"about":[{"href":"https:\/\/www.claret.cat\/es\/wp-json\/wp\/v2\/types\/product"}],"wp:attachment":[{"href":"https:\/\/www.claret.cat\/es\/wp-json\/wp\/v2\/media?parent=334268"}],"wp:term":[{"taxonomy":"product_brand","embeddable":true,"href":"https:\/\/www.claret.cat\/es\/wp-json\/wp\/v2\/product_brand?post=334268"},{"taxonomy":"product_cat","embeddable":true,"href":"https:\/\/www.claret.cat\/es\/wp-json\/wp\/v2\/product_cat?post=334268"},{"taxonomy":"product_tag","embeddable":true,"href":"https:\/\/www.claret.cat\/es\/wp-json\/wp\/v2\/product_tag?post=334268"}],"curies":[{"name":"wp","href":"https:\/\/api.w.org\/{rel}","templated":true}]}}