{"id":334269,"date":"2023-01-12T21:50:15","date_gmt":"2023-01-12T20:50:15","guid":{"rendered":"https:\/\/www.claret.cat\/llibre\/abusos-sexuales-no-9788428528474\/"},"modified":"2024-05-02T11:26:50","modified_gmt":"2024-05-02T09:26:50","slug":"abusos-sexuales-no-9788428528474","status":"publish","type":"product","link":"https:\/\/www.claret.cat\/es\/libro\/abusos-sexuales-no-9788428528474\/","title":{"rendered":"ABUSOS SEXUALES \u00a1NO!"},"content":{"rendered":"<p>No es f\u00e1cil hablar a un ni\u00f1o sobre violencia sexual. Pero es esencial abordar el tema para ayudarle y protegerle, haciendo que se d\u00e9 cuenta de las situaciones de peligro. Hay que ayudarle a romper su silencio. Abusos sexuales \u00a1NO! ense\u00f1a al ni\u00f1o, a trav\u00e9s de cinco historias en c\u00f3mic, qu\u00e9 son los abusos sexuales, en qu\u00e9 circunstancias suelen darse y cu\u00e1les son los casos m\u00e1s frecuentes. En cada historia se ofrecen las reacciones m\u00e1s habituales de los ni\u00f1os, los posibles peligros que entra\u00f1an y cu\u00e1l es la reacci\u00f3n m\u00e1s adecuada para defenderse. Incluye un peque\u00f1o diccionario de palabras relacionadas con los abusos sexuales para que el ni\u00f1o pueda comprenderlas, as\u00ed como direcciones de Internet de inter\u00e9s y tel\u00e9fonos de emergencia a los que poder acudir directamente en caso de encontrarse en una situaci\u00f3n de abuso.<\/p>\n","protected":false},"excerpt":{"rendered":"<p>DESPR\u00c9S, BERNADETTE; SAULI\u00c8RE, DELPHINE<\/p>\n","protected":false},"featured_media":0,"template":"","meta":{"_acf_changed":false,"om_disable_all_campaigns":false,"rs_blank_template":"","rs_page_bg_color":"","slide_template_v7":"","inline_featured_image":false,"_monsterinsights_skip_tracking":false,"_monsterinsights_sitenote_active":false,"_monsterinsights_sitenote_note":"","_monsterinsights_sitenote_category":0},"product_brand":[],"product_cat":[183,379,191,143,454,576,437,163],"product_tag":[],"class_list":{"0":"post-334269","1":"product","2":"type-product","3":"status-publish","5":"product_cat-de-leducacio-i-la-salut","6":"product_cat-de-la-educacion-y-la-salud","7":"product_cat-educacio-en-valors-pedagogia-2_humanitats","8":"product_cat-educacio-en-valors","9":"product_cat-educacion-en-valores","10":"product_cat-educacion-en-valores-escolar-4_escolar-spa","11":"product_cat-valores-y-convivencia","12":"product_cat-valors-i-convivencia","14":"first","15":"outofstock","16":"taxable","17":"shipping-taxable","18":"purchasable","19":"product-type-simple"},"acf":{"editorial":[{"ID":6356,"post_author":"3","post_date":"2022-07-28 17:50:26","post_date_gmt":"2022-07-28 15:50:26","post_content":"","post_title":"SAN PABLO COMUNICACI\u00d3N","post_excerpt":"","post_status":"publish","comment_status":"closed","ping_status":"closed","post_password":"","post_name":"san-pablo-comunicacion","to_ping":"","pinged":"","post_modified":"2022-07-28 17:50:26","post_modified_gmt":"2022-07-28 15:50:26","post_content_filtered":"","post_parent":0,"guid":"http:\/\/dev.claret.cat\/editorial\/san-pablo-comunicacion\/","menu_order":0,"post_type":"editorial","post_mime_type":"","comment_count":"0","filter":"raw"}],"autores-libros":[{"ID":284078,"post_author":"3","post_date":"2022-12-10 02:01:15","post_date_gmt":"2022-12-10 01:01:15","post_content":"","post_title":"BERNADETTE DESPR\u00c9S","post_excerpt":"","post_status":"publish","comment_status":"closed","ping_status":"closed","post_password":"","post_name":"bernadette-despres","to_ping":"","pinged":"","post_modified":"2022-12-10 02:01:15","post_modified_gmt":"2022-12-10 01:01:15","post_content_filtered":"","post_parent":0,"guid":"http:\/\/dev.claret.cat\/autor\/bernadette-despres\/","menu_order":0,"post_type":"autor","post_mime_type":"","comment_count":"0","filter":"raw"},{"ID":284079,"post_author":"3","post_date":"2022-12-10 02:01:16","post_date_gmt":"2022-12-10 01:01:16","post_content":"","post_title":"DELPHINE SAULI\u00c8RE","post_excerpt":"","post_status":"publish","comment_status":"closed","ping_status":"closed","post_password":"","post_name":"delphine-sauliere","to_ping":"","pinged":"","post_modified":"2022-12-10 02:01:16","post_modified_gmt":"2022-12-10 01:01:16","post_content_filtered":"","post_parent":0,"guid":"http:\/\/dev.claret.cat\/autor\/delphine-sauliere\/","menu_order":0,"post_type":"autor","post_mime_type":"","comment_count":"0","filter":"raw"}],"autor":"DESPR\u00c9S, BERNADETTE; SAULI\u00c8RE, DELPHINE","codart":"842852847","libros-coleccion":"Aprende a decir \u00a1NO!","ediciones":"1","encuadernacion":"Carton\u00e9","fecha_de_publicacion":"18\/01\/2006","novedad":"0","paginas":"37","subtitulo":"","orden":"999","portada":"0","idioma":"spa"},"aioseo_notices":[],"_links":{"self":[{"href":"https:\/\/www.claret.cat\/es\/wp-json\/wp\/v2\/product\/334269","targetHints":{"allow":["GET"]}}],"collection":[{"href":"https:\/\/www.claret.cat\/es\/wp-json\/wp\/v2\/product"}],"about":[{"href":"https:\/\/www.claret.cat\/es\/wp-json\/wp\/v2\/types\/product"}],"wp:attachment":[{"href":"https:\/\/www.claret.cat\/es\/wp-json\/wp\/v2\/media?parent=334269"}],"wp:term":[{"taxonomy":"product_brand","embeddable":true,"href":"https:\/\/www.claret.cat\/es\/wp-json\/wp\/v2\/product_brand?post=334269"},{"taxonomy":"product_cat","embeddable":true,"href":"https:\/\/www.claret.cat\/es\/wp-json\/wp\/v2\/product_cat?post=334269"},{"taxonomy":"product_tag","embeddable":true,"href":"https:\/\/www.claret.cat\/es\/wp-json\/wp\/v2\/product_tag?post=334269"}],"curies":[{"name":"wp","href":"https:\/\/api.w.org\/{rel}","templated":true}]}}