{"id":334271,"date":"2023-01-12T21:55:14","date_gmt":"2023-01-12T20:55:14","guid":{"rendered":"https:\/\/www.claret.cat\/llibre\/intolerancia-y-racismo-no-9788428528481\/"},"modified":"2024-05-02T11:26:58","modified_gmt":"2024-05-02T09:26:58","slug":"intolerancia-y-racismo-no-9788428528481","status":"publish","type":"product","link":"https:\/\/www.claret.cat\/es\/libro\/intolerancia-y-racismo-no-9788428528481\/","title":{"rendered":"INTOLERANCIA Y RACISMO \u00a1NO!"},"content":{"rendered":"<p>En nuestro mundo convivimos m\u00e1s de 6.000 millones de personas con diferencias f\u00edsicas, de car\u00e1cter, religiosas&#8230; Algunas de ellas provocan envidia o asombro, y otras, sorpresa, inquietud, molestia e incluso odio. Intolerancia y racismo \u00a1NO! ayuda a los ni\u00f1os a descubrir que cada uno de nosotros es \u00fanico y que las diferencias (f\u00edsicas, de car\u00e1cter y religiosas) no son una amenaza, sino una fuente de riqueza. A trav\u00e9s de seis posibles situaciones cotidianas de intolerancia, ofrece consejos para comprenderlas y reaccionar correctamente. La curiosidad, la tolerancia, la justicia, el conocimiento del otro&#8230; son las mejores armas para luchar contra la intolerancia y el racismo.<\/p>\n","protected":false},"excerpt":{"rendered":"<p>DUTHEIL, FLORENCE; FELLNER, HENRI<\/p>\n","protected":false},"featured_media":0,"template":"","meta":{"_acf_changed":false,"om_disable_all_campaigns":false,"rs_blank_template":"","rs_page_bg_color":"","slide_template_v7":"","inline_featured_image":false,"_monsterinsights_skip_tracking":false,"_monsterinsights_sitenote_active":false,"_monsterinsights_sitenote_note":"","_monsterinsights_sitenote_category":0},"product_brand":[],"product_cat":[183,379,191,143,454,576,437,163],"product_tag":[],"class_list":{"0":"post-334271","1":"product","2":"type-product","3":"status-publish","5":"product_cat-de-leducacio-i-la-salut","6":"product_cat-de-la-educacion-y-la-salud","7":"product_cat-educacio-en-valors-pedagogia-2_humanitats","8":"product_cat-educacio-en-valors","9":"product_cat-educacion-en-valores","10":"product_cat-educacion-en-valores-escolar-4_escolar-spa","11":"product_cat-valores-y-convivencia","12":"product_cat-valors-i-convivencia","14":"first","15":"outofstock","16":"taxable","17":"shipping-taxable","18":"purchasable","19":"product-type-simple"},"acf":{"editorial":[{"ID":6356,"post_author":"3","post_date":"2022-07-28 17:50:26","post_date_gmt":"2022-07-28 15:50:26","post_content":"","post_title":"SAN PABLO COMUNICACI\u00d3N","post_excerpt":"","post_status":"publish","comment_status":"closed","ping_status":"closed","post_password":"","post_name":"san-pablo-comunicacion","to_ping":"","pinged":"","post_modified":"2022-07-28 17:50:26","post_modified_gmt":"2022-07-28 15:50:26","post_content_filtered":"","post_parent":0,"guid":"http:\/\/dev.claret.cat\/editorial\/san-pablo-comunicacion\/","menu_order":0,"post_type":"editorial","post_mime_type":"","comment_count":"0","filter":"raw"}],"autores-libros":[{"ID":284081,"post_author":"3","post_date":"2022-12-10 02:01:20","post_date_gmt":"2022-12-10 01:01:20","post_content":"","post_title":"FLORENCE DUTHEIL","post_excerpt":"","post_status":"publish","comment_status":"closed","ping_status":"closed","post_password":"","post_name":"florence-dutheil","to_ping":"","pinged":"","post_modified":"2022-12-10 02:01:20","post_modified_gmt":"2022-12-10 01:01:20","post_content_filtered":"","post_parent":0,"guid":"http:\/\/dev.claret.cat\/autor\/florence-dutheil\/","menu_order":0,"post_type":"autor","post_mime_type":"","comment_count":"0","filter":"raw"},{"ID":284082,"post_author":"3","post_date":"2022-12-10 02:01:21","post_date_gmt":"2022-12-10 01:01:21","post_content":"","post_title":"HENRI FELLNER","post_excerpt":"","post_status":"publish","comment_status":"closed","ping_status":"closed","post_password":"","post_name":"henri-fellner","to_ping":"","pinged":"","post_modified":"2022-12-10 02:01:21","post_modified_gmt":"2022-12-10 01:01:21","post_content_filtered":"","post_parent":0,"guid":"http:\/\/dev.claret.cat\/autor\/henri-fellner\/","menu_order":0,"post_type":"autor","post_mime_type":"","comment_count":"0","filter":"raw"}],"autor":"DUTHEIL, FLORENCE; FELLNER, HENRI","codart":"842852848","libros-coleccion":"Aprende a decir \u00a1NO!","ediciones":"1","encuadernacion":"Carton\u00e9","fecha_de_publicacion":"18\/01\/2006","novedad":"0","paginas":"38","subtitulo":"","orden":"999","portada":"0","idioma":"spa"},"aioseo_notices":[],"_links":{"self":[{"href":"https:\/\/www.claret.cat\/es\/wp-json\/wp\/v2\/product\/334271","targetHints":{"allow":["GET"]}}],"collection":[{"href":"https:\/\/www.claret.cat\/es\/wp-json\/wp\/v2\/product"}],"about":[{"href":"https:\/\/www.claret.cat\/es\/wp-json\/wp\/v2\/types\/product"}],"wp:attachment":[{"href":"https:\/\/www.claret.cat\/es\/wp-json\/wp\/v2\/media?parent=334271"}],"wp:term":[{"taxonomy":"product_brand","embeddable":true,"href":"https:\/\/www.claret.cat\/es\/wp-json\/wp\/v2\/product_brand?post=334271"},{"taxonomy":"product_cat","embeddable":true,"href":"https:\/\/www.claret.cat\/es\/wp-json\/wp\/v2\/product_cat?post=334271"},{"taxonomy":"product_tag","embeddable":true,"href":"https:\/\/www.claret.cat\/es\/wp-json\/wp\/v2\/product_tag?post=334271"}],"curies":[{"name":"wp","href":"https:\/\/api.w.org\/{rel}","templated":true}]}}