{"id":334291,"date":"2023-01-12T22:10:23","date_gmt":"2023-01-12T21:10:23","guid":{"rendered":"https:\/\/www.claret.cat\/llibre\/cinco-momentos-para-ser-mejores-padres-9788428530569\/"},"modified":"2024-05-02T11:20:06","modified_gmt":"2024-05-02T09:20:06","slug":"cinco-momentos-para-ser-mejores-padres-9788428530569","status":"publish","type":"product","link":"https:\/\/www.claret.cat\/es\/libro\/cinco-momentos-para-ser-mejores-padres-9788428530569\/","title":{"rendered":"CINCO MOMENTOS PARA SER MEJORES PADRES"},"content":{"rendered":"<p>Padres e hijos reciben el t\u00edtulo el mismo d\u00eda, pero ninguno de ellos ha asistido a un curso para ejercer su profesi\u00f3n. El hijo no tiene edad pero s\u00ed tiempo, los padres tienen edad pero no tienen tiempo. Cuando comprendamos que, como dice Michael Levine, \u201ctener hijos no Lo convierte a uno en padre, del mismo modo que tener un piano no lo vuelve pianista\u201d, y que tos ni\u00f1os tienen m\u00e1s necesidad de modelos que de cr\u00edticos, esta sociedad podr\u00e1 cambiar. Este libro quiere ser el veh\u00edculo para cumplir el objetivo de la mayor\u00eda de los progenitores ser mejores padres.<\/p>\n","protected":false},"excerpt":{"rendered":"<p>MESA, LUIS<\/p>\n","protected":false},"featured_media":0,"template":"","meta":{"_acf_changed":false,"om_disable_all_campaigns":false,"rs_blank_template":"","rs_page_bg_color":"","slide_template_v7":"","inline_featured_image":false,"_monsterinsights_skip_tracking":false,"_monsterinsights_sitenote_active":false,"_monsterinsights_sitenote_note":"","_monsterinsights_sitenote_category":0},"product_brand":[],"product_cat":[183,379,137,425],"product_tag":[],"class_list":{"0":"post-334291","1":"product","2":"type-product","3":"status-publish","5":"product_cat-de-leducacio-i-la-salut","6":"product_cat-de-la-educacion-y-la-salud","7":"product_cat-escola-de-pares-infantil","8":"product_cat-escuela-de-padres","10":"first","11":"outofstock","12":"taxable","13":"shipping-taxable","14":"purchasable","15":"product-type-simple"},"acf":{"editorial":[{"ID":6356,"post_author":"3","post_date":"2022-07-28 17:50:26","post_date_gmt":"2022-07-28 15:50:26","post_content":"","post_title":"SAN PABLO COMUNICACI\u00d3N","post_excerpt":"","post_status":"publish","comment_status":"closed","ping_status":"closed","post_password":"","post_name":"san-pablo-comunicacion","to_ping":"","pinged":"","post_modified":"2022-07-28 17:50:26","post_modified_gmt":"2022-07-28 15:50:26","post_content_filtered":"","post_parent":0,"guid":"http:\/\/dev.claret.cat\/editorial\/san-pablo-comunicacion\/","menu_order":0,"post_type":"editorial","post_mime_type":"","comment_count":"0","filter":"raw"}],"autores-libros":[{"ID":284233,"post_author":"3","post_date":"2022-12-10 02:11:00","post_date_gmt":"2022-12-10 01:11:00","post_content":"","post_title":"LUIS MESA","post_excerpt":"","post_status":"publish","comment_status":"closed","ping_status":"closed","post_password":"","post_name":"luis-mesa","to_ping":"","pinged":"","post_modified":"2022-12-10 02:11:00","post_modified_gmt":"2022-12-10 01:11:00","post_content_filtered":"","post_parent":0,"guid":"http:\/\/dev.claret.cat\/autor\/luis-mesa\/","menu_order":0,"post_type":"autor","post_mime_type":"","comment_count":"0","filter":"raw"}],"autor":"MESA, LUIS","codart":"842853056","libros-coleccion":"Familia. Saber C\u00f3mo","ediciones":"1","encuadernacion":"R\u00fastica","fecha_de_publicacion":"12\/07\/2007","novedad":"0","paginas":"216","subtitulo":"","orden":"1","portada":"0","idioma":"spa"},"aioseo_notices":[],"_links":{"self":[{"href":"https:\/\/www.claret.cat\/es\/wp-json\/wp\/v2\/product\/334291","targetHints":{"allow":["GET"]}}],"collection":[{"href":"https:\/\/www.claret.cat\/es\/wp-json\/wp\/v2\/product"}],"about":[{"href":"https:\/\/www.claret.cat\/es\/wp-json\/wp\/v2\/types\/product"}],"wp:attachment":[{"href":"https:\/\/www.claret.cat\/es\/wp-json\/wp\/v2\/media?parent=334291"}],"wp:term":[{"taxonomy":"product_brand","embeddable":true,"href":"https:\/\/www.claret.cat\/es\/wp-json\/wp\/v2\/product_brand?post=334291"},{"taxonomy":"product_cat","embeddable":true,"href":"https:\/\/www.claret.cat\/es\/wp-json\/wp\/v2\/product_cat?post=334291"},{"taxonomy":"product_tag","embeddable":true,"href":"https:\/\/www.claret.cat\/es\/wp-json\/wp\/v2\/product_tag?post=334291"}],"curies":[{"name":"wp","href":"https:\/\/api.w.org\/{rel}","templated":true}]}}