{"id":334292,"date":"2023-01-12T22:10:30","date_gmt":"2023-01-12T21:10:30","guid":{"rendered":"https:\/\/www.claret.cat\/llibre\/las-moradas-9788428530606\/"},"modified":"2026-02-25T18:00:23","modified_gmt":"2026-02-25T17:00:23","slug":"las-moradas-9788428530606","status":"publish","type":"product","link":"https:\/\/www.claret.cat\/es\/libro\/las-moradas-9788428530606\/","title":{"rendered":"LAS MORADAS"},"content":{"rendered":"<p>Las Moradas abren a cualquier lector un camino muy sencillo y humilde, practicable y eficaz. Este camino pasa por leer despacio el pr\u00f3logo y dejarse llevar sucesivamente por los t\u00edtulos de los 27 cap\u00edtulos que constituyen el libro. Teresa de Jes\u00fas posee una habilidad singular para sintetizar en esos ep\u00edgrafes lo que quiere decir, y no son m\u00e1s que un simple incentivo o aliciente que motiva al lector a internarse personalmente en el castillo teresiano. A su vez, el lector har\u00e1 acopio de sus ense\u00f1anzas y caminar\u00e1 hacia la uni\u00f3n con Dios, pero sin olvidar nunca que la puerta para entrar en el castillo, es decir, en s\u00ed mismo y por ese camino llegar a interiorizarse y a engolfarse en Dios, es la oraci\u00f3n. <br \/>Para Teresa de Jes\u00fas la oraci\u00f3n es una relaci\u00f3n interpersonal, un trato de amistad entre Cristo y el orante, sin excluir de esa relaci\u00f3n al resto de la humanidad.<\/p>\n","protected":false},"excerpt":{"rendered":"<p>TERESA DE JES\u00daS<\/p>\n","protected":false},"featured_media":1083708,"template":"","meta":{"_acf_changed":false,"om_disable_all_campaigns":false,"rs_blank_template":"","rs_page_bg_color":"","slide_template_v7":"","inline_featured_image":false,"_monsterinsights_skip_tracking":false,"_monsterinsights_sitenote_active":false,"_monsterinsights_sitenote_note":"","_monsterinsights_sitenote_category":0},"product_brand":[],"product_cat":[492,242,233,486],"product_tag":[],"class_list":{"0":"post-334292","1":"product","2":"type-product","3":"status-publish","4":"has-post-thumbnail","6":"product_cat-carmelitana-espiritualidad-1_espiritualidad","7":"product_cat-carmelitana","8":"product_cat-mistica","9":"product_cat-mistica-espiritualidad-1_espiritualidad","11":"first","12":"instock","13":"taxable","14":"shipping-taxable","15":"purchasable","16":"product-type-simple"},"acf":{"editorial":[{"ID":6356,"post_author":"3","post_date":"2022-07-28 17:50:26","post_date_gmt":"2022-07-28 15:50:26","post_content":"","post_title":"SAN PABLO COMUNICACI\u00d3N","post_excerpt":"","post_status":"publish","comment_status":"closed","ping_status":"closed","post_password":"","post_name":"san-pablo-comunicacion","to_ping":"","pinged":"","post_modified":"2022-07-28 17:50:26","post_modified_gmt":"2022-07-28 15:50:26","post_content_filtered":"","post_parent":0,"guid":"http:\/\/dev.claret.cat\/editorial\/san-pablo-comunicacion\/","menu_order":0,"post_type":"editorial","post_mime_type":"","comment_count":"0","filter":"raw"}],"autores-libros":[{"ID":8447,"post_author":"3","post_date":"2022-09-30 09:48:39","post_date_gmt":"2022-09-30 07:48:39","post_content":"","post_title":"TERESA DE JES\u00daS","post_excerpt":"","post_status":"publish","comment_status":"closed","ping_status":"closed","post_password":"","post_name":"teresa-de-jesus","to_ping":"","pinged":"","post_modified":"2022-09-30 09:48:39","post_modified_gmt":"2022-09-30 07:48:39","post_content_filtered":"","post_parent":0,"guid":"http:\/\/dev.claret.cat\/autor\/teresa-de-jesus\/","menu_order":0,"post_type":"autor","post_mime_type":"","comment_count":"0","filter":"raw"},{"ID":284235,"post_author":"3","post_date":"2022-12-10 02:11:04","post_date_gmt":"2022-12-10 01:11:04","post_content":"","post_title":"JOS\u00c9 VICENTE (int) RODR\u00cdGUEZ","post_excerpt":"","post_status":"publish","comment_status":"closed","ping_status":"closed","post_password":"","post_name":"jose-vicente-int-rodriguez","to_ping":"","pinged":"","post_modified":"2022-12-10 02:11:04","post_modified_gmt":"2022-12-10 01:11:04","post_content_filtered":"","post_parent":0,"guid":"http:\/\/dev.claret.cat\/autor\/jose-vicente-int-rodriguez\/","menu_order":0,"post_type":"autor","post_mime_type":"","comment_count":"0","filter":"raw"}],"autor":"TERESA DE JES\u00daS","codart":"842853060","libros-coleccion":"Biblioteca Cl\u00e1sicos Cristianos","ediciones":"1","encuadernacion":"R\u00fastica","fecha_de_publicacion":"20\/03\/2007","novedad":"0","paginas":"272","subtitulo":"","orden":"999","portada":"0","idioma":"spa","booktrailer":"","resenas":""},"aioseo_notices":[],"_links":{"self":[{"href":"https:\/\/www.claret.cat\/es\/wp-json\/wp\/v2\/product\/334292","targetHints":{"allow":["GET"]}}],"collection":[{"href":"https:\/\/www.claret.cat\/es\/wp-json\/wp\/v2\/product"}],"about":[{"href":"https:\/\/www.claret.cat\/es\/wp-json\/wp\/v2\/types\/product"}],"wp:featuredmedia":[{"embeddable":true,"href":"https:\/\/www.claret.cat\/es\/wp-json\/wp\/v2\/media\/1083708"}],"wp:attachment":[{"href":"https:\/\/www.claret.cat\/es\/wp-json\/wp\/v2\/media?parent=334292"}],"wp:term":[{"taxonomy":"product_brand","embeddable":true,"href":"https:\/\/www.claret.cat\/es\/wp-json\/wp\/v2\/product_brand?post=334292"},{"taxonomy":"product_cat","embeddable":true,"href":"https:\/\/www.claret.cat\/es\/wp-json\/wp\/v2\/product_cat?post=334292"},{"taxonomy":"product_tag","embeddable":true,"href":"https:\/\/www.claret.cat\/es\/wp-json\/wp\/v2\/product_tag?post=334292"}],"curies":[{"name":"wp","href":"https:\/\/api.w.org\/{rel}","templated":true}]}}