{"id":334307,"date":"2023-01-12T22:12:09","date_gmt":"2023-01-12T21:12:09","guid":{"rendered":"https:\/\/www.claret.cat\/llibre\/juan-de-la-cruz-9788428532327\/"},"modified":"2025-11-22T11:15:36","modified_gmt":"2025-11-22T10:15:36","slug":"juan-de-la-cruz-9788428532327","status":"publish","type":"product","link":"https:\/\/www.claret.cat\/es\/libro\/juan-de-la-cruz-9788428532327\/","title":{"rendered":"JUAN DE LA CRUZ"},"content":{"rendered":"<p>El protagonista de esta biograf\u00eda es san Juan de la Cruz, calificado por santa Teresa de \u00abchico\u00bb, por lo peque\u00f1o que era de cuerpo, y de \u00abgrande\u00bb a los ojos de Dios. <br \/>La obra hace un recorrido por la vida de este gran santo, ofreciendo algunos datos hist\u00f3ricos que en su d\u00eda destac\u00f3 santa Teresa de \u00c1vila en su biograf\u00eda sobre \u00e9l: sus estudios en Salamanca; su decisi\u00f3n de irse a la Cartuja; sus entrevistas con \u00e9l para renovar la Orden entre los frailes del Carmen; la inauguraci\u00f3n del primer conventito en Duruelo; su acci\u00f3n ministerial en \u00c1vila; su encarcelamiento en Toledo, o sus viajes por Andaluc\u00eda.<\/p>\n","protected":false},"excerpt":{"rendered":"<p>RODR\u00cdGUEZ, JOS\u00c9 VICENTE<\/p>\n","protected":false},"featured_media":1067743,"template":"","meta":{"_acf_changed":false,"om_disable_all_campaigns":false,"rs_blank_template":"","rs_page_bg_color":"","slide_template_v7":"","inline_featured_image":false,"_monsterinsights_skip_tracking":false,"_monsterinsights_sitenote_active":false,"_monsterinsights_sitenote_note":"","_monsterinsights_sitenote_category":0},"product_brand":[],"product_cat":[90,540],"product_tag":[],"class_list":{"0":"post-334307","1":"product","2":"type-product","3":"status-publish","4":"has-post-thumbnail","6":"product_cat-altres","7":"product_cat-otros","9":"first","10":"instock","11":"taxable","12":"shipping-taxable","13":"purchasable","14":"product-type-simple"},"acf":{"editorial":[{"ID":6356,"post_author":"3","post_date":"2022-07-28 17:50:26","post_date_gmt":"2022-07-28 15:50:26","post_content":"","post_title":"SAN PABLO COMUNICACI\u00d3N","post_excerpt":"","post_status":"publish","comment_status":"closed","ping_status":"closed","post_password":"","post_name":"san-pablo-comunicacion","to_ping":"","pinged":"","post_modified":"2022-07-28 17:50:26","post_modified_gmt":"2022-07-28 15:50:26","post_content_filtered":"","post_parent":0,"guid":"http:\/\/dev.claret.cat\/editorial\/san-pablo-comunicacion\/","menu_order":0,"post_type":"editorial","post_mime_type":"","comment_count":"0","filter":"raw"}],"autores-libros":[{"ID":160590,"post_author":"3","post_date":"2022-10-14 15:54:18","post_date_gmt":"2022-10-14 13:54:18","post_content":"","post_title":"JOSE VICENTE RODRIGUEZ","post_excerpt":"","post_status":"publish","comment_status":"closed","ping_status":"closed","post_password":"","post_name":"jose-vicente-rodriguez","to_ping":"","pinged":"","post_modified":"2022-10-14 15:54:18","post_modified_gmt":"2022-10-14 13:54:18","post_content_filtered":"","post_parent":0,"guid":"http:\/\/dev.claret.cat\/autor\/jose-vicente-rodriguez\/","menu_order":0,"post_type":"autor","post_mime_type":"","comment_count":"0","filter":"raw"}],"autor":"RODR\u00cdGUEZ, JOS\u00c9 VICENTE","codart":"842853232","libros-coleccion":"Retratos de bolsillo","ediciones":"1","encuadernacion":"R\u00fastica","fecha_de_publicacion":"14\/12\/2007","novedad":"0","paginas":"112","subtitulo":"CHICO Y GRANDE","orden":"0","portada":"0","idioma":"spa","booktrailer":"","resenas":""},"aioseo_notices":[],"_links":{"self":[{"href":"https:\/\/www.claret.cat\/es\/wp-json\/wp\/v2\/product\/334307","targetHints":{"allow":["GET"]}}],"collection":[{"href":"https:\/\/www.claret.cat\/es\/wp-json\/wp\/v2\/product"}],"about":[{"href":"https:\/\/www.claret.cat\/es\/wp-json\/wp\/v2\/types\/product"}],"wp:featuredmedia":[{"embeddable":true,"href":"https:\/\/www.claret.cat\/es\/wp-json\/wp\/v2\/media\/1067743"}],"wp:attachment":[{"href":"https:\/\/www.claret.cat\/es\/wp-json\/wp\/v2\/media?parent=334307"}],"wp:term":[{"taxonomy":"product_brand","embeddable":true,"href":"https:\/\/www.claret.cat\/es\/wp-json\/wp\/v2\/product_brand?post=334307"},{"taxonomy":"product_cat","embeddable":true,"href":"https:\/\/www.claret.cat\/es\/wp-json\/wp\/v2\/product_cat?post=334307"},{"taxonomy":"product_tag","embeddable":true,"href":"https:\/\/www.claret.cat\/es\/wp-json\/wp\/v2\/product_tag?post=334307"}],"curies":[{"name":"wp","href":"https:\/\/api.w.org\/{rel}","templated":true}]}}