{"id":334354,"date":"2023-01-12T22:30:42","date_gmt":"2023-01-12T21:30:42","guid":{"rendered":"https:\/\/www.claret.cat\/llibre\/carlo-maria-martini-9788428534406\/"},"modified":"2025-10-20T13:10:47","modified_gmt":"2025-10-20T11:10:47","slug":"carlo-maria-martini-9788428534406","status":"publish","type":"product","link":"https:\/\/www.claret.cat\/es\/libro\/carlo-maria-martini-9788428534406\/","title":{"rendered":"CARLO MARIA MARTINI"},"content":{"rendered":"<p>\u00bfEn qu\u00e9 corriente de la teolog\u00eda se inspira la ense\u00f1anza espiritual y pastoral del cardenal Carlo Maria Martini?, \u00bfcu\u00e1l es el m\u00e9todo teol\u00f3gico que subyace tras su empe\u00f1o?, \u00bfqu\u00e9 imagen de Dios, del hombre y de la Iglesia se derivan del mismo?, \u00bfqu\u00e9 papel desempe\u00f1a en su pensamiento la visi\u00f3n que tiene del futuro? A estas preguntas responde el presente ensayo. Tras encuadrar a Martini dentro de un marco biogr\u00e1fico-teol\u00f3gico, este estudio indaga en las fuentes del magisterio episcopal del cardenal y analiza los elementos teol\u00f3gicos de su magisterio.<br \/>Las ense\u00f1anzas del autor de Coloquios nocturnos en Jerusal\u00e9n se muestran como un magisterio caracterizado por una teolog\u00eda sapiencial vinculada a la Sagrada Escritura, un magisterio en el que conviven de forma armoniosa fe y cultura, lectura de la Biblia e interpretaci\u00f3n de la realidad, escucha de la Palabra y escucha de las personas.<\/p>\n","protected":false},"excerpt":{"rendered":"<p>MODENA, DAMIANO<\/p>\n","protected":false},"featured_media":0,"template":"","meta":{"_acf_changed":false,"om_disable_all_campaigns":false,"rs_blank_template":"","rs_page_bg_color":"","slide_template_v7":"","inline_featured_image":false,"_monsterinsights_skip_tracking":false,"_monsterinsights_sitenote_active":false,"_monsterinsights_sitenote_note":"","_monsterinsights_sitenote_category":0},"product_brand":[],"product_cat":[90,540],"product_tag":[],"class_list":{"0":"post-334354","1":"product","2":"type-product","3":"status-publish","5":"product_cat-altres","6":"product_cat-otros","8":"first","9":"instock","10":"taxable","11":"shipping-taxable","12":"purchasable","13":"product-type-simple"},"acf":{"editorial":[{"ID":6356,"post_author":"3","post_date":"2022-07-28 17:50:26","post_date_gmt":"2022-07-28 15:50:26","post_content":"","post_title":"SAN PABLO COMUNICACI\u00d3N","post_excerpt":"","post_status":"publish","comment_status":"closed","ping_status":"closed","post_password":"","post_name":"san-pablo-comunicacion","to_ping":"","pinged":"","post_modified":"2022-07-28 17:50:26","post_modified_gmt":"2022-07-28 15:50:26","post_content_filtered":"","post_parent":0,"guid":"http:\/\/dev.claret.cat\/editorial\/san-pablo-comunicacion\/","menu_order":0,"post_type":"editorial","post_mime_type":"","comment_count":"0","filter":"raw"}],"autores-libros":[{"ID":284476,"post_author":"3","post_date":"2022-12-10 02:20:32","post_date_gmt":"2022-12-10 01:20:32","post_content":"","post_title":"DAMIANO MODENA","post_excerpt":"","post_status":"publish","comment_status":"closed","ping_status":"closed","post_password":"","post_name":"damiano-modena","to_ping":"","pinged":"","post_modified":"2022-12-10 02:20:32","post_modified_gmt":"2022-12-10 01:20:32","post_content_filtered":"","post_parent":0,"guid":"http:\/\/dev.claret.cat\/autor\/damiano-modena\/","menu_order":0,"post_type":"autor","post_mime_type":"","comment_count":"0","filter":"raw"}],"autor":"MODENA, DAMIANO","codart":"842853440","libros-coleccion":"Caminos","ediciones":"1","encuadernacion":"Carton\u00e9","fecha_de_publicacion":"09\/03\/2009","novedad":"0","paginas":"448","subtitulo":"MAGISTERIO TEOL\u00d3GICO, PASTORAL Y ESPIRITUAL","orden":"999","portada":"0","idioma":"spa","booktrailer":"","resenas":""},"aioseo_notices":[],"_links":{"self":[{"href":"https:\/\/www.claret.cat\/es\/wp-json\/wp\/v2\/product\/334354","targetHints":{"allow":["GET"]}}],"collection":[{"href":"https:\/\/www.claret.cat\/es\/wp-json\/wp\/v2\/product"}],"about":[{"href":"https:\/\/www.claret.cat\/es\/wp-json\/wp\/v2\/types\/product"}],"wp:attachment":[{"href":"https:\/\/www.claret.cat\/es\/wp-json\/wp\/v2\/media?parent=334354"}],"wp:term":[{"taxonomy":"product_brand","embeddable":true,"href":"https:\/\/www.claret.cat\/es\/wp-json\/wp\/v2\/product_brand?post=334354"},{"taxonomy":"product_cat","embeddable":true,"href":"https:\/\/www.claret.cat\/es\/wp-json\/wp\/v2\/product_cat?post=334354"},{"taxonomy":"product_tag","embeddable":true,"href":"https:\/\/www.claret.cat\/es\/wp-json\/wp\/v2\/product_tag?post=334354"}],"curies":[{"name":"wp","href":"https:\/\/api.w.org\/{rel}","templated":true}]}}