{"id":334356,"date":"2023-01-12T22:30:54","date_gmt":"2023-01-12T21:30:54","guid":{"rendered":"https:\/\/www.claret.cat\/llibre\/ser-todavia-cristianos-9788428534444\/"},"modified":"2024-05-02T11:04:58","modified_gmt":"2024-05-02T09:04:58","slug":"ser-todavia-cristianos-9788428534444","status":"publish","type":"product","link":"https:\/\/www.claret.cat\/es\/libro\/ser-todavia-cristianos-9788428534444\/","title":{"rendered":"\u00bfSER TODAV\u00cdA CRISTIANOS?"},"content":{"rendered":"<p>Los cristianos ya no vivimos en una situaci\u00f3n de cristiandad en la que los marcos sociales facilitaban una pr\u00e1ctica de la religi\u00f3n que no comprometiera demasiado la propia responsabilidad personal, sino que estamos inmersos en una sociedad laica, plural, democr\u00e1tica y, en ocasiones, hostil a la fe y a la pr\u00e1ctica religiosa. En este contexto, merece la pena plantearse si la confesi\u00f3n cristiana debe o no tener una relevancia p\u00fablica, c\u00f3mo debe ser, en caso afirmativo, esa presencia p\u00fablica, y cu\u00e1l es el precio para lograr esa nueva presencia.<br \/>Este libro responde a estos interrogantes partiendo de la situaci\u00f3n reciente para plantear despu\u00e9s c\u00f3mo debe ser la presencia p\u00fablica de la Iglesia, y la renovaci\u00f3n cristiana que dicha presencia implica.<\/p>\n","protected":false},"excerpt":{"rendered":"<p>ESPEJA, JES\u00daS<\/p>\n","protected":false},"featured_media":0,"template":"","meta":{"_acf_changed":false,"om_disable_all_campaigns":false,"rs_blank_template":"","rs_page_bg_color":"","slide_template_v7":"","inline_featured_image":false,"_monsterinsights_skip_tracking":false,"_monsterinsights_sitenote_active":false,"_monsterinsights_sitenote_note":"","_monsterinsights_sitenote_category":0},"product_brand":[],"product_cat":[90,540],"product_tag":[],"class_list":{"0":"post-334356","1":"product","2":"type-product","3":"status-publish","5":"product_cat-altres","6":"product_cat-otros","8":"first","9":"instock","10":"taxable","11":"shipping-taxable","12":"purchasable","13":"product-type-simple"},"acf":{"editorial":[{"ID":6356,"post_author":"3","post_date":"2022-07-28 17:50:26","post_date_gmt":"2022-07-28 15:50:26","post_content":"","post_title":"SAN PABLO COMUNICACI\u00d3N","post_excerpt":"","post_status":"publish","comment_status":"closed","ping_status":"closed","post_password":"","post_name":"san-pablo-comunicacion","to_ping":"","pinged":"","post_modified":"2022-07-28 17:50:26","post_modified_gmt":"2022-07-28 15:50:26","post_content_filtered":"","post_parent":0,"guid":"http:\/\/dev.claret.cat\/editorial\/san-pablo-comunicacion\/","menu_order":0,"post_type":"editorial","post_mime_type":"","comment_count":"0","filter":"raw"}],"autores-libros":[{"ID":159103,"post_author":"3","post_date":"2022-10-14 15:42:06","post_date_gmt":"2022-10-14 13:42:06","post_content":"","post_title":"JES\u00daS ESPEJA","post_excerpt":"","post_status":"publish","comment_status":"closed","ping_status":"closed","post_password":"","post_name":"jesus-espeja","to_ping":"","pinged":"","post_modified":"2022-10-14 15:42:06","post_modified_gmt":"2022-10-14 13:42:06","post_content_filtered":"","post_parent":0,"guid":"http:\/\/dev.claret.cat\/autor\/jesus-espeja\/","menu_order":0,"post_type":"autor","post_mime_type":"","comment_count":"0","filter":"raw"}],"autor":"ESPEJA, JES\u00daS","codart":"842853444","libros-coleccion":"Pensar y creer","ediciones":"1","encuadernacion":"Carton\u00e9","fecha_de_publicacion":"09\/03\/2009","novedad":"0","paginas":"208","subtitulo":"EN UNA SOCIEDAD LAICA Y PLURAL","orden":"999","portada":"0","idioma":"spa"},"aioseo_notices":[],"_links":{"self":[{"href":"https:\/\/www.claret.cat\/es\/wp-json\/wp\/v2\/product\/334356","targetHints":{"allow":["GET"]}}],"collection":[{"href":"https:\/\/www.claret.cat\/es\/wp-json\/wp\/v2\/product"}],"about":[{"href":"https:\/\/www.claret.cat\/es\/wp-json\/wp\/v2\/types\/product"}],"wp:attachment":[{"href":"https:\/\/www.claret.cat\/es\/wp-json\/wp\/v2\/media?parent=334356"}],"wp:term":[{"taxonomy":"product_brand","embeddable":true,"href":"https:\/\/www.claret.cat\/es\/wp-json\/wp\/v2\/product_brand?post=334356"},{"taxonomy":"product_cat","embeddable":true,"href":"https:\/\/www.claret.cat\/es\/wp-json\/wp\/v2\/product_cat?post=334356"},{"taxonomy":"product_tag","embeddable":true,"href":"https:\/\/www.claret.cat\/es\/wp-json\/wp\/v2\/product_tag?post=334356"}],"curies":[{"name":"wp","href":"https:\/\/api.w.org\/{rel}","templated":true}]}}