{"id":33438,"date":"2022-10-02T12:59:54","date_gmt":"2022-10-02T10:59:54","guid":{"rendered":"http:\/\/dev.claret.cat\/producte\/hay-una-vaca-en-mi-cama\/"},"modified":"2023-10-06T07:55:37","modified_gmt":"2023-10-06T05:55:37","slug":"hay-una-vaca-en-mi-cama-9788418599613","status":"publish","type":"product","link":"https:\/\/www.claret.cat\/es\/libro\/hay-una-vaca-en-mi-cama-9788418599613\/","title":{"rendered":"HAY UNA VACA EN MI CAMA"},"content":{"rendered":"<p>Antes de dormir, una ni\u00f1a dice que en su cama hay una vaca. \u00bfEs posible? Cuando el padre va a su habitaci\u00f3n, all\u00ed no hay nadie. \u201cPap\u00e1, es que ahora la vaca est\u00e1 jugando al escondite con un elefante y un pato\u201d.<\/p>\n<p> Una divertida historia antes de dormir. \u00bfSer\u00e1 todo fruto de la imaginaci\u00f3n de la ni\u00f1a?<\/p>\n","protected":false},"excerpt":{"rendered":"<p>FEHR, DANIEL<\/p>\n","protected":false},"featured_media":50781,"template":"","meta":{"_acf_changed":false,"om_disable_all_campaigns":false,"rs_blank_template":"","rs_page_bg_color":"","slide_template_v7":"","inline_featured_image":false,"_monsterinsights_skip_tracking":false,"_monsterinsights_sitenote_active":false,"_monsterinsights_sitenote_note":"","_monsterinsights_sitenote_category":0},"product_brand":[],"product_cat":[361],"product_tag":[],"class_list":{"0":"post-33438","1":"product","2":"type-product","3":"status-publish","4":"has-post-thumbnail","6":"product_cat-cuentos-para-ninos-0-6-anos","8":"first","9":"instock","10":"taxable","11":"shipping-taxable","12":"purchasable","13":"product-type-simple"},"acf":{"autor":"FEHR, DANIEL","codart":"841859961","libros-coleccion":"FORA DE COL.LECCI\u00d3","ediciones":"1","encuadernacion":"Carton\u00e9","fecha_de_publicacion":"01\/10\/2022","novedad":"1","paginas":"45","subtitulo":"","orden":"0","portada":"0","idioma":"spa","editorial":[{"ID":148592,"post_author":"3","post_date":"2022-10-14 11:59:27","post_date_gmt":"2022-10-14 09:59:27","post_content":"","post_title":"NUBEOCHO","post_excerpt":"","post_status":"publish","comment_status":"closed","ping_status":"closed","post_password":"","post_name":"nubeocho","to_ping":"","pinged":"","post_modified":"2022-10-14 11:59:27","post_modified_gmt":"2022-10-14 09:59:27","post_content_filtered":"","post_parent":0,"guid":"http:\/\/dev.claret.cat\/editorial\/nubeocho\/","menu_order":0,"post_type":"editorial","post_mime_type":"","comment_count":"0","filter":"raw"}],"autores-libros":[{"ID":153575,"post_author":"3","post_date":"2022-10-14 14:57:50","post_date_gmt":"2022-10-14 12:57:50","post_content":"","post_title":"DANIEL FEHR","post_excerpt":"","post_status":"publish","comment_status":"closed","ping_status":"closed","post_password":"","post_name":"daniel-fehr","to_ping":"","pinged":"","post_modified":"2022-10-14 14:57:50","post_modified_gmt":"2022-10-14 12:57:50","post_content_filtered":"","post_parent":0,"guid":"http:\/\/dev.claret.cat\/autor\/daniel-fehr\/","menu_order":0,"post_type":"autor","post_mime_type":"","comment_count":"0","filter":"raw"}]},"aioseo_notices":[],"_links":{"self":[{"href":"https:\/\/www.claret.cat\/es\/wp-json\/wp\/v2\/product\/33438","targetHints":{"allow":["GET"]}}],"collection":[{"href":"https:\/\/www.claret.cat\/es\/wp-json\/wp\/v2\/product"}],"about":[{"href":"https:\/\/www.claret.cat\/es\/wp-json\/wp\/v2\/types\/product"}],"wp:featuredmedia":[{"embeddable":true,"href":"https:\/\/www.claret.cat\/es\/wp-json\/wp\/v2\/media\/50781"}],"wp:attachment":[{"href":"https:\/\/www.claret.cat\/es\/wp-json\/wp\/v2\/media?parent=33438"}],"wp:term":[{"taxonomy":"product_brand","embeddable":true,"href":"https:\/\/www.claret.cat\/es\/wp-json\/wp\/v2\/product_brand?post=33438"},{"taxonomy":"product_cat","embeddable":true,"href":"https:\/\/www.claret.cat\/es\/wp-json\/wp\/v2\/product_cat?post=33438"},{"taxonomy":"product_tag","embeddable":true,"href":"https:\/\/www.claret.cat\/es\/wp-json\/wp\/v2\/product_tag?post=33438"}],"curies":[{"name":"wp","href":"https:\/\/api.w.org\/{rel}","templated":true}]}}