{"id":33456,"date":"2022-10-02T17:32:27","date_gmt":"2022-10-02T15:32:27","guid":{"rendered":"http:\/\/dev.claret.cat\/producte\/assaig-sobre-la-ceguesa\/"},"modified":"2025-01-31T22:49:54","modified_gmt":"2025-01-31T21:49:54","slug":"assaig-sobre-la-ceguesa-9788419311146","status":"publish","type":"product","link":"https:\/\/www.claret.cat\/es\/libro\/assaig-sobre-la-ceguesa-9788419311146\/","title":{"rendered":"ASSAIG SOBRE LA CEGUESA"},"content":{"rendered":"<p>Una epid\u00e9mia de ceguesa s&#8217;est\u00e9n de manera fulminant i sobtada per tota la societat. Aquesta greu malaltia sembla afectar tothom a un ritme alarmant, excepte l&#8217;esposa d&#8217;un metge, que, tot i ser estranyament immune, es far\u00e1 passar per cega per acompanyar el seu marit al centre d&#8217;a\u00efllament que han habilitat les autoritats. A trav\u00e9s dels seus ulls podrem presenciar un infern on centenars de persones cegues hauran de lluitar per sobreviure a qualsevol preu.En aquesta novel\u00b7la, terriblement actual, Jos\u00e9 Saramago presenta una imatge aterridora de la societat i descriu un m\u00f3n sense pietat on regnen el caos i el desconcert.uil\u00b7les del combat afebleix notablement l&#8217;ex\u00e9rcit grec i no \u00e9s fins que P\u00e1trocle mor a mans d&#8217;H\u00e9ctor que Aquil\u00b7les no tornar\u00e1 al camp de batalla al costat dels grecs.inaci\u00f3n literaria y pol\u00edtica; una forma de escritura y de lectura en movimiento que nos ayuda a descifrar el mundo que nos rodea y tambi\u00e9n a nosotros mismos.o se llega a ninguna parte. Tienen que aceptar que lo inconsciente aporta algo, y de ustedes depende que entiendan su lenguaje, el de lo inconsciente. No es el lenguaje que usan us<\/p>\n","protected":false},"excerpt":{"rendered":"<p>SARAMAGO, JOS\u00c9<\/p>\n","protected":false},"featured_media":454088,"template":"","meta":{"_acf_changed":false,"om_disable_all_campaigns":false,"rs_blank_template":"","rs_page_bg_color":"","slide_template_v7":"","inline_featured_image":false,"_monsterinsights_skip_tracking":false,"_monsterinsights_sitenote_active":false,"_monsterinsights_sitenote_note":"","_monsterinsights_sitenote_category":0},"product_brand":[],"product_cat":[375,174,373,166,175,445,127,357],"product_tag":[],"class_list":{"0":"post-33456","1":"product","2":"type-product","3":"status-publish","4":"has-post-thumbnail","6":"product_cat-antropologia-filosofia-2_humanidades","7":"product_cat-antropologia","8":"product_cat-autores","9":"product_cat-autors-filosofia","10":"product_cat-etica","11":"product_cat-etica-filosofia-2_humanidades","12":"product_cat-novella-contemporania","13":"product_cat-novela-contemporanea","15":"first","16":"instock","17":"taxable","18":"shipping-taxable","19":"purchasable","20":"product-type-simple"},"acf":{"autor":"SARAMAGO, JOS\u00c9","codart":"841931114","libros-coleccion":"FORA DE COL.LECCI\u00d3","ediciones":"1","encuadernacion":"R\u00fastica","fecha_de_publicacion":"01\/10\/2022","novedad":"1","paginas":"361","subtitulo":"","orden":"0","portada":"0","idioma":"cat","editorial":[{"ID":6313,"post_author":"3","post_date":"2022-07-28 17:49:30","post_date_gmt":"2022-07-28 15:49:30","post_content":"","post_title":"Navona Editorial","post_excerpt":"","post_status":"publish","comment_status":"closed","ping_status":"closed","post_password":"","post_name":"navona-editorial","to_ping":"","pinged":"","post_modified":"2022-07-28 17:49:30","post_modified_gmt":"2022-07-28 15:49:30","post_content_filtered":"","post_parent":0,"guid":"http:\/\/dev.claret.cat\/editorial\/navona-editorial\/","menu_order":0,"post_type":"editorial","post_mime_type":"","comment_count":"0","filter":"raw"}],"autores-libros":[{"ID":5650,"post_author":"3","post_date":"2022-07-28 17:28:32","post_date_gmt":"2022-07-28 15:28:32","post_content":"","post_title":"JOSE SARAMAGO","post_excerpt":"","post_status":"publish","comment_status":"closed","ping_status":"closed","post_password":"","post_name":"jose-saramago","to_ping":"","pinged":"","post_modified":"2022-07-28 17:28:32","post_modified_gmt":"2022-07-28 15:28:32","post_content_filtered":"","post_parent":0,"guid":"http:\/\/dev.claret.cat\/autor\/jose-saramago\/","menu_order":0,"post_type":"autor","post_mime_type":"","comment_count":"0","filter":"raw"}]},"aioseo_notices":[],"_links":{"self":[{"href":"https:\/\/www.claret.cat\/es\/wp-json\/wp\/v2\/product\/33456","targetHints":{"allow":["GET"]}}],"collection":[{"href":"https:\/\/www.claret.cat\/es\/wp-json\/wp\/v2\/product"}],"about":[{"href":"https:\/\/www.claret.cat\/es\/wp-json\/wp\/v2\/types\/product"}],"wp:featuredmedia":[{"embeddable":true,"href":"https:\/\/www.claret.cat\/es\/wp-json\/wp\/v2\/media\/454088"}],"wp:attachment":[{"href":"https:\/\/www.claret.cat\/es\/wp-json\/wp\/v2\/media?parent=33456"}],"wp:term":[{"taxonomy":"product_brand","embeddable":true,"href":"https:\/\/www.claret.cat\/es\/wp-json\/wp\/v2\/product_brand?post=33456"},{"taxonomy":"product_cat","embeddable":true,"href":"https:\/\/www.claret.cat\/es\/wp-json\/wp\/v2\/product_cat?post=33456"},{"taxonomy":"product_tag","embeddable":true,"href":"https:\/\/www.claret.cat\/es\/wp-json\/wp\/v2\/product_tag?post=33456"}],"curies":[{"name":"wp","href":"https:\/\/api.w.org\/{rel}","templated":true}]}}