{"id":33561,"date":"2022-10-02T17:34:10","date_gmt":"2022-10-02T15:34:10","guid":{"rendered":"http:\/\/dev.claret.cat\/producte\/nicolas-castellanos-franco\/"},"modified":"2024-05-02T07:55:39","modified_gmt":"2024-05-02T05:55:39","slug":"nicolas-castellanos-franco-9788428563321","status":"publish","type":"product","link":"https:\/\/www.claret.cat\/es\/libro\/nicolas-castellanos-franco-9788428563321\/","title":{"rendered":"NICOL\u00c1S CASTELLANOS FRANCO"},"content":{"rendered":"<p>Nicol\u00e1s Castellanos Franco es una de las personalidades m\u00e1s relevantes en el \u00e1mbito humanitario y religioso. Ha supuesto un gran impacto en Espa\u00f1a y Latinoam\u00e9rica, tanto por sus aportaciones sobre la Iglesia postconciliar, a trav\u00e9s de su labor pastoral, como por el testimonio de su vida y de su obra evangelizadora comprometida con los m\u00e1s necesitados, gracias al Plan 3000 de los suburbios de Santa Cruz en Bolivia. <br \/> Este libro, repleto de an\u00e9cdotas y testimonios, nos revela el ideario del agustino, misionero y obispo que renunci\u00f3 a su sede episcopal para evangelizar una de las zonas m\u00e1s pobres de Am\u00e9rica Latina, y nos ayuda a inspirarnos en el ejemplo de uno de los hombres m\u00e1s aut\u00e9nticos de nuestro tiempo.<\/p>\n","protected":false},"excerpt":{"rendered":"<p>JIM\u00c9NEZ BLASCO, JULIO<\/p>\n","protected":false},"featured_media":336579,"template":"","meta":{"_acf_changed":false,"om_disable_all_campaigns":false,"rs_blank_template":"","rs_page_bg_color":"","slide_template_v7":"","inline_featured_image":false,"_monsterinsights_skip_tracking":false,"_monsterinsights_sitenote_active":false,"_monsterinsights_sitenote_note":"","_monsterinsights_sitenote_category":0},"product_brand":[],"product_cat":[485,232,392,231],"product_tag":[],"class_list":{"0":"post-33561","1":"product","2":"type-product","3":"status-publish","4":"has-post-thumbnail","6":"product_cat-autores-espiritualidad-1_espiritualidad","7":"product_cat-autors-espiritualitat","8":"product_cat-obras-generales","9":"product_cat-obres-generals","11":"first","12":"instock","13":"taxable","14":"shipping-taxable","15":"purchasable","16":"product-type-simple"},"acf":{"autor":"JIM\u00c9NEZ BLASCO, JULIO","codart":"842856332","libros-coleccion":"Caminos","ediciones":"1","encuadernacion":"R\u00fastica","fecha_de_publicacion":"27\/09\/2022","novedad":"1","paginas":"784","subtitulo":"UN OBISPO DEL CONCILIO VATICANO II. NADA PARA LOS POBRES, SINO TODO CON LOS POBRES","orden":"0","portada":"0","idioma":"spa","editorial":[{"ID":6356,"post_author":"3","post_date":"2022-07-28 17:50:26","post_date_gmt":"2022-07-28 15:50:26","post_content":"","post_title":"SAN PABLO COMUNICACI\u00d3N","post_excerpt":"","post_status":"publish","comment_status":"closed","ping_status":"closed","post_password":"","post_name":"san-pablo-comunicacion","to_ping":"","pinged":"","post_modified":"2022-07-28 17:50:26","post_modified_gmt":"2022-07-28 15:50:26","post_content_filtered":"","post_parent":0,"guid":"http:\/\/dev.claret.cat\/editorial\/san-pablo-comunicacion\/","menu_order":0,"post_type":"editorial","post_mime_type":"","comment_count":"0","filter":"raw"}],"autores-libros":[{"ID":161335,"post_author":"3","post_date":"2022-10-14 17:17:23","post_date_gmt":"2022-10-14 15:17:23","post_content":"","post_title":"JULIO JIM\u00c9NEZ BLASCO","post_excerpt":"","post_status":"publish","comment_status":"closed","ping_status":"closed","post_password":"","post_name":"julio-jimenez-blasco","to_ping":"","pinged":"","post_modified":"2022-10-14 17:17:23","post_modified_gmt":"2022-10-14 15:17:23","post_content_filtered":"","post_parent":0,"guid":"http:\/\/dev.claret.cat\/autor\/julio-jimenez-blasco\/","menu_order":0,"post_type":"autor","post_mime_type":"","comment_count":"0","filter":"raw"}]},"aioseo_notices":[],"_links":{"self":[{"href":"https:\/\/www.claret.cat\/es\/wp-json\/wp\/v2\/product\/33561","targetHints":{"allow":["GET"]}}],"collection":[{"href":"https:\/\/www.claret.cat\/es\/wp-json\/wp\/v2\/product"}],"about":[{"href":"https:\/\/www.claret.cat\/es\/wp-json\/wp\/v2\/types\/product"}],"wp:featuredmedia":[{"embeddable":true,"href":"https:\/\/www.claret.cat\/es\/wp-json\/wp\/v2\/media\/336579"}],"wp:attachment":[{"href":"https:\/\/www.claret.cat\/es\/wp-json\/wp\/v2\/media?parent=33561"}],"wp:term":[{"taxonomy":"product_brand","embeddable":true,"href":"https:\/\/www.claret.cat\/es\/wp-json\/wp\/v2\/product_brand?post=33561"},{"taxonomy":"product_cat","embeddable":true,"href":"https:\/\/www.claret.cat\/es\/wp-json\/wp\/v2\/product_cat?post=33561"},{"taxonomy":"product_tag","embeddable":true,"href":"https:\/\/www.claret.cat\/es\/wp-json\/wp\/v2\/product_tag?post=33561"}],"curies":[{"name":"wp","href":"https:\/\/api.w.org\/{rel}","templated":true}]}}