{"id":33564,"date":"2022-10-02T17:34:13","date_gmt":"2022-10-02T15:34:13","guid":{"rendered":"http:\/\/dev.claret.cat\/producte\/praedicate-evangelium-predicad-el-evangelio\/"},"modified":"2025-05-23T17:35:11","modified_gmt":"2025-05-23T15:35:11","slug":"praedicate-evangelium-predicad-el-evangelio-9788428567060","status":"publish","type":"product","link":"https:\/\/www.claret.cat\/es\/libro\/praedicate-evangelium-predicad-el-evangelio-9788428567060\/","title":{"rendered":"PRAEDICATE EVANGELIUM. PREDICAD EL EVANGELIO"},"content":{"rendered":"<p>La Constituci\u00f3n apost\u00f3lica Praedicate Evangelium, promulgada por el papa Francisco el 19 de marzo de 2022, sustituye la normativa precedente contenida en Pastor Bonus, reformando la composici\u00f3n y las competencias de los distintos dicasterios y los organismos que conforman la Curia Romana. Pretende armonizar mejor el ejercicio del actual servicio de la Curia con el camino de la evangelizaci\u00f3n que la Iglesia est\u00e1 experimentando. M\u00e1s que una reforma jur\u00eddica supone una renovaci\u00f3n de los criterios y principios que sostienen el mandato de Jes\u00fas y la misi\u00f3n de la Iglesia: \u00abPredicad el Evangelio\u00bb, apuntalando la sinodalidad como medio de evangelizaci\u00f3n adem\u00e1s de dar mayor protagonismo a los laicos e institucionalizar la protecci\u00f3n de los menores.<\/p>\n","protected":false},"excerpt":{"rendered":"<p>PAPA FRANCISCO<\/p>\n","protected":false},"featured_media":336741,"template":"","meta":{"_acf_changed":false,"om_disable_all_campaigns":false,"rs_blank_template":"","rs_page_bg_color":"","slide_template_v7":"","inline_featured_image":false,"_monsterinsights_skip_tracking":false,"_monsterinsights_sitenote_active":false,"_monsterinsights_sitenote_note":"","_monsterinsights_sitenote_category":0},"product_brand":[],"product_cat":[491,241,240,395],"product_tag":[],"class_list":{"0":"post-33564","1":"product","2":"type-product","3":"status-publish","4":"has-post-thumbnail","6":"product_cat-testimonios","7":"product_cat-testimonis","8":"product_cat-vida-religiosa-espiritualitat","9":"product_cat-vida-religiosa-espiritualidad-1_espiritualidad","11":"first","12":"instock","13":"taxable","14":"shipping-taxable","15":"purchasable","16":"product-type-simple"},"acf":{"autor":"PAPA FRANCISCO","codart":"842856706","libros-coleccion":"Enc\u00edclicas y Documentos","ediciones":"1","encuadernacion":"R\u00fastica","fecha_de_publicacion":"27\/09\/2022","novedad":"1","paginas":"168","subtitulo":"PREDICAD EL EVANGELIO. CONSTITUCI\u00d3N APOST\u00d3LICA SOBRE LA CURIA ROMANA Y SU SERVIC","orden":"0","portada":"1","idioma":"spa","editorial":[{"ID":6356,"post_author":"3","post_date":"2022-07-28 17:50:26","post_date_gmt":"2022-07-28 15:50:26","post_content":"","post_title":"SAN PABLO COMUNICACI\u00d3N","post_excerpt":"","post_status":"publish","comment_status":"closed","ping_status":"closed","post_password":"","post_name":"san-pablo-comunicacion","to_ping":"","pinged":"","post_modified":"2022-07-28 17:50:26","post_modified_gmt":"2022-07-28 15:50:26","post_content_filtered":"","post_parent":0,"guid":"http:\/\/dev.claret.cat\/editorial\/san-pablo-comunicacion\/","menu_order":0,"post_type":"editorial","post_mime_type":"","comment_count":"0","filter":"raw"}],"autores-libros":[{"ID":5919,"post_author":"3","post_date":"2022-07-28 17:34:18","post_date_gmt":"2022-07-28 15:34:18","post_content":"","post_title":"PAPA FRANCISCO","post_excerpt":"","post_status":"publish","comment_status":"closed","ping_status":"closed","post_password":"","post_name":"papa-francisco","to_ping":"","pinged":"","post_modified":"2022-07-28 17:34:18","post_modified_gmt":"2022-07-28 15:34:18","post_content_filtered":"","post_parent":0,"guid":"http:\/\/dev.claret.cat\/autor\/papa-francisco\/","menu_order":0,"post_type":"autor","post_mime_type":"","comment_count":"0","filter":"raw"}],"booktrailer":"","resenas":""},"aioseo_notices":[],"_links":{"self":[{"href":"https:\/\/www.claret.cat\/es\/wp-json\/wp\/v2\/product\/33564","targetHints":{"allow":["GET"]}}],"collection":[{"href":"https:\/\/www.claret.cat\/es\/wp-json\/wp\/v2\/product"}],"about":[{"href":"https:\/\/www.claret.cat\/es\/wp-json\/wp\/v2\/types\/product"}],"wp:featuredmedia":[{"embeddable":true,"href":"https:\/\/www.claret.cat\/es\/wp-json\/wp\/v2\/media\/336741"}],"wp:attachment":[{"href":"https:\/\/www.claret.cat\/es\/wp-json\/wp\/v2\/media?parent=33564"}],"wp:term":[{"taxonomy":"product_brand","embeddable":true,"href":"https:\/\/www.claret.cat\/es\/wp-json\/wp\/v2\/product_brand?post=33564"},{"taxonomy":"product_cat","embeddable":true,"href":"https:\/\/www.claret.cat\/es\/wp-json\/wp\/v2\/product_cat?post=33564"},{"taxonomy":"product_tag","embeddable":true,"href":"https:\/\/www.claret.cat\/es\/wp-json\/wp\/v2\/product_tag?post=33564"}],"curies":[{"name":"wp","href":"https:\/\/api.w.org\/{rel}","templated":true}]}}