{"id":33603,"date":"2022-10-02T17:34:48","date_gmt":"2022-10-02T15:34:48","guid":{"rendered":"http:\/\/dev.claret.cat\/producte\/el-juego-del-ahora\/"},"modified":"2023-10-06T08:23:18","modified_gmt":"2023-10-06T06:23:18","slug":"el-juego-del-ahora-9788411210546","status":"publish","type":"product","link":"https:\/\/www.claret.cat\/es\/libro\/el-juego-del-ahora-9788411210546\/","title":{"rendered":"EL JUEGO DEL AHORA"},"content":{"rendered":"<p>Basado en la amplia experiencia de los autores en entornos educativos, El juego del ahora es un did\u00e1ctico juego de 30 cartas de yoga, mindfulness e inteligencia emocional para que los ni\u00f1os y j\u00f3venes entrenen la atenci\u00f3n, la toma de consciencia de ellos mismos, la paciencia y la amabilidad.<br \/> Incluye un conciso manual introductorio y diversas propuestas de juego sencillas y divertidas al alcance de principiantes.<br \/> Ideal para jugar en familia, el aula o la consulta terap\u00e9utica, El juego del ahora es un valioso recurso para profesionales del yoga o el mindfulness.<\/p>\n","protected":false},"excerpt":{"rendered":"<p>PALL\u00c0S, ELISENDA \/ SCHARRENBERG, JOOST<\/p>\n","protected":false},"featured_media":50931,"template":"","meta":{"_acf_changed":false,"om_disable_all_campaigns":false,"rs_blank_template":"","rs_page_bg_color":"","slide_template_v7":"","inline_featured_image":false,"_monsterinsights_skip_tracking":false,"_monsterinsights_sitenote_active":false,"_monsterinsights_sitenote_note":"","_monsterinsights_sitenote_category":0},"product_brand":[],"product_cat":[457],"product_tag":[],"class_list":{"0":"post-33603","1":"product","2":"type-product","3":"status-publish","4":"has-post-thumbnail","6":"product_cat-comunicacion-y-nuevas-teconologias","8":"first","9":"instock","10":"taxable","11":"shipping-taxable","12":"purchasable","13":"product-type-simple"},"acf":{"autor":"PALL\u00c0S, ELISENDA \/ SCHARRENBERG, JOOST","codart":"841121054","libros-coleccion":"Psicolog\u00eda","ediciones":"1","encuadernacion":"R\u00fastica","fecha_de_publicacion":"01\/09\/2022","novedad":"1","paginas":"124","subtitulo":"","orden":"0","portada":"0","idioma":"spa","editorial":[{"ID":147993,"post_author":"3","post_date":"2022-10-14 11:54:48","post_date_gmt":"2022-10-14 09:54:48","post_content":"","post_title":"Editorial Kair\u00f3s SA","post_excerpt":"","post_status":"publish","comment_status":"closed","ping_status":"closed","post_password":"","post_name":"editorial-kairos-sa","to_ping":"","pinged":"","post_modified":"2022-10-14 11:54:48","post_modified_gmt":"2022-10-14 09:54:48","post_content_filtered":"","post_parent":0,"guid":"http:\/\/dev.claret.cat\/editorial\/editorial-kairos-sa\/","menu_order":0,"post_type":"editorial","post_mime_type":"","comment_count":"0","filter":"raw"}],"autores-libros":[{"ID":154843,"post_author":"3","post_date":"2022-10-14 15:08:06","post_date_gmt":"2022-10-14 13:08:06","post_content":"","post_title":"ELISENDA PALL\u00c0S","post_excerpt":"","post_status":"publish","comment_status":"closed","ping_status":"closed","post_password":"","post_name":"elisenda-pallas","to_ping":"","pinged":"","post_modified":"2022-10-14 15:08:06","post_modified_gmt":"2022-10-14 13:08:06","post_content_filtered":"","post_parent":0,"guid":"http:\/\/dev.claret.cat\/autor\/elisenda-pallas\/","menu_order":0,"post_type":"autor","post_mime_type":"","comment_count":"0","filter":"raw"},{"ID":159792,"post_author":"3","post_date":"2022-10-14 15:47:46","post_date_gmt":"2022-10-14 13:47:46","post_content":"","post_title":"JOOST SCHARRENBERG","post_excerpt":"","post_status":"publish","comment_status":"closed","ping_status":"closed","post_password":"","post_name":"joost-scharrenberg","to_ping":"","pinged":"","post_modified":"2022-10-14 15:47:46","post_modified_gmt":"2022-10-14 13:47:46","post_content_filtered":"","post_parent":0,"guid":"http:\/\/dev.claret.cat\/autor\/joost-scharrenberg\/","menu_order":0,"post_type":"autor","post_mime_type":"","comment_count":"0","filter":"raw"}]},"aioseo_notices":[],"_links":{"self":[{"href":"https:\/\/www.claret.cat\/es\/wp-json\/wp\/v2\/product\/33603","targetHints":{"allow":["GET"]}}],"collection":[{"href":"https:\/\/www.claret.cat\/es\/wp-json\/wp\/v2\/product"}],"about":[{"href":"https:\/\/www.claret.cat\/es\/wp-json\/wp\/v2\/types\/product"}],"wp:featuredmedia":[{"embeddable":true,"href":"https:\/\/www.claret.cat\/es\/wp-json\/wp\/v2\/media\/50931"}],"wp:attachment":[{"href":"https:\/\/www.claret.cat\/es\/wp-json\/wp\/v2\/media?parent=33603"}],"wp:term":[{"taxonomy":"product_brand","embeddable":true,"href":"https:\/\/www.claret.cat\/es\/wp-json\/wp\/v2\/product_brand?post=33603"},{"taxonomy":"product_cat","embeddable":true,"href":"https:\/\/www.claret.cat\/es\/wp-json\/wp\/v2\/product_cat?post=33603"},{"taxonomy":"product_tag","embeddable":true,"href":"https:\/\/www.claret.cat\/es\/wp-json\/wp\/v2\/product_tag?post=33603"}],"curies":[{"name":"wp","href":"https:\/\/api.w.org\/{rel}","templated":true}]}}