{"id":33669,"date":"2022-10-02T17:35:52","date_gmt":"2022-10-02T15:35:52","guid":{"rendered":"http:\/\/dev.claret.cat\/producte\/twisted-1-twisted-love\/"},"modified":"2026-01-28T19:41:07","modified_gmt":"2026-01-28T18:41:07","slug":"twisted-1-twisted-love-9788408260509","status":"publish","type":"product","link":"https:\/\/www.claret.cat\/es\/libro\/twisted-1-twisted-love-9788408260509\/","title":{"rendered":"TWISTED 1. TWISTED LOVE"},"content":{"rendered":"<p>\u00c9l tiene el coraz\u00f3n de hielo. Pero por ella, quemar\u00eda el mundo.\u00a0<br \/> Aunque Ava Chen y Alex Volkov se conocen desde hace a\u00f1os, \u00e9l siempre se ha mostrado distante y fr\u00edo. Pero ahora que el hermano de Ava se ha ido y lo ha dejado encargado de la protecci\u00f3n de ella, Alex parece algo menos indiferente.\u2026 Y su relaci\u00f3n, poco a poco, se va haciendo m\u00e1s estrecha, hasta que llegan a confiarse sus secretos y traumas m\u00e1s profundos\u2026 A ella, su madre intent\u00f3 ahogarla en un arrebato de locura; mientras que Alex presenci\u00f3 el brutal asesinato de toda su familia.<br \/> Tras compartir sus m\u00e1s \u00edntimos pensamientos, su relaci\u00f3n dar\u00e1 un giro. No pueden negar que existe una fuerte atracci\u00f3n entre ellos, pero ninguno de los dos se atreve a dar un paso adelante. Finalmente, Ava admite la pasi\u00f3n que est\u00e1 surgiendo, y, aunque Alex intenta resistirse tanto como puede, las chispas acaban saltando&#8230; y prenden un fuego ardiente. Sin embargo, cuando todo empezaba a funcionar entre ellos, unas sorprendentes revelaciones sobre la verdad de su pasado dinamitar\u00e1n su relaci\u00f3n y pondr\u00e1n en riesgo sus propias vidas.<br \/> \u00abUna de mis mejores lecturas del a\u00f1o. La qu\u00edmica entre los protagonistas es brutal, muy adictiva y expl\u00edcita. \u00a1Ten\u00e9is que conocer a Alex Volkov y su coraz\u00f3n de hielo!\u00bb\u00a0kay_entreletras<br \/> \u00a0\u00abTwisted Love es una historia que hace sentir intensamente, una historia que nos llena de aprendizaje y nos muestra la oscuridad y la luz de la vida. Para m\u00ed un 10\/10<\/p>\n","protected":false},"excerpt":{"rendered":"<p>HUANG, ANA<\/p>\n","protected":false},"featured_media":1079525,"template":"","meta":{"_acf_changed":false,"om_disable_all_campaigns":false,"rs_blank_template":"","rs_page_bg_color":"","slide_template_v7":"","inline_featured_image":false,"_monsterinsights_skip_tracking":false,"_monsterinsights_sitenote_active":false,"_monsterinsights_sitenote_note":"","_monsterinsights_sitenote_category":0},"product_brand":[],"product_cat":[127,357],"product_tag":[],"class_list":{"0":"post-33669","1":"product","2":"type-product","3":"status-publish","4":"has-post-thumbnail","6":"product_cat-novella-contemporania","7":"product_cat-novela-contemporanea","9":"first","10":"instock","11":"taxable","12":"shipping-taxable","13":"purchasable","14":"product-type-simple"},"acf":{"autor":"HUANG, ANA","codart":"840826050","libros-coleccion":"Ficci\u00f3n","ediciones":"1","encuadernacion":"R\u00fastica","fecha_de_publicacion":"01\/09\/2022","novedad":"1","paginas":"381","subtitulo":"","orden":"0","portada":"0","idioma":"spa","editorial":[{"ID":6233,"post_author":"3","post_date":"2022-07-28 17:47:48","post_date_gmt":"2022-07-28 15:47:48","post_content":"","post_title":"EDITORIAL PLANETA","post_excerpt":"","post_status":"publish","comment_status":"closed","ping_status":"closed","post_password":"","post_name":"editorial-planeta","to_ping":"","pinged":"","post_modified":"2022-07-28 17:47:48","post_modified_gmt":"2022-07-28 15:47:48","post_content_filtered":"","post_parent":0,"guid":"http:\/\/dev.claret.cat\/editorial\/editorial-planeta\/","menu_order":0,"post_type":"editorial","post_mime_type":"","comment_count":"0","filter":"raw"}],"autores-libros":[{"ID":150085,"post_author":"3","post_date":"2022-10-14 14:30:06","post_date_gmt":"2022-10-14 12:30:06","post_content":"","post_title":"ANA HUANG","post_excerpt":"","post_status":"publish","comment_status":"closed","ping_status":"closed","post_password":"","post_name":"ana-huang","to_ping":"","pinged":"","post_modified":"2022-10-14 14:30:06","post_modified_gmt":"2022-10-14 12:30:06","post_content_filtered":"","post_parent":0,"guid":"http:\/\/dev.claret.cat\/autor\/ana-huang\/","menu_order":0,"post_type":"autor","post_mime_type":"","comment_count":"0","filter":"raw"}],"booktrailer":"","resenas":""},"aioseo_notices":[],"_links":{"self":[{"href":"https:\/\/www.claret.cat\/es\/wp-json\/wp\/v2\/product\/33669","targetHints":{"allow":["GET"]}}],"collection":[{"href":"https:\/\/www.claret.cat\/es\/wp-json\/wp\/v2\/product"}],"about":[{"href":"https:\/\/www.claret.cat\/es\/wp-json\/wp\/v2\/types\/product"}],"wp:featuredmedia":[{"embeddable":true,"href":"https:\/\/www.claret.cat\/es\/wp-json\/wp\/v2\/media\/1079525"}],"wp:attachment":[{"href":"https:\/\/www.claret.cat\/es\/wp-json\/wp\/v2\/media?parent=33669"}],"wp:term":[{"taxonomy":"product_brand","embeddable":true,"href":"https:\/\/www.claret.cat\/es\/wp-json\/wp\/v2\/product_brand?post=33669"},{"taxonomy":"product_cat","embeddable":true,"href":"https:\/\/www.claret.cat\/es\/wp-json\/wp\/v2\/product_cat?post=33669"},{"taxonomy":"product_tag","embeddable":true,"href":"https:\/\/www.claret.cat\/es\/wp-json\/wp\/v2\/product_tag?post=33669"}],"curies":[{"name":"wp","href":"https:\/\/api.w.org\/{rel}","templated":true}]}}