{"id":336900,"date":"2023-01-13T02:16:21","date_gmt":"2023-01-13T01:16:21","guid":{"rendered":"https:\/\/www.claret.cat\/llibre\/los-jovenes-y-la-felicidad-9788428815734\/"},"modified":"2024-05-02T07:22:21","modified_gmt":"2024-05-02T05:22:21","slug":"los-jovenes-y-la-felicidad-9788428815734","status":"publish","type":"product","link":"https:\/\/www.claret.cat\/es\/libro\/los-jovenes-y-la-felicidad-9788428815734\/","title":{"rendered":"LOS J\u00d3VENES Y LA FELICIDAD"},"content":{"rendered":"<p>\u00bfSe sienten felices los j\u00f3venes? \u00bfQu\u00e9 es para ellos la felicidad? \u00bfQuienes son los m\u00e1s felices? \u00bfQu\u00e9 responden los j\u00f3venes cuando se les pregunta si se sienten felices, contentos en la vida? Estas p\u00e1ginas est\u00e1n atentas a lo que dicen los propios j\u00f3venes que les proporciona la felicidad. Pero va m\u00e1s all\u00e1. Parece normal pensar que, salvo masoquismo colectivo, las personas anhelan la felicidad, luego parece l\u00f3gico pensar que hay correlaci\u00f3n entre lo que a los j\u00f3venes les parece m\u00e1s importante en su vida, los objetivos que quieren alcanzar en ella, el tiempo que dedican a esto y aquello, especialmente el tiempo libre, y la felicidad. Es dif\u00edcil que quien deteste el f\u00fatbol vaya todos los domingos a un estadio. Asimismo, quien solo piense en s\u00ed mismo y en su bienestar, dif\u00edcilmente se comprometer\u00e1 a ir los fines de semana a colaborar en una ONG. Estos dos simples ejemplos nos indican que tambi\u00e9n hay una forma indirecta de abordar el tema de la felicidad de los j\u00f3venes: analizar cu\u00e1les son sus prioridades, en qu\u00e9 emplean su tiempo y su dinero, cu\u00e1les son los comportamientos que consideran aceptables y cu\u00e1les rechazables, qu\u00e9 esperan de la familia, de la amistad, si su mundo se reduce a lo emp\u00edricamente contrastable o hay una apertura a lo metaemp\u00edrico -apertura a la trascendencia, se dir\u00eda en lenguaje religioso (y tambi\u00e9n qu\u00e9 lectura de la trascendencia)-, y cotejar todo esto con el sentido de la felicidad, con la percepci\u00f3n que tienen ellos de su felicidad.<\/p>\n","protected":false},"excerpt":{"rendered":"<p>ELZO, JAVIER<\/p>\n","protected":false},"featured_media":336937,"template":"","meta":{"_acf_changed":false,"om_disable_all_campaigns":false,"rs_blank_template":"","rs_page_bg_color":"","slide_template_v7":"","inline_featured_image":false,"_monsterinsights_skip_tracking":false,"_monsterinsights_sitenote_active":false,"_monsterinsights_sitenote_note":"","_monsterinsights_sitenote_category":0},"product_brand":[],"product_cat":[194,457,143,576,381,188,437,163],"product_tag":[],"class_list":{"0":"post-336900","1":"product","2":"type-product","3":"status-publish","4":"has-post-thumbnail","6":"product_cat-comunicacio-i-noves-teconologies","7":"product_cat-comunicacion-y-nuevas-teconologias","8":"product_cat-educacio-en-valors","9":"product_cat-educacion-en-valores-escolar-4_escolar-spa","10":"product_cat-psicopedagogia-pedagogia-2_humanidades","11":"product_cat-psicopedagogia","12":"product_cat-valores-y-convivencia","13":"product_cat-valors-i-convivencia","15":"first","16":"instock","17":"taxable","18":"shipping-taxable","19":"purchasable","20":"product-type-simple"},"acf":{"editorial":[{"ID":6335,"post_author":"3","post_date":"2022-07-28 17:49:59","post_date_gmt":"2022-07-28 15:49:59","post_content":"","post_title":"PPC altres","post_excerpt":"","post_status":"publish","comment_status":"closed","ping_status":"closed","post_password":"","post_name":"ppc-altres","to_ping":"","pinged":"","post_modified":"2022-07-28 17:49:59","post_modified_gmt":"2022-07-28 15:49:59","post_content_filtered":"","post_parent":0,"guid":"http:\/\/dev.claret.cat\/editorial\/ppc-altres\/","menu_order":0,"post_type":"editorial","post_mime_type":"","comment_count":"0","filter":"raw"}],"autores-libros":[{"ID":8349,"post_author":"3","post_date":"2022-09-30 09:47:54","post_date_gmt":"2022-09-30 07:47:54","post_content":"","post_title":"JAVIER ELZO","post_excerpt":"","post_status":"publish","comment_status":"closed","ping_status":"closed","post_password":"","post_name":"javier-elzo","to_ping":"","pinged":"","post_modified":"2022-09-30 09:47:54","post_modified_gmt":"2022-09-30 07:47:54","post_content_filtered":"","post_parent":0,"guid":"http:\/\/dev.claret.cat\/autor\/javier-elzo\/","menu_order":0,"post_type":"autor","post_mime_type":"","comment_count":"0","filter":"raw"}],"autor":"ELZO, JAVIER","codart":"842881573","libros-coleccion":"","ediciones":"1","encuadernacion":"R\u00fastica","fecha_de_publicacion":"22\/09\/2006","novedad":"0","paginas":"208","subtitulo":"\u00bfD\u00d3NDE LA BUSCAN? \u00bfD\u00d3NDE LA ENCUENTRAN?","orden":"999","portada":"0","idioma":"spa"},"aioseo_notices":[],"_links":{"self":[{"href":"https:\/\/www.claret.cat\/es\/wp-json\/wp\/v2\/product\/336900","targetHints":{"allow":["GET"]}}],"collection":[{"href":"https:\/\/www.claret.cat\/es\/wp-json\/wp\/v2\/product"}],"about":[{"href":"https:\/\/www.claret.cat\/es\/wp-json\/wp\/v2\/types\/product"}],"wp:featuredmedia":[{"embeddable":true,"href":"https:\/\/www.claret.cat\/es\/wp-json\/wp\/v2\/media\/336937"}],"wp:attachment":[{"href":"https:\/\/www.claret.cat\/es\/wp-json\/wp\/v2\/media?parent=336900"}],"wp:term":[{"taxonomy":"product_brand","embeddable":true,"href":"https:\/\/www.claret.cat\/es\/wp-json\/wp\/v2\/product_brand?post=336900"},{"taxonomy":"product_cat","embeddable":true,"href":"https:\/\/www.claret.cat\/es\/wp-json\/wp\/v2\/product_cat?post=336900"},{"taxonomy":"product_tag","embeddable":true,"href":"https:\/\/www.claret.cat\/es\/wp-json\/wp\/v2\/product_tag?post=336900"}],"curies":[{"name":"wp","href":"https:\/\/api.w.org\/{rel}","templated":true}]}}