{"id":337009,"date":"2023-01-13T02:43:08","date_gmt":"2023-01-13T01:43:08","guid":{"rendered":"https:\/\/www.claret.cat\/llibre\/la-parra-y-la-higuera-9788428818551\/"},"modified":"2024-05-02T07:16:59","modified_gmt":"2024-05-02T05:16:59","slug":"la-parra-y-la-higuera-9788428818551","status":"publish","type":"product","link":"https:\/\/www.claret.cat\/es\/libro\/la-parra-y-la-higuera-9788428818551\/","title":{"rendered":"LA PARRA Y LA HIGUERA"},"content":{"rendered":"<p>La parra y la higuera a las que alude el t\u00edtulo de esta obra est\u00e1n tomadas de un texto del primer libro de los Reyes: &#8216;Israel y Jud\u00e1 vivieron tranquilos cada uno bajo su parra y su higuera&#8217; (5,5). De este modo, y con la perspectiva de los personajes b\u00edblicos que aparecen en el libro, puestos uno detr\u00e1s de otro -desde Abrah\u00e1n hasta Susana-, la parra y la higuera se convierten en s\u00edmbolo de la vida y de la historia que discurren por las p\u00e1ginas de la Escritura. En esta obra se recoge una serie de textos que originalmente fueron apareciendo como &#8216;pliegos&#8217; en la revista Vida Nueva entre los a\u00f1os 2000 y 2003. Reunidos ahora en este volumen, es m\u00e1s dif\u00edcil que se pierdan y m\u00e1s f\u00e1cil que sigan beneficiando a sus lectores. La exposici\u00f3n de los autores -entre los que encontramos, casi a partes iguales, hombres y mujeres- siempre tiene en mente a un p\u00fablico amplio, sin caer nunca en la \u00e1rida exposici\u00f3n del especialista, a pesar de la indudable capacitaci\u00f3n exeg\u00e9tica y teol\u00f3gica de los que escriben. Asimismo, en todas las aportaciones aflora, m\u00e1s o menos visiblemente, la preocupaci\u00f3n por destacar la dimensi\u00f3n espiritual, creyente, de los textos que se comentan. En cuanto al modo de abordar los personajes o libros b\u00edblicos, mientras unos autores optan por un tratamiento eminentemente narrativo, otros se decantan por una presentaci\u00f3n m\u00e1s formal o cl\u00e1sica. Entre los personajes b\u00edblicos -espec\u00edficamente del Antiguo Testamento- que desfilan por estas p\u00e1ginas hallamos patriarcas y profetas, jueces -una mujer- y reyes, sabios y personas corrientes; en todo caso, hombres y mujeres de Dios y del pueblo, con sus virtudes y sus defectos. Como todos.<\/p>\n","protected":false},"excerpt":{"rendered":"<p>AIZPURUA,FIDEL<\/p>\n","protected":false},"featured_media":337031,"template":"","meta":{"_acf_changed":false,"om_disable_all_campaigns":false,"rs_blank_template":"","rs_page_bg_color":"","slide_template_v7":"","inline_featured_image":false,"_monsterinsights_skip_tracking":false,"_monsterinsights_sitenote_active":false,"_monsterinsights_sitenote_note":"","_monsterinsights_sitenote_category":0},"product_brand":[],"product_cat":[90,540],"product_tag":[],"class_list":{"0":"post-337009","1":"product","2":"type-product","3":"status-publish","4":"has-post-thumbnail","6":"product_cat-altres","7":"product_cat-otros","9":"first","10":"instock","11":"taxable","12":"shipping-taxable","13":"purchasable","14":"product-type-simple"},"acf":{"editorial":[{"ID":6335,"post_author":"3","post_date":"2022-07-28 17:49:59","post_date_gmt":"2022-07-28 15:49:59","post_content":"","post_title":"PPC altres","post_excerpt":"","post_status":"publish","comment_status":"closed","ping_status":"closed","post_password":"","post_name":"ppc-altres","to_ping":"","pinged":"","post_modified":"2022-07-28 17:49:59","post_modified_gmt":"2022-07-28 15:49:59","post_content_filtered":"","post_parent":0,"guid":"http:\/\/dev.claret.cat\/editorial\/ppc-altres\/","menu_order":0,"post_type":"editorial","post_mime_type":"","comment_count":"0","filter":"raw"}],"autores-libros":[{"ID":155922,"post_author":"3","post_date":"2022-10-14 15:16:42","post_date_gmt":"2022-10-14 13:16:42","post_content":"","post_title":"FIDEL AIZPUR\u00daA","post_excerpt":"","post_status":"publish","comment_status":"closed","ping_status":"closed","post_password":"","post_name":"fidel-aizpurua","to_ping":"","pinged":"","post_modified":"2022-10-14 15:16:42","post_modified_gmt":"2022-10-14 13:16:42","post_content_filtered":"","post_parent":0,"guid":"http:\/\/dev.claret.cat\/autor\/fidel-aizpurua\/","menu_order":0,"post_type":"autor","post_mime_type":"","comment_count":"0","filter":"raw"}],"autor":"AIZPURUA,FIDEL","codart":"842881855","libros-coleccion":"FORA DE COL.LECCI\u00d3","ediciones":"1","encuadernacion":"[Vac\u00edo]","fecha_de_publicacion":"01\/03\/2004","novedad":"0","paginas":"318","subtitulo":"","orden":"999","portada":"0","idioma":"spa"},"aioseo_notices":[],"_links":{"self":[{"href":"https:\/\/www.claret.cat\/es\/wp-json\/wp\/v2\/product\/337009","targetHints":{"allow":["GET"]}}],"collection":[{"href":"https:\/\/www.claret.cat\/es\/wp-json\/wp\/v2\/product"}],"about":[{"href":"https:\/\/www.claret.cat\/es\/wp-json\/wp\/v2\/types\/product"}],"wp:featuredmedia":[{"embeddable":true,"href":"https:\/\/www.claret.cat\/es\/wp-json\/wp\/v2\/media\/337031"}],"wp:attachment":[{"href":"https:\/\/www.claret.cat\/es\/wp-json\/wp\/v2\/media?parent=337009"}],"wp:term":[{"taxonomy":"product_brand","embeddable":true,"href":"https:\/\/www.claret.cat\/es\/wp-json\/wp\/v2\/product_brand?post=337009"},{"taxonomy":"product_cat","embeddable":true,"href":"https:\/\/www.claret.cat\/es\/wp-json\/wp\/v2\/product_cat?post=337009"},{"taxonomy":"product_tag","embeddable":true,"href":"https:\/\/www.claret.cat\/es\/wp-json\/wp\/v2\/product_tag?post=337009"}],"curies":[{"name":"wp","href":"https:\/\/api.w.org\/{rel}","templated":true}]}}