{"id":337095,"date":"2023-01-13T03:10:21","date_gmt":"2023-01-13T02:10:21","guid":{"rendered":"https:\/\/www.claret.cat\/llibre\/la-biblia-del-cofrade-9788428820165\/"},"modified":"2024-05-02T07:12:46","modified_gmt":"2024-05-02T05:12:46","slug":"la-biblia-del-cofrade-9788428820165","status":"publish","type":"product","link":"https:\/\/www.claret.cat\/es\/libro\/la-biblia-del-cofrade-9788428820165\/","title":{"rendered":"LA BIBLIA DEL COFRADE"},"content":{"rendered":"<p>La Biblia del Cofrado pretende suscitar el inter\u00e9s inicial del mundo cofrade por el mundo b\u00edblico a partir de de 24 personajes del Antiguo y Nuevo Testamento que nos presentan su vida por medio de cartas. Infinidad de aspectos concretos de la piedad popular m\u00e1s com\u00fan dependen de contenidos b\u00edblicos, que los miembros de las hermandades muchas veces desconocen.<\/p>\n","protected":false},"excerpt":{"rendered":"<p>AMEZCUA, MANUEL<\/p>\n","protected":false},"featured_media":0,"template":"","meta":{"_acf_changed":false,"om_disable_all_campaigns":false,"rs_blank_template":"","rs_page_bg_color":"","slide_template_v7":"","inline_featured_image":false,"_monsterinsights_skip_tracking":false,"_monsterinsights_sitenote_active":false,"_monsterinsights_sitenote_note":"","_monsterinsights_sitenote_category":0},"product_brand":[],"product_cat":[90,540],"product_tag":[],"class_list":{"0":"post-337095","1":"product","2":"type-product","3":"status-publish","5":"product_cat-altres","6":"product_cat-otros","8":"first","9":"outofstock","10":"taxable","11":"shipping-taxable","12":"purchasable","13":"product-type-simple"},"acf":{"editorial":[{"ID":6335,"post_author":"3","post_date":"2022-07-28 17:49:59","post_date_gmt":"2022-07-28 15:49:59","post_content":"","post_title":"PPC altres","post_excerpt":"","post_status":"publish","comment_status":"closed","ping_status":"closed","post_password":"","post_name":"ppc-altres","to_ping":"","pinged":"","post_modified":"2022-07-28 17:49:59","post_modified_gmt":"2022-07-28 15:49:59","post_content_filtered":"","post_parent":0,"guid":"http:\/\/dev.claret.cat\/editorial\/ppc-altres\/","menu_order":0,"post_type":"editorial","post_mime_type":"","comment_count":"0","filter":"raw"}],"autores-libros":[{"ID":287641,"post_author":"3","post_date":"2022-12-10 05:50:18","post_date_gmt":"2022-12-10 04:50:18","post_content":"","post_title":"MANUEL AMEZCUA","post_excerpt":"","post_status":"publish","comment_status":"closed","ping_status":"closed","post_password":"","post_name":"manuel-amezcua","to_ping":"","pinged":"","post_modified":"2022-12-10 05:50:18","post_modified_gmt":"2022-12-10 04:50:18","post_content_filtered":"","post_parent":0,"guid":"http:\/\/dev.claret.cat\/autor\/manuel-amezcua\/","menu_order":0,"post_type":"autor","post_mime_type":"","comment_count":"0","filter":"raw"}],"autor":"AMEZCUA, MANUEL","codart":"842882016","libros-coleccion":"Paso a paso","ediciones":"1","encuadernacion":"R\u00fastica","fecha_de_publicacion":"30\/01\/2008","novedad":"0","paginas":"208","subtitulo":"ITINERARIO PARA HERMANDADES Y COFRAD\u00cdAS","orden":"1","portada":"0","idioma":"spa"},"aioseo_notices":[],"_links":{"self":[{"href":"https:\/\/www.claret.cat\/es\/wp-json\/wp\/v2\/product\/337095","targetHints":{"allow":["GET"]}}],"collection":[{"href":"https:\/\/www.claret.cat\/es\/wp-json\/wp\/v2\/product"}],"about":[{"href":"https:\/\/www.claret.cat\/es\/wp-json\/wp\/v2\/types\/product"}],"wp:attachment":[{"href":"https:\/\/www.claret.cat\/es\/wp-json\/wp\/v2\/media?parent=337095"}],"wp:term":[{"taxonomy":"product_brand","embeddable":true,"href":"https:\/\/www.claret.cat\/es\/wp-json\/wp\/v2\/product_brand?post=337095"},{"taxonomy":"product_cat","embeddable":true,"href":"https:\/\/www.claret.cat\/es\/wp-json\/wp\/v2\/product_cat?post=337095"},{"taxonomy":"product_tag","embeddable":true,"href":"https:\/\/www.claret.cat\/es\/wp-json\/wp\/v2\/product_tag?post=337095"}],"curies":[{"name":"wp","href":"https:\/\/api.w.org\/{rel}","templated":true}]}}