{"id":338554,"date":"2023-01-13T05:20:26","date_gmt":"2023-01-13T04:20:26","guid":{"rendered":"https:\/\/www.claret.cat\/llibre\/acompanar-9788428820332\/"},"modified":"2024-05-02T07:12:38","modified_gmt":"2024-05-02T05:12:38","slug":"acompanar-9788428820332","status":"publish","type":"product","link":"https:\/\/www.claret.cat\/es\/libro\/acompanar-9788428820332\/","title":{"rendered":"ACOMPA\u00d1AR"},"content":{"rendered":"<p>Esta obra trata de adolescentes, de pastoral y de escuela. El primer cap\u00edtulo presenta una panor\u00e1mica sociocultural en que se desenvuelven los adolescentes. Para afrontar los retos de los nuevos tiempos, la propuesta es: pasar de una escuela en la qye se hace pastoral -pastoral en la escuela- a una escuela en pastoral.<\/p>\n","protected":false},"excerpt":{"rendered":"<p>ALONSO PENO, \u00d3SCAR<\/p>\n","protected":false},"featured_media":0,"template":"","meta":{"_acf_changed":false,"om_disable_all_campaigns":false,"rs_blank_template":"","rs_page_bg_color":"","slide_template_v7":"","inline_featured_image":false,"_monsterinsights_skip_tracking":false,"_monsterinsights_sitenote_active":false,"_monsterinsights_sitenote_note":"","_monsterinsights_sitenote_category":0},"product_brand":[],"product_cat":[90,540],"product_tag":[],"class_list":{"0":"post-338554","1":"product","2":"type-product","3":"status-publish","5":"product_cat-altres","6":"product_cat-otros","8":"first","9":"instock","10":"taxable","11":"shipping-taxable","12":"purchasable","13":"product-type-simple"},"acf":{"editorial":[{"ID":6335,"post_author":"3","post_date":"2022-07-28 17:49:59","post_date_gmt":"2022-07-28 15:49:59","post_content":"","post_title":"PPC altres","post_excerpt":"","post_status":"publish","comment_status":"closed","ping_status":"closed","post_password":"","post_name":"ppc-altres","to_ping":"","pinged":"","post_modified":"2022-07-28 17:49:59","post_modified_gmt":"2022-07-28 15:49:59","post_content_filtered":"","post_parent":0,"guid":"http:\/\/dev.claret.cat\/editorial\/ppc-altres\/","menu_order":0,"post_type":"editorial","post_mime_type":"","comment_count":"0","filter":"raw"}],"autores-libros":[{"ID":166295,"post_author":"3","post_date":"2022-10-14 18:02:00","post_date_gmt":"2022-10-14 16:02:00","post_content":"","post_title":"\u00d3SCAR ALONSO PENO","post_excerpt":"","post_status":"publish","comment_status":"closed","ping_status":"closed","post_password":"","post_name":"oscar-alonso-peno","to_ping":"","pinged":"","post_modified":"2022-10-14 18:02:00","post_modified_gmt":"2022-10-14 16:02:00","post_content_filtered":"","post_parent":0,"guid":"http:\/\/dev.claret.cat\/autor\/oscar-alonso-peno\/","menu_order":0,"post_type":"autor","post_mime_type":"","comment_count":"0","filter":"raw"}],"autor":"ALONSO PENO, \u00d3SCAR","codart":"842882033","libros-coleccion":"Pastoral Aplicada","ediciones":"1","encuadernacion":"R\u00fastica","fecha_de_publicacion":"19\/02\/2008","novedad":"0","paginas":"172","subtitulo":"EL ACOMPA\u00d1AMIENTO PASTORAL A LOS ADOLESCENTES EN LA ESCUELA.","orden":"1","portada":"0","idioma":"spa"},"aioseo_notices":[],"_links":{"self":[{"href":"https:\/\/www.claret.cat\/es\/wp-json\/wp\/v2\/product\/338554","targetHints":{"allow":["GET"]}}],"collection":[{"href":"https:\/\/www.claret.cat\/es\/wp-json\/wp\/v2\/product"}],"about":[{"href":"https:\/\/www.claret.cat\/es\/wp-json\/wp\/v2\/types\/product"}],"wp:attachment":[{"href":"https:\/\/www.claret.cat\/es\/wp-json\/wp\/v2\/media?parent=338554"}],"wp:term":[{"taxonomy":"product_brand","embeddable":true,"href":"https:\/\/www.claret.cat\/es\/wp-json\/wp\/v2\/product_brand?post=338554"},{"taxonomy":"product_cat","embeddable":true,"href":"https:\/\/www.claret.cat\/es\/wp-json\/wp\/v2\/product_cat?post=338554"},{"taxonomy":"product_tag","embeddable":true,"href":"https:\/\/www.claret.cat\/es\/wp-json\/wp\/v2\/product_tag?post=338554"}],"curies":[{"name":"wp","href":"https:\/\/api.w.org\/{rel}","templated":true}]}}