{"id":338559,"date":"2023-01-13T05:25:15","date_gmt":"2023-01-13T04:25:15","guid":{"rendered":"https:\/\/www.claret.cat\/llibre\/metodologias-para-desarrollar-competencias-y-atender-a-la-diversidad-9788428820516\/"},"modified":"2024-05-02T07:11:10","modified_gmt":"2024-05-02T05:11:10","slug":"metodologias-para-desarrollar-competencias-y-atender-a-la-diversidad-9788428820516","status":"publish","type":"product","link":"https:\/\/www.claret.cat\/es\/libro\/metodologias-para-desarrollar-competencias-y-atender-a-la-diversidad-9788428820516\/","title":{"rendered":"METODOLOG\u00cdAS PARA DESARROLLAR COMPETENCIAS Y ATENDER A LA DIVERSIDAD"},"content":{"rendered":"<p>Una obra que puede ayudar a la pr\u00e1ctica docente en un tiempo en el que se buscan caminos para responder\u00e1 los nuevos retos, como la diversidad y la formaci\u00f3n en clave de competencias. Es una herramienta de trabajo para transformar la pr\u00e1ctica educativa trasformando la metodolog\u00eda, es decir, la pr\u00e1ctica del aula y el estilo del centro. Tiene cuatro apartados fundamentales, tres en el libro y el CD. Se justifica la urgencia y necesidad del cambio, ofreciendo una alternativa educativa basada en las competencias, se presentan las metodolog\u00edas alternativas (rincones, contrato, portafolios, estudios de casos y TIC] en funci\u00f3n de una educaci\u00f3n integral de las personas, y se ofrece una gu\u00eda para trabajar el cambio en los claustros, pues el cambio metodol\u00f3gico es tanto una opci\u00f3n personal como tambi\u00e9n del centro. La cuarta parte es un CD relacionado con cada metodolog\u00eda y ofrece ejemplos de cada una de ellas por grupos de edades. Con ello se quiere mostrar c\u00f3mo todas las metodolog\u00edas, adaptadas, sirven para cualquier etapa educativa. <\/p>\n","protected":false},"excerpt":{"rendered":"<p>COLOMA, AURELIO MIGUEL; JIM\u00c9NEZ,  MIGUEL \u00c1NGEL; S\u00c1EZ, ANTONIO MANUEL<\/p>\n","protected":false},"featured_media":0,"template":"","meta":{"_acf_changed":false,"om_disable_all_campaigns":false,"rs_blank_template":"","rs_page_bg_color":"","slide_template_v7":"","inline_featured_image":false,"_monsterinsights_skip_tracking":false,"_monsterinsights_sitenote_active":false,"_monsterinsights_sitenote_note":"","_monsterinsights_sitenote_category":0},"product_brand":[],"product_cat":[189,453,191,454,187,452,381,188,437,163],"product_tag":[],"class_list":{"0":"post-338559","1":"product","2":"type-product","3":"status-publish","5":"product_cat-didactica-i-praxi-escolar","6":"product_cat-didactica-y-praxis-escolar","7":"product_cat-educacio-en-valors-pedagogia-2_humanitats","8":"product_cat-educacion-en-valores","9":"product_cat-organitzacio-i-gestio","10":"product_cat-organizacion-y-gestion","11":"product_cat-psicopedagogia-pedagogia-2_humanidades","12":"product_cat-psicopedagogia","13":"product_cat-valores-y-convivencia","14":"product_cat-valors-i-convivencia","16":"first","17":"instock","18":"taxable","19":"shipping-taxable","20":"purchasable","21":"product-type-simple"},"acf":{"editorial":[{"ID":6335,"post_author":"3","post_date":"2022-07-28 17:49:59","post_date_gmt":"2022-07-28 15:49:59","post_content":"","post_title":"PPC altres","post_excerpt":"","post_status":"publish","comment_status":"closed","ping_status":"closed","post_password":"","post_name":"ppc-altres","to_ping":"","pinged":"","post_modified":"2022-07-28 17:49:59","post_modified_gmt":"2022-07-28 15:49:59","post_content_filtered":"","post_parent":0,"guid":"http:\/\/dev.claret.cat\/editorial\/ppc-altres\/","menu_order":0,"post_type":"editorial","post_mime_type":"","comment_count":"0","filter":"raw"}],"autores-libros":[{"ID":287778,"post_author":"3","post_date":"2022-12-10 06:40:51","post_date_gmt":"2022-12-10 05:40:51","post_content":"","post_title":"MIGUEL ANGEL JIMENEZ","post_excerpt":"","post_status":"publish","comment_status":"closed","ping_status":"closed","post_password":"","post_name":"miguel-angel-jimenez","to_ping":"","pinged":"","post_modified":"2022-12-10 06:40:51","post_modified_gmt":"2022-12-10 05:40:51","post_content_filtered":"","post_parent":0,"guid":"http:\/\/dev.claret.cat\/autor\/miguel-angel-jimenez\/","menu_order":0,"post_type":"autor","post_mime_type":"","comment_count":"0","filter":"raw"},{"ID":287777,"post_author":"3","post_date":"2022-12-10 06:40:50","post_date_gmt":"2022-12-10 05:40:50","post_content":"","post_title":"AURELIO MIGUEL COLOMA","post_excerpt":"","post_status":"publish","comment_status":"closed","ping_status":"closed","post_password":"","post_name":"aurelio-miguel-coloma","to_ping":"","pinged":"","post_modified":"2022-12-10 06:40:50","post_modified_gmt":"2022-12-10 05:40:50","post_content_filtered":"","post_parent":0,"guid":"http:\/\/dev.claret.cat\/autor\/aurelio-miguel-coloma\/","menu_order":0,"post_type":"autor","post_mime_type":"","comment_count":"0","filter":"raw"},{"ID":287776,"post_author":"3","post_date":"2022-12-10 06:40:49","post_date_gmt":"2022-12-10 05:40:49","post_content":"","post_title":"ANTONIO MANUEL S\u00c1EZ","post_excerpt":"","post_status":"publish","comment_status":"closed","ping_status":"closed","post_password":"","post_name":"antonio-manuel-saez","to_ping":"","pinged":"","post_modified":"2022-12-10 06:40:49","post_modified_gmt":"2022-12-10 05:40:49","post_content_filtered":"","post_parent":0,"guid":"http:\/\/dev.claret.cat\/autor\/antonio-manuel-saez\/","menu_order":0,"post_type":"autor","post_mime_type":"","comment_count":"0","filter":"raw"}],"autor":"COLOMA, AURELIO MIGUEL; JIM\u00c9NEZ,  MIGUEL \u00c1NGEL; S\u00c1EZ, ANTONIO MANUEL","codart":"842882051","libros-coleccion":"Educar Pr\u00e1ctico","ediciones":"1","encuadernacion":"R\u00fastica","fecha_de_publicacion":"15\/09\/2008","novedad":"0","paginas":"175","subtitulo":"GU\u00cdA PARA EL CAMBIO METODOL\u00d3GICO Y EJEMPLOS DESDE INFANTIL HASTA LA UNIVERSIDAD","orden":"999","portada":"0","idioma":"spa"},"aioseo_notices":[],"_links":{"self":[{"href":"https:\/\/www.claret.cat\/es\/wp-json\/wp\/v2\/product\/338559","targetHints":{"allow":["GET"]}}],"collection":[{"href":"https:\/\/www.claret.cat\/es\/wp-json\/wp\/v2\/product"}],"about":[{"href":"https:\/\/www.claret.cat\/es\/wp-json\/wp\/v2\/types\/product"}],"wp:attachment":[{"href":"https:\/\/www.claret.cat\/es\/wp-json\/wp\/v2\/media?parent=338559"}],"wp:term":[{"taxonomy":"product_brand","embeddable":true,"href":"https:\/\/www.claret.cat\/es\/wp-json\/wp\/v2\/product_brand?post=338559"},{"taxonomy":"product_cat","embeddable":true,"href":"https:\/\/www.claret.cat\/es\/wp-json\/wp\/v2\/product_cat?post=338559"},{"taxonomy":"product_tag","embeddable":true,"href":"https:\/\/www.claret.cat\/es\/wp-json\/wp\/v2\/product_tag?post=338559"}],"curies":[{"name":"wp","href":"https:\/\/api.w.org\/{rel}","templated":true}]}}