{"id":338575,"date":"2023-01-13T05:31:35","date_gmt":"2023-01-13T04:31:35","guid":{"rendered":"https:\/\/www.claret.cat\/llibre\/el-primer-anuncio-9788428821452\/"},"modified":"2024-05-02T07:07:51","modified_gmt":"2024-05-02T05:07:51","slug":"el-primer-anuncio-9788428821452","status":"publish","type":"product","link":"https:\/\/www.claret.cat\/es\/libro\/el-primer-anuncio-9788428821452\/","title":{"rendered":"EL PRIMER ANUNCIO"},"content":{"rendered":"","protected":false},"excerpt":{"rendered":"<p>MORLANS, XAVIER<\/p>\n","protected":false},"featured_media":0,"template":"","meta":{"_acf_changed":false,"om_disable_all_campaigns":false,"rs_blank_template":"","rs_page_bg_color":"","slide_template_v7":"","inline_featured_image":false,"_monsterinsights_skip_tracking":false,"_monsterinsights_sitenote_active":false,"_monsterinsights_sitenote_note":"","_monsterinsights_sitenote_category":0},"product_brand":[],"product_cat":[90,540],"product_tag":[],"class_list":{"0":"post-338575","1":"product","2":"type-product","3":"status-publish","5":"product_cat-altres","6":"product_cat-otros","8":"first","9":"instock","10":"taxable","11":"shipping-taxable","12":"purchasable","13":"product-type-simple"},"acf":{"editorial":[{"ID":6335,"post_author":"3","post_date":"2022-07-28 17:49:59","post_date_gmt":"2022-07-28 15:49:59","post_content":"","post_title":"PPC altres","post_excerpt":"","post_status":"publish","comment_status":"closed","ping_status":"closed","post_password":"","post_name":"ppc-altres","to_ping":"","pinged":"","post_modified":"2022-07-28 17:49:59","post_modified_gmt":"2022-07-28 15:49:59","post_content_filtered":"","post_parent":0,"guid":"http:\/\/dev.claret.cat\/editorial\/ppc-altres\/","menu_order":0,"post_type":"editorial","post_mime_type":"","comment_count":"0","filter":"raw"}],"autores-libros":[{"ID":287856,"post_author":"3","post_date":"2022-12-10 07:02:19","post_date_gmt":"2022-12-10 06:02:19","post_content":"Xavier Morlans i Molina (Llinars del Vall\u00e8s 1949) \u00e9s professor em\u00e8rit de la Facultat de Teologia de Catalunya, consultor del dicasteri per a l\u2019Evangelitzaci\u00f3, Missioner de la Miseric\u00f2rdia, i vicari de la parr\u00f2quia Hospital de Campanya de Sta. Anna de Barcelona. Ha fet tamb\u00e9 interessants aportacions en el terreny de la recerca de nous llenguatges art\u00edstics, musicals i audiovisuals per a l\u2019Evangelitzaci\u00f3.","post_title":"XAVIER MORLANS","post_excerpt":"","post_status":"publish","comment_status":"closed","ping_status":"closed","post_password":"","post_name":"xavier-morlans","to_ping":"","pinged":"","post_modified":"2024-03-18 18:56:00","post_modified_gmt":"2024-03-18 17:56:00","post_content_filtered":"","post_parent":0,"guid":"http:\/\/dev.claret.cat\/autor\/xavier-morlans\/","menu_order":0,"post_type":"autor","post_mime_type":"","comment_count":"0","filter":"raw"}],"autor":"MORLANS, XAVIER","codart":"842882145","libros-coleccion":"","ediciones":"1","encuadernacion":"R\u00fastica","fecha_de_publicacion":"22\/10\/2009","novedad":"0","paginas":"207","subtitulo":"EL ESLAB\u00d3N PERDIDO","orden":"999","portada":"0","idioma":"spa"},"aioseo_notices":[],"_links":{"self":[{"href":"https:\/\/www.claret.cat\/es\/wp-json\/wp\/v2\/product\/338575","targetHints":{"allow":["GET"]}}],"collection":[{"href":"https:\/\/www.claret.cat\/es\/wp-json\/wp\/v2\/product"}],"about":[{"href":"https:\/\/www.claret.cat\/es\/wp-json\/wp\/v2\/types\/product"}],"wp:attachment":[{"href":"https:\/\/www.claret.cat\/es\/wp-json\/wp\/v2\/media?parent=338575"}],"wp:term":[{"taxonomy":"product_brand","embeddable":true,"href":"https:\/\/www.claret.cat\/es\/wp-json\/wp\/v2\/product_brand?post=338575"},{"taxonomy":"product_cat","embeddable":true,"href":"https:\/\/www.claret.cat\/es\/wp-json\/wp\/v2\/product_cat?post=338575"},{"taxonomy":"product_tag","embeddable":true,"href":"https:\/\/www.claret.cat\/es\/wp-json\/wp\/v2\/product_tag?post=338575"}],"curies":[{"name":"wp","href":"https:\/\/api.w.org\/{rel}","templated":true}]}}